{"id":12250,"date":"2020-04-24T16:28:26","date_gmt":"2020-04-24T16:28:26","guid":{"rendered":"https:\/\/chgeol.org\/?page_id=12250"},"modified":"2022-12-08T15:05:12","modified_gmt":"2022-12-08T13:05:12","slug":"factsheets","status":"publish","type":"page","link":"https:\/\/chgeol.org\/fr\/services\/factsheets\/","title":{"rendered":"Factsheets"},"content":{"rendered":"<div id=\"pl-12250\"  class=\"panel-layout\" ><div id=\"pg-12250-0\"  class=\"panel-grid panel-has-style\" ><div class=\"section_title  panel-row-style panel-row-style-for-12250-0\" ><div id=\"pgc-12250-0-0\"  class=\"panel-grid-cell\" ><div id=\"panel-12250-0-0-0\" class=\"so-panel widget widget_sow-editor panel-first-child panel-last-child\" data-index=\"0\" ><div class=\"servicesSection  panel-widget-style panel-widget-style-for-12250-0-0-0\" ><div\n\t\t\t\n\t\t\tclass=\"so-widget-sow-editor so-widget-sow-editor-base\"\n\t\t\t\n\t\t><h3 class=\"widget-title\">Factsheets<\/h3>\n<div class=\"siteorigin-widget-tinymce textwidget\">\n\t<p>Le <a href=\"https:\/\/chgeol.org\/verband\/ressort-qmr\/\">service qualit\u00e9, march\u00e9 et affaires juridiques<\/a> produit en permanence des fiches d'information (factsheets) sur des produits pertinents qui font partie du travail quotidien de nombreuses et nombreux g\u00e9ologues. L'objectif des fiches est de garantir un niveau de qualit\u00e9 \u00e9lev\u00e9 et uniforme.<\/p>\n<section data-target=\"section1\" data-section-menu=\"Bohrprofil\"><\/section>\n<section data-target=\"section2\" data-section-menu=\"Geologischer Schnitt\"><\/section>\n<\/div>\n<\/div><\/div><\/div><\/div><\/div><\/div><div id=\"pg-12250-1\"  class=\"panel-grid panel-has-style\" ><div class=\"iconList panel-row-style panel-row-style-for-12250-1\" id=\"section1\" ><div id=\"pgc-12250-1-0\"  class=\"panel-grid-cell\" ><div id=\"panel-12250-1-0-0\" class=\"so-panel widget widget_sow-editor panel-first-child\" data-index=\"1\" ><div class=\"servicesSection  panel-widget-style panel-widget-style-for-12250-1-0-0\" ><div\n\t\t\t\n\t\t\tclass=\"so-widget-sow-editor so-widget-sow-editor-base\"\n\t\t\t\n\t\t>\n<div class=\"siteorigin-widget-tinymce textwidget\">\n\t<h6 class=\"certTitle\">Profil de forage g\u00e9ologique<\/h6>\n<\/div>\n<\/div><\/div><\/div><div id=\"panel-12250-1-0-1\" class=\"so-panel widget widget_sow-button panel-last-child\" data-index=\"2\" ><div class=\"button_special panel-widget-style panel-widget-style-for-12250-1-0-1\" ><div\n\t\t\t\n\t\t\tclass=\"so-widget-sow-button so-widget-sow-button-atom-144c983c4712-12250\"\n\t\t\t\n\t\t><div class=\"ow-button-base ow-button-align-left\"\n>\n\t\t\t<a\n\t\t\t\t\thref=\"https:\/\/chgeol.org\/wp-content\/uploads\/2022\/12\/Best-practice_Geologisches-Bohrprofil.pdf\"\n\t\t\t\t\tclass=\"sowb-button ow-icon-placement-left ow-button-hover\" \t>\n\t\t<span>\n\t\t\t\n\t\t\tProfil de forage\t\t<\/span>\n\t\t\t<\/a>\n\t<\/div>\n<\/div><\/div><\/div><\/div><div id=\"pgc-12250-1-1\"  class=\"panel-grid-cell\" ><div id=\"panel-12250-1-1-0\" class=\"so-panel widget widget_sow-editor panel-first-child panel-last-child\" data-index=\"3\" ><div class=\"servicesSection  panel-widget-style panel-widget-style-for-12250-1-1-0\" ><div\n\t\t\t\n\t\t\tclass=\"so-widget-sow-editor so-widget-sow-editor-base\"\n\t\t\t\n\t\t>\n<div class=\"siteorigin-widget-tinymce textwidget\">\n\t<p class=\"certTitle02\">Le profil de forage g\u00e9ologique constitue la base de nouvelles interpr\u00e9tations g\u00e9ologiques et d'avis d'experts. Gr\u00e2ce \u00e0 une visualisation clairement structur\u00e9e, les faits pertinents sont faciles \u00e0 comprendre. La fiche des meilleures pratiques de CH<strong>GEOL<\/strong> \"Profil de forage g\u00e9ologique\" r\u00e9sume les informations et les conseils n\u00e9cessaires. Il fait \u00e9galement r\u00e9f\u00e9rence \u00e0 d'autres normes, lignes directrices et ouvrages sur ce sujet.<\/p>\n<\/div>\n<\/div><\/div><\/div><\/div><\/div><\/div><div id=\"pg-12250-2\"  class=\"panel-grid panel-has-style\" ><div class=\"iconList panel-row-style panel-row-style-for-12250-2\" ><div id=\"pgc-12250-2-0\"  class=\"panel-grid-cell\" ><div id=\"panel-12250-2-0-0\" class=\"so-panel widget widget_sow-editor panel-first-child panel-last-child\" data-index=\"4\" ><div class=\"servicesSection  panel-widget-style panel-widget-style-for-12250-2-0-0\" ><div\n\t\t\t\n\t\t\tclass=\"so-widget-sow-editor so-widget-sow-editor-base\"\n\t\t\t\n\t\t>\n<div class=\"siteorigin-widget-tinymce textwidget\">\n\t<\/div>\n<\/div><\/div><\/div><\/div><\/div><\/div><div id=\"pg-12250-3\"  class=\"panel-grid panel-has-style\" ><div class=\"iconList panel-row-style panel-row-style-for-12250-3\" id=\"section2\" ><div id=\"pgc-12250-3-0\"  class=\"panel-grid-cell\" ><div id=\"panel-12250-3-0-0\" class=\"so-panel widget widget_sow-editor panel-first-child\" data-index=\"5\" ><div class=\"servicesSection  panel-widget-style panel-widget-style-for-12250-3-0-0\" ><div\n\t\t\t\n\t\t\tclass=\"so-widget-sow-editor so-widget-sow-editor-base\"\n\t\t\t\n\t\t>\n<div class=\"siteorigin-widget-tinymce textwidget\">\n\t<h6 class=\"certTitle\">Coupe g\u00e9ologique pour<\/h6>\n<h6 class=\"certTitle\">l'expertise du sous-sol<\/h6>\n<\/div>\n<\/div><\/div><\/div><div id=\"panel-12250-3-0-1\" class=\"so-panel widget widget_sow-button panel-last-child\" data-index=\"6\" ><div class=\"button_special panel-widget-style panel-widget-style-for-12250-3-0-1\" ><div\n\t\t\t\n\t\t\tclass=\"so-widget-sow-button so-widget-sow-button-atom-144c983c4712-12250\"\n\t\t\t\n\t\t><div class=\"ow-button-base ow-button-align-left\"\n>\n\t\t\t<a\n\t\t\t\t\thref=\"https:\/\/chgeol.org\/wp-content\/uploads\/2022\/12\/Best-practice_Geologischer-Schnitt.pdf\"\n\t\t\t\t\tclass=\"sowb-button ow-icon-placement-left ow-button-hover\" \t>\n\t\t<span>\n\t\t\t\n\t\t\tCoupe g\u00e9ologique\t\t<\/span>\n\t\t\t<\/a>\n\t<\/div>\n<\/div><\/div><\/div><\/div><div id=\"pgc-12250-3-1\"  class=\"panel-grid-cell\" ><div id=\"panel-12250-3-1-0\" class=\"so-panel widget widget_sow-editor panel-first-child panel-last-child\" data-index=\"7\" ><div class=\"servicesSection  panel-widget-style panel-widget-style-for-12250-3-1-0\" ><div\n\t\t\t\n\t\t\tclass=\"so-widget-sow-editor so-widget-sow-editor-base\"\n\t\t\t\n\t\t>\n<div class=\"siteorigin-widget-tinymce textwidget\">\n\t<p class=\"certTitle02\">La coupe g\u00e9ologique est indispensable pour l'\u00e9valuation du terrain \u00e0 b\u00e2tir en g\u00e9n\u00e9ral et pour la d\u00e9rivation des mod\u00e8les de risques. La fiche des meilleures pratiques du CH<strong>GEOL<\/strong> \"Section g\u00e9ologique\" r\u00e9sume les informations et l'assistance n\u00e9cessaires. En outre, il est fait r\u00e9f\u00e9rence \u00e0 d'autres normes, lignes directrices et documents sur ce sujet.<\/p>\n<\/div>\n<\/div><\/div><\/div><\/div><\/div><\/div><div id=\"pg-12250-4\"  class=\"panel-grid panel-has-style\" ><div class=\"iconList panel-row-style panel-row-style-for-12250-4\" ><div id=\"pgc-12250-4-0\"  class=\"panel-grid-cell\" ><div id=\"panel-12250-4-0-0\" class=\"so-panel widget widget_sow-editor panel-first-child panel-last-child\" data-index=\"8\" ><div class=\"servicesSection  panel-widget-style panel-widget-style-for-12250-4-0-0\" ><div\n\t\t\t\n\t\t\tclass=\"so-widget-sow-editor so-widget-sow-editor-base\"\n\t\t\t\n\t\t>\n<div class=\"siteorigin-widget-tinymce textwidget\">\n\t<\/div>\n<\/div><\/div><\/div><\/div><\/div><\/div><\/div>","protected":false},"excerpt":{"rendered":"<p>Le service qualit\u00e9, march\u00e9 et affaires juridiques produit en permanence des fiches d&rsquo;information (factsheets) sur des produits pertinents qui font partie du travail quotidien de nombreuses et nombreux g\u00e9ologues. L&rsquo;objectif des fiches est de garantir un niveau de qualit\u00e9 \u00e9lev\u00e9 &hellip; <a href=\"https:\/\/chgeol.org\/fr\/services\/factsheets\/\">Continuer la lecture <span class=\"meta-nav\">&rarr;<\/span><\/a><\/p>\n","protected":false},"author":814,"featured_media":0,"parent":9640,"menu_order":0,"comment_status":"closed","ping_status":"closed","template":"","meta":{"_acf_changed":false,"inline_featured_image":false,"footnotes":""},"class_list":["post-12250","page","type-page","status-publish","hentry"],"acf":[],"_links":{"self":[{"href":"https:\/\/chgeol.org\/fr\/wp-json\/wp\/v2\/pages\/12250","targetHints":{"allow":["GET"]}}],"collection":[{"href":"https:\/\/chgeol.org\/fr\/wp-json\/wp\/v2\/pages"}],"about":[{"href":"https:\/\/chgeol.org\/fr\/wp-json\/wp\/v2\/types\/page"}],"author":[{"embeddable":true,"href":"https:\/\/chgeol.org\/fr\/wp-json\/wp\/v2\/users\/814"}],"replies":[{"embeddable":true,"href":"https:\/\/chgeol.org\/fr\/wp-json\/wp\/v2\/comments?post=12250"}],"version-history":[{"count":14,"href":"https:\/\/chgeol.org\/fr\/wp-json\/wp\/v2\/pages\/12250\/revisions"}],"predecessor-version":[{"id":27664,"href":"https:\/\/chgeol.org\/fr\/wp-json\/wp\/v2\/pages\/12250\/revisions\/27664"}],"up":[{"embeddable":true,"href":"https:\/\/chgeol.org\/fr\/wp-json\/wp\/v2\/pages\/9640"}],"wp:attachment":[{"href":"https:\/\/chgeol.org\/fr\/wp-json\/wp\/v2\/media?parent=12250"}],"curies":[{"name":"wp","href":"https:\/\/api.w.org\/{rel}","templated":true}]}}