{"id":12505,"date":"2020-05-28T15:03:35","date_gmt":"2020-05-28T15:03:35","guid":{"rendered":"https:\/\/chgeol.org\/?page_id=12505"},"modified":"2025-02-20T10:02:56","modified_gmt":"2025-02-20T08:02:56","slug":"geoshop","status":"publish","type":"page","link":"https:\/\/chgeol.org\/fr\/services\/geoshop\/","title":{"rendered":"G\u00e9oshop"},"content":{"rendered":"<div id=\"pl-12505\"  class=\"panel-layout\" ><div id=\"pg-12505-0\"  class=\"panel-grid panel-has-style\" ><div class=\"section_title  panel-row-style panel-row-style-for-12505-0\" ><div id=\"pgc-12505-0-0\"  class=\"panel-grid-cell\" ><div id=\"panel-12505-0-0-0\" class=\"so-panel widget widget_sow-editor panel-first-child panel-last-child\" data-index=\"0\" ><div class=\"servicesSection  panel-widget-style panel-widget-style-for-12505-0-0-0\" ><div\n\t\t\t\n\t\t\tclass=\"so-widget-sow-editor so-widget-sow-editor-base\"\n\t\t\t\n\t\t><h3 class=\"widget-title\">Mat\u00e9riel pour les g\u00e9ologues<\/h3>\n<div class=\"siteorigin-widget-tinymce textwidget\">\n\t<\/div>\n<\/div><\/div><\/div><\/div><\/div><\/div><div id=\"pg-12505-1\"  class=\"panel-grid panel-has-style\" ><div class=\"iconList panel-row-style panel-row-style-for-12505-1\" ><div id=\"pgc-12505-1-0\"  class=\"panel-grid-cell\" ><div id=\"panel-12505-1-0-0\" class=\"so-panel widget widget_sow-image panel-first-child panel-last-child\" data-index=\"1\" ><div\n\t\t\t\n\t\t\tclass=\"so-widget-sow-image so-widget-sow-image-default-8b5b6f678277-12505\"\n\t\t\t\n\t\t>\n<div class=\"sow-image-container\">\n\t\t\t<a href=\"#Feldkarte\"\n\t\t\t\t\t>\n\t\t\t<img \n\tsrc=\"https:\/\/chgeol.org\/wp-content\/uploads\/2020\/07\/feldkarte-fr.svg\" width=\"1\" height=\"1\" sizes=\"(max-width: 1px) 100vw, 1px\" title=\"Carte de terrain CHGEOL\" alt=\"\" \t\tclass=\"so-widget-image\"\/>\n\t\t\t<\/a><\/div>\n\n<h3 class=\"widget-title\">Carte de terrain CHGEOL<\/h3><\/div><\/div><\/div><div id=\"pgc-12505-1-1\"  class=\"panel-grid-cell\" ><div id=\"panel-12505-1-1-0\" class=\"so-panel widget widget_sow-image panel-first-child panel-last-child\" data-index=\"2\" ><div\n\t\t\t\n\t\t\tclass=\"so-widget-sow-image so-widget-sow-image-default-8b5b6f678277-12505\"\n\t\t\t\n\t\t>\n<div class=\"sow-image-container\">\n\t\t\t<a href=\"#Schild\"\n\t\t\t\t\t>\n\t\t\t<img \n\tsrc=\"https:\/\/chgeol.org\/wp-content\/uploads\/2020\/07\/schild-geologein-im-dienst-fr.svg\" width=\"1\" height=\"1\" sizes=\"(max-width: 1px) 100vw, 1px\" title=\"Affiche du g\u00e9ologue en service\" alt=\"\" \t\tclass=\"so-widget-image\"\/>\n\t\t\t<\/a><\/div>\n\n<h3 class=\"widget-title\">Affiche du g\u00e9ologue en service<\/h3><\/div><\/div><\/div><div id=\"pgc-12505-1-2\"  class=\"panel-grid-cell\" ><div id=\"panel-12505-1-2-0\" class=\"so-panel widget widget_sow-image panel-first-child panel-last-child\" data-index=\"3\" ><div\n\t\t\t\n\t\t\tclass=\"so-widget-sow-image so-widget-sow-image-default-8b5b6f678277-12505\"\n\t\t\t\n\t\t>\n<div class=\"sow-image-container\">\n\t\t\t<a href=\"#Feldmaterial_ETH\"\n\t\t\t\t\t>\n\t\t\t<img \n\tsrc=\"https:\/\/chgeol.org\/wp-content\/uploads\/2023\/02\/Kreis_Materiel_de_terrain.png\" width=\"358\" height=\"358\" srcset=\"https:\/\/chgeol.org\/wp-content\/uploads\/2023\/02\/Kreis_Materiel_de_terrain.png 358w, https:\/\/chgeol.org\/wp-content\/uploads\/2023\/02\/Kreis_Materiel_de_terrain-300x300.png 300w, https:\/\/chgeol.org\/wp-content\/uploads\/2023\/02\/Kreis_Materiel_de_terrain-150x150.png 150w\" sizes=\"(max-width: 358px) 100vw, 358px\" title=\"Mat\u00e9riel de terrain GMF - Uni Bern\" alt=\"\" \t\tclass=\"so-widget-image\"\/>\n\t\t\t<\/a><\/div>\n\n<h3 class=\"widget-title\">Mat\u00e9riel de terrain GMF - Uni Bern<\/h3><\/div><\/div><\/div><\/div><\/div><div id=\"pg-12505-2\"  class=\"panel-grid panel-has-style\" ><div class=\"iconList panel-row-style panel-row-style-for-12505-2\" ><div id=\"pgc-12505-2-0\"  class=\"panel-grid-cell\" ><div id=\"panel-12505-2-0-0\" class=\"so-panel widget widget_sow-editor panel-first-child panel-last-child\" data-index=\"4\" ><div class=\"servicesSection  panel-widget-style panel-widget-style-for-12505-2-0-0\" ><div\n\t\t\t\n\t\t\tclass=\"so-widget-sow-editor so-widget-sow-editor-base\"\n\t\t\t\n\t\t>\n<div class=\"siteorigin-widget-tinymce textwidget\">\n\t<\/div>\n<\/div><\/div><\/div><\/div><\/div><\/div><div id=\"pg-12505-3\"  class=\"panel-grid panel-has-style\" ><div class=\"iconList panel-row-style panel-row-style-for-12505-3\" ><div id=\"pgc-12505-3-0\"  class=\"panel-grid-cell\" ><div id=\"panel-12505-3-0-0\" class=\"so-panel widget widget_sow-editor panel-first-child\" data-index=\"5\" ><div class=\"servicesSection  panel-widget-style panel-widget-style-for-12505-3-0-0\" id=\"Feldkarte\" ><div\n\t\t\t\n\t\t\tclass=\"so-widget-sow-editor so-widget-sow-editor-base\"\n\t\t\t\n\t\t>\n<div class=\"siteorigin-widget-tinymce textwidget\">\n\t<h6 class=\"certTitle\">Carte de terrain CH<strong>GEOL<\/strong><\/h6>\n<\/div>\n<\/div><\/div><\/div><div id=\"panel-12505-3-0-1\" class=\"so-panel widget widget_sow-button panel-last-child\" data-index=\"6\" ><div class=\"button_special panel-widget-style panel-widget-style-for-12505-3-0-1\" ><div\n\t\t\t\n\t\t\tclass=\"so-widget-sow-button so-widget-sow-button-atom-144c983c4712-12505\"\n\t\t\t\n\t\t><div class=\"ow-button-base ow-button-align-left\"\n>\n\t\t\t<a\n\t\t\t\t\thref=\"https:\/\/chgeol.org\/wp-content\/uploads\/2012\/05\/feldkarte_chgeol_a6.pdf\"\n\t\t\t\t\tclass=\"sowb-button ow-icon-placement-left ow-button-hover\" \t>\n\t\t<span>\n\t\t\t\n\t\t\tDownload carte de terrain (PDF)\t\t<\/span>\n\t\t\t<\/a>\n\t<\/div>\n<\/div><\/div><\/div><\/div><div id=\"pgc-12505-3-1\"  class=\"panel-grid-cell\" ><div id=\"panel-12505-3-1-0\" class=\"so-panel widget widget_sow-editor panel-first-child panel-last-child\" data-index=\"7\" ><div class=\"servicesSection  panel-widget-style panel-widget-style-for-12505-3-1-0\" ><div\n\t\t\t\n\t\t\tclass=\"so-widget-sow-editor so-widget-sow-editor-base\"\n\t\t\t\n\t\t>\n<div class=\"siteorigin-widget-tinymce textwidget\">\n\t<p><strong>Description<\/strong><\/p>\n<p>Aide pour les relev\u00e9s g\u00e9ologiques sur le terrain<\/p>\n<p>en 3 langues, PVC robuste, imperm\u00e9able, impression r\u00e9sistante aux UV avec diff\u00e9rentes \u00e9chelles, graduations et images de comparaison<\/p>\n<p>&nbsp;<\/p>\n<p><strong>Prix<\/strong><\/p>\n<p>Membres: gratuit avec une enveloppe-r\u00e9ponse affranchie<br \/>\nMembres et universit\u00e9s suisses: 1.50.- CHF \/ pce<br \/>\nNon-membres: CHF 3.- \/ pce.<\/p>\n<p>&nbsp;<\/p>\n<p><strong>Commande<\/strong><\/p>\n<p>Par courrier \u00e9lectronique au <a href=\"https:\/\/chgeol.org\/kontakt\/\">bureau de CH<strong>GEOL<\/strong><\/a>: <a href=\"m&#97;&#105;&#108;&#x74;&#x6f;&#x3a;in&#102;&#111;&#x40;&#x63;&#x68;&#x67;eo&#108;&#46;&#x6f;&#x72;&#x67;\">&#x69;&#110;&#102;o&#x40;&#x63;&#104;g&#x65;&#x6f;&#108;&#46;&#x6f;&#x72;&#103;<\/a><\/p>\n<p>&nbsp;<\/p>\n<p><strong>Download<\/strong><\/p>\n<p>gratuit en PDF (voir Button)<\/p>\n<\/div>\n<\/div><\/div><\/div><\/div><\/div><\/div><div id=\"pg-12505-4\"  class=\"panel-grid panel-has-style\" ><div class=\"iconList panel-row-style panel-row-style-for-12505-4\" ><div id=\"pgc-12505-4-0\"  class=\"panel-grid-cell\" ><div id=\"panel-12505-4-0-0\" class=\"so-panel widget widget_sow-editor panel-first-child\" data-index=\"8\" ><div class=\"servicesSection  panel-widget-style panel-widget-style-for-12505-4-0-0\" id=\"Schild\" ><div\n\t\t\t\n\t\t\tclass=\"so-widget-sow-editor so-widget-sow-editor-base\"\n\t\t\t\n\t\t>\n<div class=\"siteorigin-widget-tinymce textwidget\">\n\t<h6 class=\"certTitle\">Affiche de CH<strong>GEOL<\/strong><\/h6>\n<h6 class=\"certTitle\">\"g\u00e9ologue en service\"<\/h6>\n<\/div>\n<\/div><\/div><\/div><div id=\"panel-12505-4-0-1\" class=\"so-panel widget widget_sow-button panel-last-child\" data-index=\"9\" ><div class=\"button_special panel-widget-style panel-widget-style-for-12505-4-0-1\" ><div\n\t\t\t\n\t\t\tclass=\"so-widget-sow-button so-widget-sow-button-atom-144c983c4712-12505\"\n\t\t\t\n\t\t><div class=\"ow-button-base ow-button-align-left\"\n>\n\t\t\t<a\n\t\t\t\t\thref=\"https:\/\/chgeol.org\/wp-content\/uploads\/2020\/01\/Foto_Schild_Geologe-im-Dienst_2020.jpg\"\n\t\t\t\t\tclass=\"sowb-button ow-icon-placement-left ow-button-hover\" \t>\n\t\t<span>\n\t\t\t\n\t\t\tExemple affiche\t\t<\/span>\n\t\t\t<\/a>\n\t<\/div>\n<\/div><\/div><\/div><\/div><div id=\"pgc-12505-4-1\"  class=\"panel-grid-cell\" ><div id=\"panel-12505-4-1-0\" class=\"so-panel widget widget_sow-editor panel-first-child panel-last-child\" data-index=\"10\" ><div class=\"servicesSection  panel-widget-style panel-widget-style-for-12505-4-1-0\" ><div\n\t\t\t\n\t\t\tclass=\"so-widget-sow-editor so-widget-sow-editor-base\"\n\t\t\t\n\t\t>\n<div class=\"siteorigin-widget-tinymce textwidget\">\n\t<p><strong>Description<\/strong><\/p>\n<p>pour le montage dans des v\u00e9hicules de terrain en stationnement, avec des ventouses (amovibles)<br \/>\ndisponible en 4 langues (DE, FR, IT, RM), PVC robuste, \u00e9tanche, avec espace pour attacher des cartes de visite<\/p>\n<p>&nbsp;<\/p>\n<p><strong>Prix<\/strong><\/p>\n<p>Membres: 5.- CHF \/ pce.<br \/>\nNon-membres: 10.- CHF \/ pce.<\/p>\n<p>&nbsp;<\/p>\n<p><strong>Commande<\/strong><\/p>\n<p>Par courrier \u00e9lectronique au <a href=\"https:\/\/chgeol.org\/fr\/contact\/\">bureau de CH<strong>GEOL<\/strong><\/a>: <a href=\"&#x6d;&#x61;&#105;&#108;&#116;o&#x3a;&#x69;&#x6e;&#102;&#111;&#64;c&#x68;&#x67;&#x65;&#111;&#108;&#46;&#x6f;&#x72;&#x67;\">&#x69;&#110;f&#x6f;&#64;c&#x68;&#103;e&#x6f;&#108;&#46;&#x6f;&#114;g<\/a><\/p>\n<\/div>\n<\/div><\/div><\/div><\/div><\/div><\/div><div id=\"pg-12505-5\"  class=\"panel-grid panel-has-style\" ><div class=\"iconList panel-row-style panel-row-style-for-12505-5\" ><div id=\"pgc-12505-5-0\"  class=\"panel-grid-cell\" ><div id=\"panel-12505-5-0-0\" class=\"so-panel widget widget_sow-editor panel-first-child\" data-index=\"11\" ><div class=\"servicesSection  panel-widget-style panel-widget-style-for-12505-5-0-0\" id=\"Feldmaterial_ETH\" ><div\n\t\t\t\n\t\t\tclass=\"so-widget-sow-editor so-widget-sow-editor-base\"\n\t\t\t\n\t\t>\n<div class=\"siteorigin-widget-tinymce textwidget\">\n\t<h6 class=\"certTitle\">Mat\u00e9riel de terrain<\/h6>\n<h6 class=\"certTitle\">GMF<\/h6>\n<\/div>\n<\/div><\/div><\/div><div id=\"panel-12505-5-0-1\" class=\"so-panel widget widget_sow-button panel-last-child\" data-index=\"12\" ><div class=\"button_special panel-widget-style panel-widget-style-for-12505-5-0-1\" ><div\n\t\t\t\n\t\t\tclass=\"so-widget-sow-button so-widget-sow-button-atom-144c983c4712-12505\"\n\t\t\t\n\t\t><div class=\"ow-button-base ow-button-align-left\"\n>\n\t\t\t<a\n\t\t\t\t\thref=\"https:\/\/www.gmf-bern.ch\/shop\"\n\t\t\t\t\tclass=\"sowb-button ow-icon-placement-left ow-button-hover\" target=\"_blank\" rel=\"noopener noreferrer\" \t>\n\t\t<span>\n\t\t\t\n\t\t\tGeoshop GMF\t\t<\/span>\n\t\t\t<\/a>\n\t<\/div>\n<\/div><\/div><\/div><\/div><div id=\"pgc-12505-5-1\"  class=\"panel-grid-cell\" ><div id=\"panel-12505-5-1-0\" class=\"so-panel widget widget_sow-editor panel-first-child panel-last-child\" data-index=\"13\" ><div class=\"servicesSection  panel-widget-style panel-widget-style-for-12505-5-1-0\" ><div\n\t\t\t\n\t\t\tclass=\"so-widget-sow-editor so-widget-sow-editor-base\"\n\t\t\t\n\t\t>\n<div class=\"siteorigin-widget-tinymce textwidget\">\n\t<p><strong>Description<\/strong><\/p>\n<p>Le mat\u00e9riel de terrain peut \u00eatre obtenu aupr\u00e8s de la GMF - Fachschaft Geologie und Mineralogie Studierenden der Universit\u00e4t Bern.<\/p>\n<p>&nbsp;<\/p>\n<p>L'envoi du mat\u00e9riel est exclusivement r\u00e9serv\u00e9 aux membres de CHGEOL.<\/p>\n<p>&nbsp;<\/p>\n<\/div>\n<\/div><\/div><\/div><\/div><\/div><\/div><div id=\"pg-12505-6\"  class=\"panel-grid panel-has-style\" ><div class=\"iconList panel-row-style panel-row-style-for-12505-6\" ><div id=\"pgc-12505-6-0\"  class=\"panel-grid-cell\" ><div id=\"panel-12505-6-0-0\" class=\"so-panel widget widget_sow-editor panel-first-child panel-last-child\" data-index=\"14\" ><div class=\"servicesSection  panel-widget-style panel-widget-style-for-12505-6-0-0\" ><div\n\t\t\t\n\t\t\tclass=\"so-widget-sow-editor so-widget-sow-editor-base\"\n\t\t\t\n\t\t>\n<div class=\"siteorigin-widget-tinymce textwidget\">\n\t<\/div>\n<\/div><\/div><\/div><\/div><\/div><\/div><\/div>","protected":false},"excerpt":{"rendered":"<p>Mat\u00e9riel pour les g\u00e9ologues Carte de terrain CHGEOL Affiche du g\u00e9ologue en service Mat\u00e9riel de terrain GMF &#8211; Uni Bern Carte de terrain CHGEOL Download carte de terrain (PDF) Description Aide pour les relev\u00e9s g\u00e9ologiques sur le terrain en 3 &hellip; <a href=\"https:\/\/chgeol.org\/fr\/services\/geoshop\/\">Continuer la lecture <span class=\"meta-nav\">&rarr;<\/span><\/a><\/p>\n","protected":false},"author":814,"featured_media":0,"parent":9640,"menu_order":0,"comment_status":"closed","ping_status":"closed","template":"","meta":{"_acf_changed":false,"inline_featured_image":false,"footnotes":""},"class_list":["post-12505","page","type-page","status-publish","hentry"],"acf":[],"_links":{"self":[{"href":"https:\/\/chgeol.org\/fr\/wp-json\/wp\/v2\/pages\/12505","targetHints":{"allow":["GET"]}}],"collection":[{"href":"https:\/\/chgeol.org\/fr\/wp-json\/wp\/v2\/pages"}],"about":[{"href":"https:\/\/chgeol.org\/fr\/wp-json\/wp\/v2\/types\/page"}],"author":[{"embeddable":true,"href":"https:\/\/chgeol.org\/fr\/wp-json\/wp\/v2\/users\/814"}],"replies":[{"embeddable":true,"href":"https:\/\/chgeol.org\/fr\/wp-json\/wp\/v2\/comments?post=12505"}],"version-history":[{"count":14,"href":"https:\/\/chgeol.org\/fr\/wp-json\/wp\/v2\/pages\/12505\/revisions"}],"predecessor-version":[{"id":30908,"href":"https:\/\/chgeol.org\/fr\/wp-json\/wp\/v2\/pages\/12505\/revisions\/30908"}],"up":[{"embeddable":true,"href":"https:\/\/chgeol.org\/fr\/wp-json\/wp\/v2\/pages\/9640"}],"wp:attachment":[{"href":"https:\/\/chgeol.org\/fr\/wp-json\/wp\/v2\/media?parent=12505"}],"curies":[{"name":"wp","href":"https:\/\/api.w.org\/{rel}","templated":true}]}}