{"id":12520,"date":"2020-05-28T15:35:47","date_gmt":"2020-05-28T15:35:47","guid":{"rendered":"https:\/\/chgeol.org\/?page_id=12520"},"modified":"2024-06-30T20:28:07","modified_gmt":"2024-06-30T18:28:07","slug":"departement-psr","status":"publish","type":"page","link":"https:\/\/chgeol.org\/fr\/association\/departement-psr\/","title":{"rendered":"D\u00e9partement PSR"},"content":{"rendered":"<div id=\"pl-12520\"  class=\"panel-layout\" ><div id=\"pg-12520-0\"  class=\"panel-grid panel-has-style\" ><div class=\"section_title subpagetitle panel-row-style panel-row-style-for-12520-0\" id=\"section2\" ><div id=\"pgc-12520-0-0\"  class=\"panel-grid-cell\" ><div id=\"panel-12520-0-0-0\" class=\"so-panel widget widget_sow-editor panel-first-child panel-last-child\" data-index=\"0\" ><div class=\"servicesSection  panel-widget-style panel-widget-style-for-12520-0-0-0\" ><div\n\t\t\t\n\t\t\tclass=\"so-widget-sow-editor so-widget-sow-editor-base\"\n\t\t\t\n\t\t><h3 class=\"widget-title\">D\u00e9partement la de politique, de la strat\u00e9gie et des relations ext\u00e9rieures<\/h3>\n<div class=\"siteorigin-widget-tinymce textwidget\">\n\t<div class=\"siteorigin-widget-tinymce textwidget\">\n<p><strong>Membres<\/strong>: Nicole Scheidt (Pr\u00e9sidence), Eric Champod, Johannes Graf, Nina Backman, Michael K\u00f6bberich<\/p>\n<p>&nbsp;<\/p>\n<p>Le d\u00e9partement de la politique, de la strat\u00e9gie et des relations ext\u00e9rieures (PSR) positionne le CH<strong>GEOL<\/strong> dans l'environnement des associations professionnelles, des organisations et des organes de d\u00e9cision politiques. \u00c0 cette fin, elle entretient des contacts \u00e9troits et r\u00e9guliers avec des partenaires strat\u00e9giquement importants tels que la politique, l'administration, les associations et autres organisations du secteur des sciences de la terre, de la planification et de la construction de b\u00e2timents. Gr\u00e2ce \u00e0 ses activit\u00e9s, le d\u00e9partement met en r\u00e9seau ces partenaires sur des sujets pertinents sur le plan professionnel.<\/p>\n<p>&nbsp;<\/p>\n<p>Le d\u00e9partement suit \u00e9galement en permanence les \u00e9v\u00e9nements de la sc\u00e8ne politique (motions et d\u00e9bats au Conseil national et au Conseil des \u00c9tats, initiatives, votes, etc.). En ce qui concerne les questions relatives \u00e0 CH<strong>GEOL<\/strong>, le d\u00e9partement d\u00e9cide s'il est appropri\u00e9 pour CH<strong>GEOL<\/strong> de jouer un r\u00f4le actif. Le d\u00e9partement est \u00e9galement responsable de l'orientation strat\u00e9gique de notre association professionnelle et entretient des relations avec d'autres associations et organisations.<\/p>\n<p>&nbsp;<\/p>\n<p><strong>D\u00e9fis<\/strong><\/p>\n<ul class=\"bulletList\">\n<li>Repr\u00e9sentation de la branche des g\u00e9oscientifiques de la pratique, de la recherche et de l'administration<\/li>\n<li>Mobilisation des membres sur des sujets pertinents pour la profession<\/li>\n<li>Positionnement et \u00e9tablissement de CHGEOL comme l'association professionnelle de tous les g\u00e9ologues en Suisse<\/li>\n<li>Positionnement de CHGEOL dans l'environnement des associations professionnelles, des organisations et des organes de d\u00e9cision politiques<\/li>\n<li>D\u00e9veloppement de visions et d\u00e9finition des futures t\u00e2ches et priorit\u00e9s de CH<strong>GEOL<\/strong><\/li>\n<\/ul>\n<\/div>\n<\/div>\n<\/div><\/div><\/div><\/div><\/div><\/div><\/div>","protected":false},"excerpt":{"rendered":"<p>Membres: Nicole Scheidt (Pr\u00e9sidence), Eric Champod, Johannes Graf, Nina Backman, Michael K\u00f6bberich &nbsp; Le d\u00e9partement de la politique, de la strat\u00e9gie et des relations ext\u00e9rieures (PSR) positionne le CHGEOL dans l&rsquo;environnement des associations professionnelles, des organisations et des organes de &hellip; <a href=\"https:\/\/chgeol.org\/fr\/association\/departement-psr\/\">Continuer la lecture <span class=\"meta-nav\">&rarr;<\/span><\/a><\/p>\n","protected":false},"author":814,"featured_media":0,"parent":9628,"menu_order":0,"comment_status":"closed","ping_status":"closed","template":"","meta":{"_acf_changed":false,"inline_featured_image":false,"footnotes":""},"class_list":["post-12520","page","type-page","status-publish","hentry"],"acf":[],"_links":{"self":[{"href":"https:\/\/chgeol.org\/fr\/wp-json\/wp\/v2\/pages\/12520","targetHints":{"allow":["GET"]}}],"collection":[{"href":"https:\/\/chgeol.org\/fr\/wp-json\/wp\/v2\/pages"}],"about":[{"href":"https:\/\/chgeol.org\/fr\/wp-json\/wp\/v2\/types\/page"}],"author":[{"embeddable":true,"href":"https:\/\/chgeol.org\/fr\/wp-json\/wp\/v2\/users\/814"}],"replies":[{"embeddable":true,"href":"https:\/\/chgeol.org\/fr\/wp-json\/wp\/v2\/comments?post=12520"}],"version-history":[{"count":7,"href":"https:\/\/chgeol.org\/fr\/wp-json\/wp\/v2\/pages\/12520\/revisions"}],"predecessor-version":[{"id":30160,"href":"https:\/\/chgeol.org\/fr\/wp-json\/wp\/v2\/pages\/12520\/revisions\/30160"}],"up":[{"embeddable":true,"href":"https:\/\/chgeol.org\/fr\/wp-json\/wp\/v2\/pages\/9628"}],"wp:attachment":[{"href":"https:\/\/chgeol.org\/fr\/wp-json\/wp\/v2\/media?parent=12520"}],"curies":[{"name":"wp","href":"https:\/\/api.w.org\/{rel}","templated":true}]}}