{"id":12523,"date":"2020-05-28T15:40:50","date_gmt":"2020-05-28T15:40:50","guid":{"rendered":"https:\/\/chgeol.org\/?page_id=12523"},"modified":"2025-06-10T20:12:25","modified_gmt":"2025-06-10T18:12:25","slug":"departement-qma","status":"publish","type":"page","link":"https:\/\/chgeol.org\/fr\/association\/departement-qma\/","title":{"rendered":"D\u00e9partement QMA"},"content":{"rendered":"<div id=\"pl-12523\"  class=\"panel-layout\" ><div id=\"pg-12523-0\"  class=\"panel-grid panel-has-style\" ><div class=\"section_title subpagetitle panel-row-style panel-row-style-for-12523-0\" id=\"section2\" ><div id=\"pgc-12523-0-0\"  class=\"panel-grid-cell\" ><div id=\"panel-12523-0-0-0\" class=\"so-panel widget widget_sow-editor panel-first-child panel-last-child\" data-index=\"0\" ><div class=\"servicesSection  panel-widget-style panel-widget-style-for-12523-0-0-0\" ><div\n\t\t\t\n\t\t\tclass=\"so-widget-sow-editor so-widget-sow-editor-base\"\n\t\t\t\n\t\t><h3 class=\"widget-title\">D\u00e9partement de la qualit\u00e9, du march\u00e9 et des affaires juridiques<\/h3>\n<div class=\"siteorigin-widget-tinymce textwidget\">\n\t<div class=\"siteorigin-widget-tinymce textwidget\">\n<p><strong>Membres<\/strong>: Rahel Egli (directrice), Anja Fankhauser, Christoph Haemmig, Peter Hartmann, Michael Stockmeyer, Michael von der Crone, Lea Kiefer<\/p>\n<p>&nbsp;<\/p>\n<p>Le d\u00e9partement de la qualit\u00e9, du march\u00e9 et des affaires juridiques (QMR) s'est engag\u00e9 \u00e0 am\u00e9liorer les conditions \u00e9conomiques pour les g\u00e9oscientifiques. Elle participe activement \u00e0 l'am\u00e9lioration de la qualit\u00e9 des travaux en sciences de la terre. En outre, elle cr\u00e9e la base de services durables, de meilleures conditions d'emploi et d'un cadre juridique et technique optimal pour ses membres.<\/p>\n<p>&nbsp;<\/p>\n<p class=\"certTitle02\"><strong>D\u00e9fis<\/strong><\/p>\n<p>&nbsp;<\/p>\n<p>Qualit\u00e9:<\/p>\n<ul class=\"bulletList\">\n<li>Analyses des probl\u00e8mes concernant la qualit\u00e9, notamment du point de vue du client<\/li>\n<li>R\u00e9vision des syst\u00e8mes d'incitation (par exemple, <a href=\"https:\/\/chgeol.org\/fr\/adhesion\/\">l'adh\u00e9sion \u00e0 CH<strong>GEOL<\/strong><\/a>)<\/li>\n<\/ul>\n<p>&nbsp;<\/p>\n<p>March\u00e9:<\/p>\n<ul class=\"bulletList\">\n<li>Entretien des contacts avec d'importants clients publics et priv\u00e9s<\/li>\n<li>Entretien des contacts avec les principaux employeurs des g\u00e9oscientifiques<\/li>\n<li>Suivi du niveau du salaire des g\u00e9oscientifiques en stage<\/li>\n<li>Suivi des changements dans le syst\u00e8me de normes<\/li>\n<\/ul>\n<\/div>\n<p>&nbsp;<\/p>\n<p>Droit:<\/p>\n<ul class=\"bulletList\">\n<li>Suivi de la juridiction sectorielle pertinente<\/li>\n<li>Suivi de la l\u00e9gislation applicable \u00e0 la branche (r\u00e8glements, directives) et de ses modifications<\/li>\n<li>R\u00e9vision des consultations g\u00e9n\u00e9rales d'int\u00e9r\u00eat national sur des sujets li\u00e9s aux sciences de la terre<\/li>\n<\/ul>\n<\/div>\n<\/div><\/div><\/div><\/div><\/div><\/div><\/div>","protected":false},"excerpt":{"rendered":"<p>Membres: Rahel Egli (directrice), Anja Fankhauser, Christoph Haemmig, Peter Hartmann, Michael Stockmeyer, Michael von der Crone, Lea Kiefer &nbsp; Le d\u00e9partement de la qualit\u00e9, du march\u00e9 et des affaires juridiques (QMR) s&rsquo;est engag\u00e9 \u00e0 am\u00e9liorer les conditions \u00e9conomiques pour les &hellip; <a href=\"https:\/\/chgeol.org\/fr\/association\/departement-qma\/\">Continuer la lecture <span class=\"meta-nav\">&rarr;<\/span><\/a><\/p>\n","protected":false},"author":814,"featured_media":0,"parent":9628,"menu_order":0,"comment_status":"closed","ping_status":"closed","template":"","meta":{"_acf_changed":false,"inline_featured_image":false,"footnotes":""},"class_list":["post-12523","page","type-page","status-publish","hentry"],"acf":[],"_links":{"self":[{"href":"https:\/\/chgeol.org\/fr\/wp-json\/wp\/v2\/pages\/12523","targetHints":{"allow":["GET"]}}],"collection":[{"href":"https:\/\/chgeol.org\/fr\/wp-json\/wp\/v2\/pages"}],"about":[{"href":"https:\/\/chgeol.org\/fr\/wp-json\/wp\/v2\/types\/page"}],"author":[{"embeddable":true,"href":"https:\/\/chgeol.org\/fr\/wp-json\/wp\/v2\/users\/814"}],"replies":[{"embeddable":true,"href":"https:\/\/chgeol.org\/fr\/wp-json\/wp\/v2\/comments?post=12523"}],"version-history":[{"count":9,"href":"https:\/\/chgeol.org\/fr\/wp-json\/wp\/v2\/pages\/12523\/revisions"}],"predecessor-version":[{"id":27548,"href":"https:\/\/chgeol.org\/fr\/wp-json\/wp\/v2\/pages\/12523\/revisions\/27548"}],"up":[{"embeddable":true,"href":"https:\/\/chgeol.org\/fr\/wp-json\/wp\/v2\/pages\/9628"}],"wp:attachment":[{"href":"https:\/\/chgeol.org\/fr\/wp-json\/wp\/v2\/media?parent=12523"}],"curies":[{"name":"wp","href":"https:\/\/api.w.org\/{rel}","templated":true}]}}