{"id":12525,"date":"2020-05-28T15:44:09","date_gmt":"2020-05-28T15:44:09","guid":{"rendered":"https:\/\/chgeol.org\/?page_id=12525"},"modified":"2021-03-25T15:03:45","modified_gmt":"2021-03-25T15:03:45","slug":"departement-er","status":"publish","type":"page","link":"https:\/\/chgeol.org\/fr\/association\/departement-er\/","title":{"rendered":"D\u00e9partement ER"},"content":{"rendered":"<div id=\"pl-12525\"  class=\"panel-layout\" ><div id=\"pg-12525-0\"  class=\"panel-grid panel-has-style\" ><div class=\"section_title  panel-row-style panel-row-style-for-12525-0\" ><div id=\"pgc-12525-0-0\"  class=\"panel-grid-cell\" ><div id=\"panel-12525-0-0-0\" class=\"so-panel widget widget_sow-editor panel-first-child panel-last-child\" data-index=\"0\" ><div class=\"servicesSection  panel-widget-style panel-widget-style-for-12525-0-0-0\" ><div\n\t\t\t\n\t\t\tclass=\"so-widget-sow-editor so-widget-sow-editor-base\"\n\t\t\t\n\t\t><h3 class=\"widget-title\">D\u00e9partement de l\u2019\u00e9ducation et de la recherche<\/h3>\n<div class=\"siteorigin-widget-tinymce textwidget\">\n\t<div class=\"siteorigin-widget-tinymce textwidget\">\n<p><strong>Membres<\/strong>: Beno\u00eet Valley (Pr\u00e9sidence)<\/p>\n<p>&nbsp;<\/p>\n<p>Le d\u00e9partement de l\u2019\u00e9ducation et de la recherche (BF) encourage l'\u00e9change entre les \u00e9tablissements de formation, les bureaux priv\u00e9s et les administrations. Ces \u00e9changes visent \u00e0 optimiser l'adaptation des cours de formation aux besoins du march\u00e9 et \u00e0 faciliter le transfert de nouvelles connaissances dans la pratique. La promotion de la coordination des cours de formation continue pour assurer leur pertinence par rapport \u00e0 la sc\u00e8ne g\u00e9ologique est \u00e9galement l'une des activit\u00e9s du d\u00e9partement.<\/p>\n<p>&nbsp;<\/p>\n<p>Elle promeut et organise \u00e9galement des activit\u00e9s qui permettent aux g\u00e9ologues en formation d'\u00e9largir leur r\u00e9seau et de faciliter ainsi leur entr\u00e9e dans le monde professionnel. Enfin, le d\u00e9partement coordonne le jury de<a href=\"https:\/\/chgeol.org\/fr\/chgeol-award\/\"> l\u2019Award CH<strong>GEOL<\/strong><\/a>, un prix qui r\u00e9compense chaque ann\u00e9e une th\u00e8se de doctorat et un travail de Master en rapport avec la pratique.<\/p>\n<p>&nbsp;<\/p>\n<p><strong>D\u00e9fis<\/strong><\/p>\n<ul class=\"bulletList\">\n<li>Promotion des \u00e9changes entre les \u00e9tablissements d'enseignement et les professionnels<\/li>\n<li>Facilitation de l'entr\u00e9e dans le monde professionnel<\/li>\n<\/ul>\n<\/div>\n<\/div>\n<\/div><\/div><\/div><\/div><\/div><\/div><\/div>","protected":false},"excerpt":{"rendered":"<p>Membres: Beno\u00eet Valley (Pr\u00e9sidence) &nbsp; Le d\u00e9partement de l\u2019\u00e9ducation et de la recherche (BF) encourage l&rsquo;\u00e9change entre les \u00e9tablissements de formation, les bureaux priv\u00e9s et les administrations. Ces \u00e9changes visent \u00e0 optimiser l&rsquo;adaptation des cours de formation aux besoins du &hellip; <a href=\"https:\/\/chgeol.org\/fr\/association\/departement-er\/\">Continuer la lecture <span class=\"meta-nav\">&rarr;<\/span><\/a><\/p>\n","protected":false},"author":814,"featured_media":0,"parent":9628,"menu_order":0,"comment_status":"closed","ping_status":"closed","template":"","meta":{"_acf_changed":false,"inline_featured_image":false,"footnotes":""},"class_list":["post-12525","page","type-page","status-publish","hentry"],"acf":[],"_links":{"self":[{"href":"https:\/\/chgeol.org\/fr\/wp-json\/wp\/v2\/pages\/12525","targetHints":{"allow":["GET"]}}],"collection":[{"href":"https:\/\/chgeol.org\/fr\/wp-json\/wp\/v2\/pages"}],"about":[{"href":"https:\/\/chgeol.org\/fr\/wp-json\/wp\/v2\/types\/page"}],"author":[{"embeddable":true,"href":"https:\/\/chgeol.org\/fr\/wp-json\/wp\/v2\/users\/814"}],"replies":[{"embeddable":true,"href":"https:\/\/chgeol.org\/fr\/wp-json\/wp\/v2\/comments?post=12525"}],"version-history":[{"count":2,"href":"https:\/\/chgeol.org\/fr\/wp-json\/wp\/v2\/pages\/12525\/revisions"}],"predecessor-version":[{"id":13831,"href":"https:\/\/chgeol.org\/fr\/wp-json\/wp\/v2\/pages\/12525\/revisions\/13831"}],"up":[{"embeddable":true,"href":"https:\/\/chgeol.org\/fr\/wp-json\/wp\/v2\/pages\/9628"}],"wp:attachment":[{"href":"https:\/\/chgeol.org\/fr\/wp-json\/wp\/v2\/media?parent=12525"}],"curies":[{"name":"wp","href":"https:\/\/api.w.org\/{rel}","templated":true}]}}