{"id":12529,"date":"2020-05-28T15:48:37","date_gmt":"2020-05-28T15:48:37","guid":{"rendered":"https:\/\/chgeol.org\/?page_id=12529"},"modified":"2025-06-10T13:42:45","modified_gmt":"2025-06-10T11:42:45","slug":"departement-cr","status":"publish","type":"page","link":"https:\/\/chgeol.org\/fr\/association\/departement-cr\/","title":{"rendered":"D\u00e9partement CR"},"content":{"rendered":"<div id=\"pl-12529\"  class=\"panel-layout\" ><div id=\"pg-12529-0\"  class=\"panel-grid panel-has-style\" ><div class=\"section_title subpagetitle panel-row-style panel-row-style-for-12529-0\" id=\"section2\" ><div id=\"pgc-12529-0-0\"  class=\"panel-grid-cell\" ><div id=\"panel-12529-0-0-0\" class=\"so-panel widget widget_sow-editor panel-first-child panel-last-child\" data-index=\"0\" ><div class=\"servicesSection  panel-widget-style panel-widget-style-for-12529-0-0-0\" ><div\n\t\t\t\n\t\t\tclass=\"so-widget-sow-editor so-widget-sow-editor-base\"\n\t\t\t\n\t\t><h3 class=\"widget-title\">D\u00e9partement de la communication et des relations publiques<\/h3>\n<div class=\"siteorigin-widget-tinymce textwidget\">\n\t<div class=\"siteorigin-widget-tinymce textwidget\">\n<p><strong>Membres<\/strong>: Dimitri Giugni (Pr\u00e9sidence), Sandy Tang, Philippe Arnold et Ronja Goldinger (Webmaster)<\/p>\n<p>&nbsp;<\/p>\n<p>Le d\u00e9partement de la communication et des relations publiques (CO) a pour t\u00e2che principale le transfert d'informations entre les diff\u00e9rents acteurs dans le domaine des g\u00e9osciences et de la g\u00e9ologie. Cette t\u00e2che est principalement accomplie par l'envoi de bulletins d'information r\u00e9guliers, une page d'accueil actualis\u00e9e et l'organisation de divers \u00e9v\u00e9nements.<\/p>\n<p>&nbsp;<\/p>\n<p><strong>D\u00e9fis<\/strong><\/p>\n<p>&nbsp;<\/p>\n<p><em>Interne \u00e0 l'association:<\/em><\/p>\n<ul class=\"bulletList\">\n<li>Communication permanente entre les membres sur les informations internes pertinentes de l'association<\/li>\n<li>Fourniture des services et produits existants et d\u00e9veloppement de nouveaux services et produits aux membres<\/li>\n<li>Acceptation des pr\u00e9occupations, demandes et souhaits des membres et des associations et institutions affili\u00e9es, traitement ult\u00e9rieur au sein de l'association<\/li>\n<li>Organisation d'\u00e9v\u00e9nements pour les membres<\/li>\n<\/ul>\n<p>&nbsp;<\/p>\n<p><em>Externe \u00e0 l'association:<\/em><\/p>\n<ul class=\"bulletList\">\n<li>Acceptation des demandes de diverses parties int\u00e9ress\u00e9es au sein et en dehors de la branche, m\u00e9diation des contacts appropri\u00e9s, traitement ult\u00e9rieur au sein de l'association<\/li>\n<li>Promotion de la coop\u00e9ration avec les associations et institutions professionnelles affili\u00e9es, soutien des associations partenaires<\/li>\n<li><a href=\"https:\/\/chgeol.org\/fr\/services\/prises-de-position\/\">Publication de contributions<\/a> sur des consultations s\u00e9lectionn\u00e9es en rapport avec l'association<\/li>\n<li>Organisation de divers \u00e9v\u00e9nements pour le public int\u00e9ress\u00e9<\/li>\n<li>Promotion de l'attractivit\u00e9 du CH<strong>GEOL<\/strong> au sein de la branche (en particulier aupr\u00e8s des \u00e9tudiant.e.s) par une pr\u00e9sence attrayante lors de divers \u00e9v\u00e9nements<\/li>\n<\/ul>\n<\/div>\n<\/div>\n<\/div><\/div><\/div><\/div><\/div><\/div><\/div>","protected":false},"excerpt":{"rendered":"<p>Membres: Dimitri Giugni (Pr\u00e9sidence), Sandy Tang, Philippe Arnold et Ronja Goldinger (Webmaster) &nbsp; Le d\u00e9partement de la communication et des relations publiques (CO) a pour t\u00e2che principale le transfert d&rsquo;informations entre les diff\u00e9rents acteurs dans le domaine des g\u00e9osciences et &hellip; <a href=\"https:\/\/chgeol.org\/fr\/association\/departement-cr\/\">Continuer la lecture <span class=\"meta-nav\">&rarr;<\/span><\/a><\/p>\n","protected":false},"author":814,"featured_media":0,"parent":9628,"menu_order":0,"comment_status":"closed","ping_status":"closed","template":"","meta":{"_acf_changed":false,"inline_featured_image":false,"footnotes":""},"class_list":["post-12529","page","type-page","status-publish","hentry"],"acf":[],"_links":{"self":[{"href":"https:\/\/chgeol.org\/fr\/wp-json\/wp\/v2\/pages\/12529","targetHints":{"allow":["GET"]}}],"collection":[{"href":"https:\/\/chgeol.org\/fr\/wp-json\/wp\/v2\/pages"}],"about":[{"href":"https:\/\/chgeol.org\/fr\/wp-json\/wp\/v2\/types\/page"}],"author":[{"embeddable":true,"href":"https:\/\/chgeol.org\/fr\/wp-json\/wp\/v2\/users\/814"}],"replies":[{"embeddable":true,"href":"https:\/\/chgeol.org\/fr\/wp-json\/wp\/v2\/comments?post=12529"}],"version-history":[{"count":7,"href":"https:\/\/chgeol.org\/fr\/wp-json\/wp\/v2\/pages\/12529\/revisions"}],"predecessor-version":[{"id":28448,"href":"https:\/\/chgeol.org\/fr\/wp-json\/wp\/v2\/pages\/12529\/revisions\/28448"}],"up":[{"embeddable":true,"href":"https:\/\/chgeol.org\/fr\/wp-json\/wp\/v2\/pages\/9628"}],"wp:attachment":[{"href":"https:\/\/chgeol.org\/fr\/wp-json\/wp\/v2\/media?parent=12529"}],"curies":[{"name":"wp","href":"https:\/\/api.w.org\/{rel}","templated":true}]}}