{"id":12533,"date":"2020-05-28T15:58:35","date_gmt":"2020-05-28T15:58:35","guid":{"rendered":"https:\/\/chgeol.org\/?page_id=12533"},"modified":"2025-06-19T16:49:48","modified_gmt":"2025-06-19T14:49:48","slug":"commission-qualite","status":"publish","type":"page","link":"https:\/\/chgeol.org\/fr\/association\/commission-qualite\/","title":{"rendered":"Commission de la qualit\u00e9"},"content":{"rendered":"<div id=\"pl-12533\"  class=\"panel-layout\" ><div id=\"pg-12533-0\"  class=\"panel-grid panel-has-style\" ><div class=\"section_title  panel-row-style panel-row-style-for-12533-0\" ><div id=\"pgc-12533-0-0\"  class=\"panel-grid-cell\" ><div id=\"panel-12533-0-0-0\" class=\"so-panel widget widget_sow-editor panel-first-child panel-last-child\" data-index=\"0\" ><div class=\"servicesSection  panel-widget-style panel-widget-style-for-12533-0-0-0\" ><div\n\t\t\t\n\t\t\tclass=\"so-widget-sow-editor so-widget-sow-editor-base\"\n\t\t\t\n\t\t><h3 class=\"widget-title\">Commission de la qualit\u00e9<\/h3>\n<div class=\"siteorigin-widget-tinymce textwidget\">\n\t<div class=\"siteorigin-widget-tinymce textwidget\">\n<p><strong>Membres<\/strong>: Michael von der Crone (Vorsitz), Mirjam D\u00fcrst-Stucki, Eliane Tschannen, Dorian Gaar, Jean-Bernard Python<\/p>\n<p>&nbsp;<\/p>\n<p>La commission de la qualit\u00e9 aide les membres de CH<strong>GEOL<\/strong> \u00e0 fournir un travail qualitativement irr\u00e9prochable dans leur domaine de sp\u00e9cialisation pour les clients et le grand public.<\/p>\n<p>&nbsp;<\/p>\n<p><strong>Qu'est-ce que la qualit\u00e9<\/strong><strong>?<\/strong><br \/>\nLa qualit\u00e9 signifie r\u00e9pondre aux exigences et aux attentes du client et du grand public de mani\u00e8re satisfaisante. Cela n\u00e9cessite des mesures de promotion et d'assurance de la qualit\u00e9. Les objectifs et les proc\u00e9dures de CH<strong>GEOL<\/strong> en mati\u00e8re d'assurance qualit\u00e9 sont expos\u00e9s dans divers documents.<\/p>\n<p>&nbsp;<\/p>\n<p><strong>SIA 106 R\u00e8glement concernant les prestations et les honoraires des g\u00e9ologues<\/strong><\/p>\n<p>La commission de la qualit\u00e9 du CH<strong>GEOL<\/strong> a apport\u00e9 une contribution importante \u00e0 la nouvelle structure tarifaire (LHO). Elle est en vigueur depuis mai 2019 et rev\u00eat une grande importance pour les g\u00e9ologues en activit\u00e9. Le r\u00e8glement...<\/p>\n<ul class=\"bulletList\">\n<li>d\u00e9crit les droits et obligations des parties lors de la conclusion et de l'ex\u00e9cution de contrats pour les services de g\u00e9ologues (Art. 1),<\/li>\n<li>explique les t\u00e2ches et la position du g\u00e9ologue (Art. 2),<\/li>\n<li>d\u00e9crit les prestations (Art. 3 et Art. 4),<\/li>\n<li>contient la base pour la d\u00e9termination d'une r\u00e9mun\u00e9ration appropri\u00e9e (Art. 5 et Art. 6).<\/li>\n<\/ul>\n<\/div>\n<p>Le LHO 106 peut \u00eatre achet\u00e9 dans <a href=\"http:\/\/shop.sia.ch\/normenwerk\/ingenieur\/sia%20106\/d\/2019\/F\/Product\/\">la boutique du SIA<\/a>.<\/p>\n<p>&nbsp;<\/p>\n<p><strong>Downloads:<\/strong><\/p>\n<p><a href=\"https:\/\/chgeol.org\/wp-content\/uploads\/2020\/01\/Q_Kommission_20040124.pdf\">R\u00e9glement de la commission de la qualit\u00e9<\/a><\/p>\n<p><a href=\"https:\/\/chgeol.org\/wp-content\/uploads\/2020\/01\/Q_Konzept_20040124.pdf\">Concept de qualit\u00e9 CH<strong>GEOL<\/strong><\/a><\/p>\n<\/div>\n<\/div><\/div><\/div><\/div><\/div><\/div><\/div>","protected":false},"excerpt":{"rendered":"<p>Membres: Michael von der Crone (Vorsitz), Mirjam D\u00fcrst-Stucki, Eliane Tschannen, Dorian Gaar, Jean-Bernard Python &nbsp; La commission de la qualit\u00e9 aide les membres de CHGEOL \u00e0 fournir un travail qualitativement irr\u00e9prochable dans leur domaine de sp\u00e9cialisation pour les clients et &hellip; <a href=\"https:\/\/chgeol.org\/fr\/association\/commission-qualite\/\">Continuer la lecture <span class=\"meta-nav\">&rarr;<\/span><\/a><\/p>\n","protected":false},"author":814,"featured_media":0,"parent":9628,"menu_order":0,"comment_status":"closed","ping_status":"closed","template":"","meta":{"_acf_changed":false,"inline_featured_image":false,"footnotes":""},"class_list":["post-12533","page","type-page","status-publish","hentry"],"acf":[],"_links":{"self":[{"href":"https:\/\/chgeol.org\/fr\/wp-json\/wp\/v2\/pages\/12533","targetHints":{"allow":["GET"]}}],"collection":[{"href":"https:\/\/chgeol.org\/fr\/wp-json\/wp\/v2\/pages"}],"about":[{"href":"https:\/\/chgeol.org\/fr\/wp-json\/wp\/v2\/types\/page"}],"author":[{"embeddable":true,"href":"https:\/\/chgeol.org\/fr\/wp-json\/wp\/v2\/users\/814"}],"replies":[{"embeddable":true,"href":"https:\/\/chgeol.org\/fr\/wp-json\/wp\/v2\/comments?post=12533"}],"version-history":[{"count":6,"href":"https:\/\/chgeol.org\/fr\/wp-json\/wp\/v2\/pages\/12533\/revisions"}],"predecessor-version":[{"id":31329,"href":"https:\/\/chgeol.org\/fr\/wp-json\/wp\/v2\/pages\/12533\/revisions\/31329"}],"up":[{"embeddable":true,"href":"https:\/\/chgeol.org\/fr\/wp-json\/wp\/v2\/pages\/9628"}],"wp:attachment":[{"href":"https:\/\/chgeol.org\/fr\/wp-json\/wp\/v2\/media?parent=12533"}],"curies":[{"name":"wp","href":"https:\/\/api.w.org\/{rel}","templated":true}]}}