{"id":12535,"date":"2020-05-28T16:00:07","date_gmt":"2020-05-28T16:00:07","guid":{"rendered":"https:\/\/chgeol.org\/?page_id=12535"},"modified":"2022-10-14T08:59:47","modified_gmt":"2022-10-14T06:59:47","slug":"comite-dethique-professionnelle","status":"publish","type":"page","link":"https:\/\/chgeol.org\/fr\/association\/comite-dethique-professionnelle\/","title":{"rendered":"Comit\u00e9 d&rsquo;\u00e9thique professionnelle"},"content":{"rendered":"<div id=\"pl-12535\"  class=\"panel-layout\" ><div id=\"pg-12535-0\"  class=\"panel-grid panel-has-style\" ><div class=\"section_title subpagetitle panel-row-style panel-row-style-for-12535-0\" id=\"section2\" ><div id=\"pgc-12535-0-0\"  class=\"panel-grid-cell\" ><div id=\"panel-12535-0-0-0\" class=\"so-panel widget widget_sow-editor panel-first-child panel-last-child\" data-index=\"0\" ><div class=\"servicesSection  panel-widget-style panel-widget-style-for-12535-0-0-0\" ><div\n\t\t\t\n\t\t\tclass=\"so-widget-sow-editor so-widget-sow-editor-base\"\n\t\t\t\n\t\t><h3 class=\"widget-title\">Comit\u00e9 d'\u00e9thique professionnelle<\/h3>\n<div class=\"siteorigin-widget-tinymce textwidget\">\n\t<div class=\"siteorigin-widget-tinymce textwidget\">\n<p>&nbsp;<\/p>\n<p>&nbsp;<\/p>\n<p><strong>Membres<\/strong>: Peter Hartmann, Samuel Gilgen, Ren\u00e9 L\u00f6pfe, Florian Dolder<\/p>\n<p>&nbsp;<\/p>\n<p>Le comit\u00e9 d'\u00e9thique professionnelle est charg\u00e9 d'\u00e9laborer le code d'\u00e9thique et de veiller au respect de l'\u00e9thique professionnelle.<\/p>\n<p>&nbsp;<\/p>\n<p>Les r\u00e8gles de conduite professionnelle sont largement adapt\u00e9es \u00e0 celles de la <a href=\"https:\/\/eurogeologists.eu\/\">F\u00e9d\u00e9ration Europ\u00e9enne des G\u00e9ologues EFG<\/a>.<\/p>\n<\/div>\n<\/div>\n<\/div><\/div><\/div><\/div><\/div><\/div><\/div>","protected":false},"excerpt":{"rendered":"<p>&nbsp; &nbsp; Membres: Peter Hartmann, Samuel Gilgen, Ren\u00e9 L\u00f6pfe, Florian Dolder &nbsp; Le comit\u00e9 d&rsquo;\u00e9thique professionnelle est charg\u00e9 d&rsquo;\u00e9laborer le code d&rsquo;\u00e9thique et de veiller au respect de l&rsquo;\u00e9thique professionnelle. &nbsp; Les r\u00e8gles de conduite professionnelle sont largement adapt\u00e9es \u00e0 &hellip; <a href=\"https:\/\/chgeol.org\/fr\/association\/comite-dethique-professionnelle\/\">Continuer la lecture <span class=\"meta-nav\">&rarr;<\/span><\/a><\/p>\n","protected":false},"author":814,"featured_media":0,"parent":9628,"menu_order":0,"comment_status":"closed","ping_status":"closed","template":"","meta":{"_acf_changed":false,"inline_featured_image":false,"footnotes":""},"class_list":["post-12535","page","type-page","status-publish","hentry"],"acf":[],"_links":{"self":[{"href":"https:\/\/chgeol.org\/fr\/wp-json\/wp\/v2\/pages\/12535","targetHints":{"allow":["GET"]}}],"collection":[{"href":"https:\/\/chgeol.org\/fr\/wp-json\/wp\/v2\/pages"}],"about":[{"href":"https:\/\/chgeol.org\/fr\/wp-json\/wp\/v2\/types\/page"}],"author":[{"embeddable":true,"href":"https:\/\/chgeol.org\/fr\/wp-json\/wp\/v2\/users\/814"}],"replies":[{"embeddable":true,"href":"https:\/\/chgeol.org\/fr\/wp-json\/wp\/v2\/comments?post=12535"}],"version-history":[{"count":9,"href":"https:\/\/chgeol.org\/fr\/wp-json\/wp\/v2\/pages\/12535\/revisions"}],"predecessor-version":[{"id":27070,"href":"https:\/\/chgeol.org\/fr\/wp-json\/wp\/v2\/pages\/12535\/revisions\/27070"}],"up":[{"embeddable":true,"href":"https:\/\/chgeol.org\/fr\/wp-json\/wp\/v2\/pages\/9628"}],"wp:attachment":[{"href":"https:\/\/chgeol.org\/fr\/wp-json\/wp\/v2\/media?parent=12535"}],"curies":[{"name":"wp","href":"https:\/\/api.w.org\/{rel}","templated":true}]}}