{"id":12539,"date":"2020-05-28T16:05:43","date_gmt":"2020-05-28T16:05:43","guid":{"rendered":"https:\/\/chgeol.org\/?page_id=12539"},"modified":"2020-06-28T19:25:52","modified_gmt":"2020-06-28T19:25:52","slug":"efg","status":"publish","type":"page","link":"https:\/\/chgeol.org\/fr\/association\/efg\/","title":{"rendered":"EFG"},"content":{"rendered":"<div id=\"pl-12539\"  class=\"panel-layout\" ><div id=\"pg-12539-0\"  class=\"panel-grid panel-has-style\" ><div id=\"section2\" class=\"panel-row-style panel-row-style-for-12539-0\" ><div id=\"pgc-12539-0-0\"  class=\"panel-grid-cell\" ><div id=\"panel-12539-0-0-0\" class=\"so-panel widget widget_sow-editor panel-first-child panel-last-child\" data-index=\"0\" ><div class=\"servicesSection subpagetitle panel-widget-style panel-widget-style-for-12539-0-0-0\" id=\"section2\" ><div\n\t\t\t\n\t\t\tclass=\"so-widget-sow-editor so-widget-sow-editor-base\"\n\t\t\t\n\t\t><h3 class=\"widget-title\">European Federation of Geologists<\/h3>\n<div class=\"siteorigin-widget-tinymce textwidget\">\n\t<p><strong>EFG et CHGEOL<\/strong><\/p>\n<p><a href=\"https:\/\/eurogeologists.eu\/\">L\u2019European Federation of Geologists (EFG)<\/a>, bas\u00e9e \u00e0 Bruxelles, regroupe 27 associations professionnelles nationales \u00e0 travers l'Europe, regroupant plus de 45 000 g\u00e9ologues en activit\u00e9. Elle est donc la voix des g\u00e9ologues en Europe. Les membres associ\u00e9s internationaux de l'EFG sont:<\/p>\n<ul class=\"bulletList\">\n<li><a href=\"https:\/\/aipg.org\/\">AIPG<\/a> (American Institute of Professional Geologists)<\/li>\n<li><a href=\"https:\/\/geoscientistscanada.ca\/\">GC<\/a> (Geoscientists Canada)<\/li>\n<li><a href=\"http:\/\/www.gssa.org.za\/\">GSSA<\/a> (Geological Society of South Africa)<\/li>\n<li><a href=\"https:\/\/www.aig.org.au\/about-aig\/\">AIG<\/a> (Australian Institute of Geoscientists)<\/li>\n<\/ul>\n<p>&nbsp;<\/p>\n<p>Chaque \u00c9tat membre est repr\u00e9sent\u00e9 par deux membres au sein du Conseil de l'EFG (l\u00e9gislatif).<\/p>\n<p>Nos deux membres de CH<strong>GEOL<\/strong> sont:<\/p>\n<ul class=\"bulletList\">\n<li>Laurent Scheurer (membre du <a href=\"https:\/\/chgeol.org\/fr\/association\/\">conseil d'administration<\/a> de CH<strong>GEOL<\/strong>)<\/li>\n<li>Alessio Menegatti<\/li>\n<\/ul>\n<p>&nbsp;<\/p>\n<p>Le conseil d'administration (ex\u00e9cutif) de l'EFG est compos\u00e9 de 5 repr\u00e9sentants d'associations professionnelles nationales, qui sont \u00e9lus tous les 2 ans par le Conseil. Les organes de publication officiels de l'EFG sont le <a href=\"https:\/\/eurogeologists.eu\/european-geologist-journal\/\">\"European Geologist Journal\"<\/a> et les deux lettres d'information <a href=\"https:\/\/eurogeologists.eu\/geonews\/\">GeoNews<\/a> et <a href=\"http:\/\/efgeoweek.eurogeologists.eu\/#\/\">EFGeoWeek<\/a>. Tous sont disponibles gratuitement en ligne.<\/p>\n<p>&nbsp;<\/p>\n<p><strong>Objectifs de l'EFG<\/strong><\/p>\n<p>L'EFG est une organisation \u00e0 but non lucratif fond\u00e9e pour assurer une pratique comp\u00e9tente et \u00e9thique parmi les g\u00e9oscientifiques en Europe tout en repr\u00e9sentant la profession \u00e0 travers le continent. L'EFG vise \u00e0 \u00eatre reconnue comme une organisation internationale ind\u00e9pendante, fiable et digne de confiance qui contribue \u00e0 la protection de l'environnement, \u00e0 la s\u00e9curit\u00e9 publique et \u00e0 l'utilisation responsable des ressources naturelles.<\/p>\n<p>&nbsp;<\/p>\n<p><strong>Activit\u00e9s de l'EFG<\/strong><\/p>\n<p>La pr\u00e9sence \u00e0 Bruxelles de trois collaborateurs permanents et le contact direct avec la Commission europ\u00e9enne permettent \u00e0 l'EFG de suivre directement les \u00e9v\u00e9nements au niveau politique, de se saisir des questions d'actualit\u00e9 et de les commenter. Le maintien et le renforcement des contacts avec d'autres grandes associations (International Union of Geological Sciences, European Geosciences Union, EuroGeoSurveys European Association of Geoscientists and Engineers) visent \u00e0 obtenir une reconnaissance encore plus grande de la g\u00e9ologie et des titres professionnels.<\/p>\n<p>&nbsp;<\/p>\n<p><strong>Statut EurGeol<\/strong><\/p>\n<p>Le statut EurGeol permet d'exercer librement une activit\u00e9 professionnelle dans les pays membres. CH<strong>GEOL<\/strong> est responsable de l'attribution nationale du titre en Suisse. L'EFG tient un registre EurGeol depuis 2013.<\/p>\n<p>&nbsp;<\/p>\n<p><strong>Panel of experts<\/strong><\/p>\n<p>En d\u00e9cembre 2003, l'EFG a cr\u00e9\u00e9 le<a href=\"https:\/\/eurogeologists.eu\/european-network\/\"> Panel of Experts (PE)<\/a> pour remplir le mandat de l'EFG et contribuer \u00e0 l'\u00e9laboration de politiques europ\u00e9ennes qui pourraient int\u00e9resser les g\u00e9ologues. Cela n\u00e9cessite la pr\u00e9sentation de documents consultatifs \u00e0 la Commission europ\u00e9enne et au Parlement europ\u00e9en, l'organisation de s\u00e9minaires sur des questions g\u00e9ologiques et la participation \u00e0 des auditions, conf\u00e9rences et r\u00e9unions publiques. Il s'agit d'un travail pour les g\u00e9ologues et les experts sur un large \u00e9ventail de questions g\u00e9ologiques dans toute l'Europe.<\/p>\n<\/div>\n<\/div><\/div><\/div><\/div><\/div><\/div><\/div>","protected":false},"excerpt":{"rendered":"<p>EFG et CHGEOL L\u2019European Federation of Geologists (EFG), bas\u00e9e \u00e0 Bruxelles, regroupe 27 associations professionnelles nationales \u00e0 travers l&rsquo;Europe, regroupant plus de 45 000 g\u00e9ologues en activit\u00e9. Elle est donc la voix des g\u00e9ologues en Europe. Les membres associ\u00e9s internationaux &hellip; <a href=\"https:\/\/chgeol.org\/fr\/association\/efg\/\">Continuer la lecture <span class=\"meta-nav\">&rarr;<\/span><\/a><\/p>\n","protected":false},"author":814,"featured_media":0,"parent":9628,"menu_order":0,"comment_status":"closed","ping_status":"closed","template":"","meta":{"_acf_changed":false,"inline_featured_image":false,"footnotes":""},"class_list":["post-12539","page","type-page","status-publish","hentry"],"acf":[],"_links":{"self":[{"href":"https:\/\/chgeol.org\/fr\/wp-json\/wp\/v2\/pages\/12539","targetHints":{"allow":["GET"]}}],"collection":[{"href":"https:\/\/chgeol.org\/fr\/wp-json\/wp\/v2\/pages"}],"about":[{"href":"https:\/\/chgeol.org\/fr\/wp-json\/wp\/v2\/types\/page"}],"author":[{"embeddable":true,"href":"https:\/\/chgeol.org\/fr\/wp-json\/wp\/v2\/users\/814"}],"replies":[{"embeddable":true,"href":"https:\/\/chgeol.org\/fr\/wp-json\/wp\/v2\/comments?post=12539"}],"version-history":[{"count":2,"href":"https:\/\/chgeol.org\/fr\/wp-json\/wp\/v2\/pages\/12539\/revisions"}],"predecessor-version":[{"id":12744,"href":"https:\/\/chgeol.org\/fr\/wp-json\/wp\/v2\/pages\/12539\/revisions\/12744"}],"up":[{"embeddable":true,"href":"https:\/\/chgeol.org\/fr\/wp-json\/wp\/v2\/pages\/9628"}],"wp:attachment":[{"href":"https:\/\/chgeol.org\/fr\/wp-json\/wp\/v2\/media?parent=12539"}],"curies":[{"name":"wp","href":"https:\/\/api.w.org\/{rel}","templated":true}]}}