{"id":12541,"date":"2020-05-28T16:08:47","date_gmt":"2020-05-28T16:08:47","guid":{"rendered":"https:\/\/chgeol.org\/?page_id=12541"},"modified":"2020-05-28T16:09:04","modified_gmt":"2020-05-28T16:09:04","slug":"sia","status":"publish","type":"page","link":"https:\/\/chgeol.org\/fr\/association\/sia\/","title":{"rendered":"SIA"},"content":{"rendered":"<div id=\"pl-12541\"  class=\"panel-layout\" ><div id=\"pg-12541-0\"  class=\"panel-grid panel-has-style\" ><div class=\"servicesSection subpagetitle panel-row-style panel-row-style-for-12541-0\" id=\"section2\" ><div id=\"pgc-12541-0-0\"  class=\"panel-grid-cell\" ><div id=\"panel-12541-0-0-0\" class=\"so-panel widget widget_sow-editor panel-first-child panel-last-child\" data-index=\"0\" ><div class=\"servicesSection  panel-widget-style panel-widget-style-for-12541-0-0-0\" id=\"section2\" ><div\n\t\t\t\n\t\t\tclass=\"so-widget-sow-editor so-widget-sow-editor-base\"\n\t\t\t\n\t\t><h3 class=\"widget-title\">Soci\u00e9t\u00e9 suisse des ing\u00e9nieurs et des architectes sia<\/h3>\n<div class=\"siteorigin-widget-tinymce textwidget\">\n\t<p>CH<strong>GEOL<\/strong> est une association professionnelle du groupe professionnel environnement (BGU) de <a href=\"https:\/\/www.sia.ch\/fr\/\">l'Association suisse des ing\u00e9nieurs et des architectes sia<\/a>. Au sein de la sia, CH<strong>GEOL<\/strong> est responsable des questions g\u00e9ologiques. CH<strong>GEOL<\/strong> met \u00e0 disposition un d\u00e9l\u00e9gu\u00e9 du BGU et participe ainsi \u00e0 la conf\u00e9rence du groupe professionnel et \u00e0 la r\u00e9union des d\u00e9l\u00e9gu\u00e9s de la sia.<\/p>\n<p>&nbsp;<\/p>\n<p><span style=\"font-weight: 300\">En tant que repr\u00e9sentant du CH<strong>GEOL<\/strong>, est actuellement membre du groupe professionnel:<\/span><\/p>\n<ul class=\"bulletList\">\n<li>Michael K\u00f6bberich<\/li>\n<\/ul>\n<div class=\"siteorigin-widget-tinymce textwidget\">\n<p>&nbsp;<\/p>\n<p>Environ 80 membres de CH<strong>GEOL<\/strong> sont \u00e9galement membres de la sia.<\/p>\n<\/div>\n<\/div>\n<\/div><\/div><\/div><\/div><\/div><\/div><\/div>","protected":false},"excerpt":{"rendered":"<p>CHGEOL est une association professionnelle du groupe professionnel environnement (BGU) de l&rsquo;Association suisse des ing\u00e9nieurs et des architectes sia. Au sein de la sia, CHGEOL est responsable des questions g\u00e9ologiques. CHGEOL met \u00e0 disposition un d\u00e9l\u00e9gu\u00e9 du BGU et participe &hellip; <a href=\"https:\/\/chgeol.org\/fr\/association\/sia\/\">Continuer la lecture <span class=\"meta-nav\">&rarr;<\/span><\/a><\/p>\n","protected":false},"author":814,"featured_media":0,"parent":9628,"menu_order":0,"comment_status":"closed","ping_status":"closed","template":"","meta":{"_acf_changed":false,"inline_featured_image":false,"footnotes":""},"class_list":["post-12541","page","type-page","status-publish","hentry"],"acf":[],"_links":{"self":[{"href":"https:\/\/chgeol.org\/fr\/wp-json\/wp\/v2\/pages\/12541","targetHints":{"allow":["GET"]}}],"collection":[{"href":"https:\/\/chgeol.org\/fr\/wp-json\/wp\/v2\/pages"}],"about":[{"href":"https:\/\/chgeol.org\/fr\/wp-json\/wp\/v2\/types\/page"}],"author":[{"embeddable":true,"href":"https:\/\/chgeol.org\/fr\/wp-json\/wp\/v2\/users\/814"}],"replies":[{"embeddable":true,"href":"https:\/\/chgeol.org\/fr\/wp-json\/wp\/v2\/comments?post=12541"}],"version-history":[{"count":2,"href":"https:\/\/chgeol.org\/fr\/wp-json\/wp\/v2\/pages\/12541\/revisions"}],"predecessor-version":[{"id":12543,"href":"https:\/\/chgeol.org\/fr\/wp-json\/wp\/v2\/pages\/12541\/revisions\/12543"}],"up":[{"embeddable":true,"href":"https:\/\/chgeol.org\/fr\/wp-json\/wp\/v2\/pages\/9628"}],"wp:attachment":[{"href":"https:\/\/chgeol.org\/fr\/wp-json\/wp\/v2\/media?parent=12541"}],"curies":[{"name":"wp","href":"https:\/\/api.w.org\/{rel}","templated":true}]}}