{"id":12545,"date":"2020-05-28T16:14:53","date_gmt":"2020-05-28T16:14:53","guid":{"rendered":"https:\/\/chgeol.org\/?page_id=12545"},"modified":"2021-08-15T16:45:28","modified_gmt":"2021-08-15T16:45:28","slug":"geologie-vivante","status":"publish","type":"page","link":"https:\/\/chgeol.org\/fr\/association\/geologie-vivante\/","title":{"rendered":"G\u00e9ologie vivante"},"content":{"rendered":"<div id=\"pl-12545\"  class=\"panel-layout\" ><div id=\"pg-12545-0\"  class=\"panel-grid panel-has-style\" ><div id=\"section1\" class=\"panel-row-style panel-row-style-for-12545-0\" ><div id=\"pgc-12545-0-0\"  class=\"panel-grid-cell\" ><div id=\"panel-12545-0-0-0\" class=\"so-panel widget widget_sow-editor panel-first-child panel-last-child\" data-index=\"0\" ><div class=\"servicesSection  panel-widget-style panel-widget-style-for-12545-0-0-0\" ><div\n\t\t\t\n\t\t\tclass=\"so-widget-sow-editor so-widget-sow-editor-base\"\n\t\t\t\n\t\t><h3 class=\"widget-title\">G\u00e9ologie vivante<\/h3>\n<div class=\"siteorigin-widget-tinymce textwidget\">\n\t<section data-target=\"section1\" data-section-menu=\"Leistungen\"><\/section>\n<section data-target=\"section2\" data-section-menu=\"Mitglieder\"><\/section>\n<section data-target=\"section3\" data-section-menu=\"Auftraggeber\"><\/section>\n<section data-target=\"section4\" data-section-menu=\"\u00d6ffentlichkeit\"><\/section>\n<p><a href=\"http:\/\/www.erlebnis-geologie.ch\/fr\">www.erlebnis-geologie.ch<\/a><\/p>\n<p><span style=\"color: #333333;font-style: normal\">Pour plus de g\u00e9ologie dans le grand public!<\/span><\/p>\n<p>&nbsp;<\/p>\n<p><img loading=\"lazy\" decoding=\"async\" class=\"wp-image-10463 size-thumbnail alignleft\" src=\"https:\/\/chgeol.org\/wp-content\/uploads\/2020\/01\/EGlogo_d_305-151-150x150.png\" alt=\"\" width=\"150\" height=\"150\" srcset=\"https:\/\/chgeol.org\/wp-content\/uploads\/2020\/01\/EGlogo_d_305-151-150x150.png 150w, https:\/\/chgeol.org\/wp-content\/uploads\/2020\/01\/EGlogo_d_305-151-300x300.png 300w, https:\/\/chgeol.org\/wp-content\/uploads\/2020\/01\/EGlogo_d_305-151-768x768.png 768w, https:\/\/chgeol.org\/wp-content\/uploads\/2020\/01\/EGlogo_d_305-151.png 826w\" sizes=\"auto, (max-width: 150px) 100vw, 150px\" \/><\/p>\n<p>&nbsp;<\/p>\n<p>&nbsp;<\/p>\n<p>&nbsp;<\/p>\n<p>&nbsp;<\/p>\n<p>&nbsp;<\/p>\n<p>&nbsp;<\/p>\n<p>Nous exploitons le site web interactif <a href=\"http:\/\/www.erlebnis-geologie.ch\/fr\">www.erlebnis-geologie.ch<\/a>, o\u00f9 sont actuellement disponibles les G\u00e9oOffres et les G\u00e9oEvents en Suisse ax\u00e9s sur l'exp\u00e9rience. Qu'il s'agisse d'excursions, de visites guid\u00e9es, de visites de mines, d'expositions, de g\u00e9o-trails, de conf\u00e9rences - (presque) tout est disponible sur le site internet. La recherche peut \u00eatre effectu\u00e9e sur une carte, filtr\u00e9e par date, par th\u00e8me ou par d'autres crit\u00e8res. Le portail des GeoEvents est gratuit et facile.<\/p>\n<p>&nbsp;<\/p>\n<p>Nous organisons \u00e9galement des ateliers de formation pour les organisateurs de GeoEvents et les g\u00e9o-m\u00e9diateurs, et tous les trois ans nous fixons les priorit\u00e9s avec un festival. Ainsi, notre association sensibilise activement le grand public \u00e0 l'importance de la g\u00e9ologie pour notre soci\u00e9t\u00e9, et soutient ainsi notre profession. Nous b\u00e9n\u00e9ficions du soutien financier de nos principaux partenaires, dont le CH<strong>GEOL<\/strong>.<\/p>\n<p>&nbsp;<\/p>\n<p>Dans notre <a href=\"https:\/\/us16.campaign-archive.com\/?e=__test_email__&amp;u=cd6924bcf6a9f579e28a1aee3&amp;id=02360d8d5b\">bulletin d'information<\/a>, nous vous informons r\u00e9guli\u00e8rement sur les sujets d'actualit\u00e9 ainsi que sur les \u00e9v\u00e9nements \u00e0 venir dans le domaine de la G\u00e9ologie.<\/p>\n<\/div>\n<\/div><\/div><\/div><\/div><\/div><\/div><\/div>","protected":false},"excerpt":{"rendered":"<p>www.erlebnis-geologie.ch Pour plus de g\u00e9ologie dans le grand public! &nbsp; &nbsp; &nbsp; &nbsp; &nbsp; &nbsp; &nbsp; Nous exploitons le site web interactif www.erlebnis-geologie.ch, o\u00f9 sont actuellement disponibles les G\u00e9oOffres et les G\u00e9oEvents en Suisse ax\u00e9s sur l&rsquo;exp\u00e9rience. Qu&rsquo;il s&rsquo;agisse d&rsquo;excursions, &hellip; <a href=\"https:\/\/chgeol.org\/fr\/association\/geologie-vivante\/\">Continuer la lecture <span class=\"meta-nav\">&rarr;<\/span><\/a><\/p>\n","protected":false},"author":814,"featured_media":0,"parent":9628,"menu_order":0,"comment_status":"closed","ping_status":"closed","template":"","meta":{"_acf_changed":false,"inline_featured_image":false,"footnotes":""},"class_list":["post-12545","page","type-page","status-publish","hentry"],"acf":[],"_links":{"self":[{"href":"https:\/\/chgeol.org\/fr\/wp-json\/wp\/v2\/pages\/12545","targetHints":{"allow":["GET"]}}],"collection":[{"href":"https:\/\/chgeol.org\/fr\/wp-json\/wp\/v2\/pages"}],"about":[{"href":"https:\/\/chgeol.org\/fr\/wp-json\/wp\/v2\/types\/page"}],"author":[{"embeddable":true,"href":"https:\/\/chgeol.org\/fr\/wp-json\/wp\/v2\/users\/814"}],"replies":[{"embeddable":true,"href":"https:\/\/chgeol.org\/fr\/wp-json\/wp\/v2\/comments?post=12545"}],"version-history":[{"count":6,"href":"https:\/\/chgeol.org\/fr\/wp-json\/wp\/v2\/pages\/12545\/revisions"}],"predecessor-version":[{"id":14246,"href":"https:\/\/chgeol.org\/fr\/wp-json\/wp\/v2\/pages\/12545\/revisions\/14246"}],"up":[{"embeddable":true,"href":"https:\/\/chgeol.org\/fr\/wp-json\/wp\/v2\/pages\/9628"}],"wp:attachment":[{"href":"https:\/\/chgeol.org\/fr\/wp-json\/wp\/v2\/media?parent=12545"}],"curies":[{"name":"wp","href":"https:\/\/api.w.org\/{rel}","templated":true}]}}