{"id":12549,"date":"2020-05-28T16:18:41","date_gmt":"2020-05-28T16:18:41","guid":{"rendered":"https:\/\/chgeol.org\/?page_id=12549"},"modified":"2026-02-15T15:56:49","modified_gmt":"2026-02-15T13:56:49","slug":"journee-des-geologues","status":"publish","type":"page","link":"https:\/\/chgeol.org\/fr\/association\/journee-des-geologues\/","title":{"rendered":"Journ\u00e9e des g\u00e9ologues"},"content":{"rendered":"<div id=\"pl-12549\"  class=\"panel-layout\" ><div id=\"pg-12549-0\"  class=\"panel-grid panel-has-style\" ><div class=\"serviceSection subpagetitle panel-row-style panel-row-style-for-12549-0\" id=\"section2\" ><div id=\"pgc-12549-0-0\"  class=\"panel-grid-cell\" ><div id=\"panel-12549-0-0-0\" class=\"so-panel widget widget_sow-editor panel-first-child panel-last-child\" data-index=\"0\" ><div class=\"servicesSection  panel-widget-style panel-widget-style-for-12549-0-0-0\" id=\"section2\" ><div\n\t\t\t\n\t\t\tclass=\"so-widget-sow-editor so-widget-sow-editor-base\"\n\t\t\t\n\t\t><h3 class=\"widget-title\">Journ\u00e9e Suisse des g\u00e9ologues<\/h3>\n<div class=\"siteorigin-widget-tinymce textwidget\">\n\t<p>La <a href=\"https:\/\/geologentag.ch\/fr\/journe-suisse-du-gologue\">Journ\u00e9e des g\u00e9ologues<\/a>, qui a lieu tous les 4-5 ans, est une manifestation qui attire l'attention dans toute la Suisse et \u00e0 laquelle participent environ 400 g\u00e9ologues des secteurs pratique, industriel, administratif et universitaire. Outre l'\u00e9change et la promotion de contacts, la conf\u00e9rence permet d'actualiser les connaissances et vise \u00e0 donner aux experts de nouvelles pistes de r\u00e9flexion pour leurs activit\u00e9s professionnelles et scientifiques. La conf\u00e9rence est accompagn\u00e9e d'un salon des produits et services qui soutiennent les travaux g\u00e9ologiques. CH<strong>GEOL<\/strong> soutient cet \u00e9v\u00e9nement, qui se tient r\u00e9guli\u00e8rement.<\/p>\n<p>&nbsp;<\/p>\n<p>La septi\u00e8me Journ\u00e9e Suisse des g\u00e9ologues a eu lieu en d\u00e9cembre 2025 \u00e0 Berne sur le th\u00e8me \"Realigning within Planetary Boundaries: equity and sustainability in resource exploration\". L\u2019int\u00e9gration de la Journ\u00e9e Suisse des G\u00e9ologues avec le Swiss Geoscience Meeting cr\u00e9e une plateforme plus grande et plus diversifi\u00e9e pour l\u2019\u00e9change et l\u2019innovation.<\/p>\n<p>&nbsp;<\/p>\n<p><a href=\"https:\/\/geologentag.ch\/fr\/journe-suisse-du-gologue\"><img loading=\"lazy\" decoding=\"async\" class=\"aligncenter wp-image-31629 size-full\" src=\"https:\/\/chgeol.org\/wp-content\/uploads\/2025\/10\/Geologentag.jpg\" alt=\"\" width=\"2200\" height=\"1250\" srcset=\"https:\/\/chgeol.org\/wp-content\/uploads\/2025\/10\/Geologentag.jpg 2200w, https:\/\/chgeol.org\/wp-content\/uploads\/2025\/10\/Geologentag-300x170.jpg 300w, https:\/\/chgeol.org\/wp-content\/uploads\/2025\/10\/Geologentag-1024x582.jpg 1024w, https:\/\/chgeol.org\/wp-content\/uploads\/2025\/10\/Geologentag-768x436.jpg 768w, https:\/\/chgeol.org\/wp-content\/uploads\/2025\/10\/Geologentag-1536x873.jpg 1536w, https:\/\/chgeol.org\/wp-content\/uploads\/2025\/10\/Geologentag-2048x1164.jpg 2048w, https:\/\/chgeol.org\/wp-content\/uploads\/2025\/10\/Geologentag-500x284.jpg 500w\" sizes=\"auto, (max-width: 2200px) 100vw, 2200px\" \/><\/a><\/p>\n<p>&nbsp;<\/p>\n<p>Toutes les informations sur la prochaine Journ\u00e9e des g\u00e9ologues et celles pr\u00e9c\u00e9dentes se trouvent sur <a href=\"https:\/\/geologentag.ch\/fr\/journe-suisse-du-gologue\">www.geologentag.ch<\/a>.<\/p>\n<\/div>\n<\/div><\/div><\/div><\/div><\/div><\/div><\/div>","protected":false},"excerpt":{"rendered":"<p>La Journ\u00e9e des g\u00e9ologues, qui a lieu tous les 4-5 ans, est une manifestation qui attire l&rsquo;attention dans toute la Suisse et \u00e0 laquelle participent environ 400 g\u00e9ologues des secteurs pratique, industriel, administratif et universitaire. Outre l&rsquo;\u00e9change et la promotion &hellip; <a href=\"https:\/\/chgeol.org\/fr\/association\/journee-des-geologues\/\">Continuer la lecture <span class=\"meta-nav\">&rarr;<\/span><\/a><\/p>\n","protected":false},"author":814,"featured_media":0,"parent":9628,"menu_order":0,"comment_status":"closed","ping_status":"closed","template":"","meta":{"_acf_changed":false,"inline_featured_image":false,"footnotes":""},"class_list":["post-12549","page","type-page","status-publish","hentry"],"acf":[],"_links":{"self":[{"href":"https:\/\/chgeol.org\/fr\/wp-json\/wp\/v2\/pages\/12549","targetHints":{"allow":["GET"]}}],"collection":[{"href":"https:\/\/chgeol.org\/fr\/wp-json\/wp\/v2\/pages"}],"about":[{"href":"https:\/\/chgeol.org\/fr\/wp-json\/wp\/v2\/types\/page"}],"author":[{"embeddable":true,"href":"https:\/\/chgeol.org\/fr\/wp-json\/wp\/v2\/users\/814"}],"replies":[{"embeddable":true,"href":"https:\/\/chgeol.org\/fr\/wp-json\/wp\/v2\/comments?post=12549"}],"version-history":[{"count":4,"href":"https:\/\/chgeol.org\/fr\/wp-json\/wp\/v2\/pages\/12549\/revisions"}],"predecessor-version":[{"id":32013,"href":"https:\/\/chgeol.org\/fr\/wp-json\/wp\/v2\/pages\/12549\/revisions\/32013"}],"up":[{"embeddable":true,"href":"https:\/\/chgeol.org\/fr\/wp-json\/wp\/v2\/pages\/9628"}],"wp:attachment":[{"href":"https:\/\/chgeol.org\/fr\/wp-json\/wp\/v2\/media?parent=12549"}],"curies":[{"name":"wp","href":"https:\/\/api.w.org\/{rel}","templated":true}]}}