{"id":12662,"date":"2020-06-22T14:09:43","date_gmt":"2020-06-22T14:09:43","guid":{"rendered":"https:\/\/chgeol.org\/?page_id=12662"},"modified":"2020-06-22T14:30:34","modified_gmt":"2020-06-22T14:30:34","slug":"stelleninserate-fr","status":"publish","type":"page","link":"https:\/\/chgeol.org\/fr\/stelleninserate-fr\/","title":{"rendered":"Stelleninserate FR"},"content":{"rendered":"<div id=\"pl-12662\"  class=\"panel-layout\" ><div id=\"pg-12662-0\"  class=\"panel-grid panel-no-style\" ><div id=\"pgc-12662-0-0\"  class=\"panel-grid-cell\" ><div id=\"panel-12662-0-0-0\" class=\"so-panel widget widget_sow-editor panel-first-child panel-last-child\" data-index=\"0\" ><div\n\t\t\t\n\t\t\tclass=\"so-widget-sow-editor so-widget-sow-editor-base\"\n\t\t\t\n\t\t>\n<div class=\"siteorigin-widget-tinymce textwidget\">\n\t\n<div class=\"wpcf7 no-js\" id=\"wpcf7-f12659-o1\" lang=\"fr-FR\" dir=\"ltr\" data-wpcf7-id=\"12659\">\n<div class=\"screen-reader-response\"><p role=\"status\" aria-live=\"polite\" aria-atomic=\"true\"><\/p> <ul><\/ul><\/div>\n<form action=\"\/fr\/wp-json\/wp\/v2\/pages\/12662#wpcf7-f12659-o1\" method=\"post\" class=\"wpcf7-form init\" aria-label=\"Formulaire de contact\" novalidate=\"novalidate\" data-status=\"init\">\n<fieldset class=\"hidden-fields-container\"><input type=\"hidden\" name=\"_wpcf7\" value=\"12659\" \/><input type=\"hidden\" name=\"_wpcf7_version\" value=\"6.1.5\" \/><input type=\"hidden\" name=\"_wpcf7_locale\" value=\"fr_FR\" \/><input type=\"hidden\" name=\"_wpcf7_unit_tag\" value=\"wpcf7-f12659-o1\" \/><input type=\"hidden\" name=\"_wpcf7_container_post\" value=\"0\" \/><input type=\"hidden\" name=\"_wpcf7_posted_data_hash\" value=\"\" \/>\n<\/fieldset>\n<div class=\"form_job col-md-8 col-sm-12 col-xs-12 col-md-offset-2 pTextBox\">\n\t<h1 class=\"sectionTitle02 stellMB90\">Annonces d'emploi\n\t<\/h1>\n\t<p class=\"mb30\">Si vous appartenez \u00e0 une fonction publique, un bureau, une universit\u00e9 ou toute autre institution dans la G\u00e9oSc\u00e8ne, vous pouvez y placer une annonce d'emploi. Si vous souhaitez supprimer ou modifier votre annonce d'emploi, veuillez contacter notre bureau. Il sera clairement indiqu\u00e9 qu'\u00e0 partir du 01.01.2022, la bourse de l'emploi sera payante, sauf pour les membres de CHGeol et les entreprises membres.\n\t<\/p>\n\t<p><strong>Frais de publicit\u00e9 \u00e0 la bourse pour l'emploi<\/strong>\n\t<\/p>\n\t<ul>\n\t\t<li>\n\t\t\t<p>Gratuit pour les entreprises membres de CHGEOL et pour les institutions publiques (par ex. cantons, Conf\u00e9d\u00e9ration)\n\t\t\t<\/p>\n\t\t<\/li>\n\t\t<li>\n\t\t\t<p>Gratuit pour les postes de stagiaires et les annonces de re-cherche\n\t\t\t<\/p>\n\t\t<\/li>\n\t\t<li>\n\t\t\t<p>Fr. 250.- pour les membres individuels\n\t\t\t<\/p>\n\t\t<\/li>\n\t\t<li>\n\t\t\t<p>Fr. 500.- pour les autres institutions sans affiliation individuelle ou d'entreprise\n\t\t\t<\/p>\n\t\t<\/li>\n\t<\/ul>\n<hr \/>\n\t<div class=\"row\">\n\t\t<div class=\"col-md-12\">\n\t\t\t<p><label>Poste \u00e0 pourvoir *<br \/>\n<span class=\"wpcf7-form-control-wrap\" data-name=\"stellen-titel\"><input size=\"40\" maxlength=\"400\" class=\"wpcf7-form-control wpcf7-text wpcf7-validates-as-required\" aria-required=\"true\" aria-invalid=\"false\" value=\"\" type=\"text\" name=\"stellen-titel\" \/><\/span> <\/label>\n\t\t\t<\/p>\n\t\t<\/div>\n\t<\/div>\n\t<div class=\"row\">\n\t\t<div class=\"col-md-12\">\n\t\t\t<p><label>Lieu de travail *<br \/>\n<span class=\"wpcf7-form-control-wrap\" data-name=\"ort\"><input size=\"40\" maxlength=\"400\" class=\"wpcf7-form-control wpcf7-text wpcf7-validates-as-required\" aria-required=\"true\" aria-invalid=\"false\" value=\"\" type=\"text\" name=\"ort\" \/><\/span> <\/label>\n\t\t\t<\/p>\n\t\t<\/div>\n\t<\/div>\n\t<div class=\"row\">\n\t\t<div class=\"col-md-12\">\n\t\t\t<p><label>Disponible \u00e0 partir de *<\/label>\n\t\t\t<\/p>\n\t\t\t<table class=\"date\">\n\t\t\t\t<tr>\n\t\t\t\t\t<td width=\"30\">\n\t\t\t\t\t\t<p><label><span class=\"wpcf7-form-control-wrap\" data-name=\"from_day\"><input size=\"40\" maxlength=\"400\" class=\"wpcf7-form-control wpcf7-text wpcf7-validates-as-required\" aria-required=\"true\" aria-invalid=\"false\" value=\"\" type=\"text\" name=\"from_day\" \/><\/span><\/label>\n\t\t\t\t\t\t<\/p>\n\t\t\t\t\t<\/td>\n\t\t\t\t\t<td width=\"30\">\n\t\t\t\t\t\t<p><label><span class=\"wpcf7-form-control-wrap\" data-name=\"from_month\"><input size=\"40\" maxlength=\"400\" class=\"wpcf7-form-control wpcf7-text wpcf7-validates-as-required\" aria-required=\"true\" aria-invalid=\"false\" value=\"\" type=\"text\" name=\"from_month\" \/><\/span><\/label>\n\t\t\t\t\t\t<\/p>\n\t\t\t\t\t<\/td>\n\t\t\t\t\t<td width=\"30\">\n\t\t\t\t\t\t<p><label><span class=\"wpcf7-form-control-wrap\" data-name=\"from_year\"><input size=\"40\" maxlength=\"400\" class=\"wpcf7-form-control wpcf7-text wpcf7-validates-as-required\" aria-required=\"true\" aria-invalid=\"false\" value=\"\" type=\"text\" name=\"from_year\" \/><\/span><\/label>\n\t\t\t\t\t\t<\/p>\n\t\t\t\t\t<\/td>\n\t\t\t\t<\/tr>\n\t\t\t\t<tr>\n\t\t\t\t\t<td>\n\t\t\t\t\t\t<p>TT\n\t\t\t\t\t\t<\/p>\n\t\t\t\t\t<\/td>\n\t\t\t\t\t<td>\n\t\t\t\t\t\t<p>MM\n\t\t\t\t\t\t<\/p>\n\t\t\t\t\t<\/td>\n\t\t\t\t\t<td>\n\t\t\t\t\t\t<p>JJJJ\n\t\t\t\t\t\t<\/p>\n\t\t\t\t\t<\/td>\n\t\t\t\t<\/tr>\n\t\t\t<\/table>\n\t\t<\/div>\n\t<\/div>\n\t<div class=\"row\">\n\t\t<div class=\"col-md-12\">\n\t\t\t<p><label>Date limite de d\u00e9p\u00f4t des candidatures *<\/label>\n\t\t\t<\/p>\n\t\t\t<table class=\"date\">\n\t\t\t\t<tr>\n\t\t\t\t\t<td width=\"30\">\n\t\t\t\t\t\t<p><label><span class=\"wpcf7-form-control-wrap\" data-name=\"to_day\"><input size=\"40\" maxlength=\"400\" class=\"wpcf7-form-control wpcf7-text wpcf7-validates-as-required\" aria-required=\"true\" aria-invalid=\"false\" value=\"\" type=\"text\" name=\"to_day\" \/><\/span><\/label>\n\t\t\t\t\t\t<\/p>\n\t\t\t\t\t<\/td>\n\t\t\t\t\t<td width=\"30\">\n\t\t\t\t\t\t<p><label><span class=\"wpcf7-form-control-wrap\" data-name=\"to_month\"><input size=\"40\" maxlength=\"400\" class=\"wpcf7-form-control wpcf7-text wpcf7-validates-as-required\" aria-required=\"true\" aria-invalid=\"false\" value=\"\" type=\"text\" name=\"to_month\" \/><\/span><\/label>\n\t\t\t\t\t\t<\/p>\n\t\t\t\t\t<\/td>\n\t\t\t\t\t<td width=\"30\">\n\t\t\t\t\t\t<p><label><span class=\"wpcf7-form-control-wrap\" data-name=\"to_year\"><input size=\"40\" maxlength=\"400\" class=\"wpcf7-form-control wpcf7-text wpcf7-validates-as-required\" aria-required=\"true\" aria-invalid=\"false\" value=\"\" type=\"text\" name=\"to_year\" \/><\/span><\/label>\n\t\t\t\t\t\t<\/p>\n\t\t\t\t\t<\/td>\n\t\t\t\t<\/tr>\n\t\t\t\t<tr>\n\t\t\t\t\t<td>\n\t\t\t\t\t\t<p>TT\n\t\t\t\t\t\t<\/p>\n\t\t\t\t\t<\/td>\n\t\t\t\t\t<td>\n\t\t\t\t\t\t<p>MM\n\t\t\t\t\t\t<\/p>\n\t\t\t\t\t<\/td>\n\t\t\t\t\t<td>\n\t\t\t\t\t\t<p>JJJJ\n\t\t\t\t\t\t<\/p>\n\t\t\t\t\t<\/td>\n\t\t\t\t<\/tr>\n\t\t\t<\/table>\n\t\t<\/div>\n\t<\/div>\n\t<div class=\"row\">\n\t\t<div class=\"col-md-12\">\n\t\t\t<p><label>Contact *<\/label>\n\t\t\t<\/p>\n\t\t\t<tr>\n\t\t\t\t<td>\n\t\t\t\t\t<p><label><span class=\"wpcf7-form-control-wrap\" data-name=\"first_name\"><input size=\"40\" maxlength=\"400\" class=\"wpcf7-form-control wpcf7-text wpcf7-validates-as-required\" aria-required=\"true\" aria-invalid=\"false\" value=\"\" type=\"text\" name=\"first_name\" \/><\/span><\/label>\n\t\t\t\t\t<\/p>\n\t\t\t\t<\/td>\n\t\t\t\t<td style=\"width:20px;\">\n\t\t\t\t<\/td>\n\t\t\t\t<td>\n\t\t\t\t\t<p><label> <span class=\"wpcf7-form-control-wrap\" data-name=\"last_name\"><input size=\"40\" maxlength=\"400\" class=\"wpcf7-form-control wpcf7-text wpcf7-validates-as-required\" aria-required=\"true\" aria-invalid=\"false\" value=\"\" type=\"text\" name=\"last_name\" \/><\/span><\/label>\n\t\t\t\t\t<\/p>\n\t\t\t\t<\/td>\n\t\t\t<\/tr>\n\t\t\t<tr>\n\t\t\t\t<td>\n\t\t\t\t\t<p>Pr\u00e9nom\n\t\t\t\t\t<\/p>\n\t\t\t\t<\/td>\n\t\t\t\t<td>\n\t\t\t\t<\/td>\n\t\t\t\t<td>\n\t\t\t\t\t<p>Nom de famille\n\t\t\t\t\t<\/p>\n\t\t\t\t<\/td>\n\t\t\t<\/tr>\n\t\t\t<tr>\n\t\t\t\t<td>\n\t\t\t\t\t<p><label><span class=\"wpcf7-form-control-wrap\" data-name=\"firma_input\"><input size=\"40\" maxlength=\"400\" class=\"wpcf7-form-control wpcf7-text wpcf7-validates-as-required\" aria-required=\"true\" aria-invalid=\"false\" value=\"\" type=\"text\" name=\"firma_input\" \/><\/span><\/label>\n\t\t\t\t\t<\/p>\n\t\t\t\t<\/td>\n\t\t\t\t<td style=\"width:20px;\">\n\t\t\t\t<\/td>\n\t\t\t\t<td>\n\t\t\t\t\t<p><label> <span class=\"wpcf7-form-control-wrap\" data-name=\"adresse_input\"><input size=\"40\" maxlength=\"400\" class=\"wpcf7-form-control wpcf7-text wpcf7-validates-as-required\" aria-required=\"true\" aria-invalid=\"false\" value=\"\" type=\"text\" name=\"adresse_input\" \/><\/span><\/label>\n\t\t\t\t\t<\/p>\n\t\t\t\t<\/td>\n\t\t\t<\/tr>\n\t\t\t<tr>\n\t\t\t\t<td>\n\t\t\t\t\t<p>Soci\u00e9t\u00e9\n\t\t\t\t\t<\/p>\n\t\t\t\t<\/td>\n\t\t\t\t<td>\n\t\t\t\t<\/td>\n\t\t\t\t<td>\n\t\t\t\t\t<p>Adresse\n\t\t\t\t\t<\/p>\n\t\t\t\t<\/td>\n\t\t\t<\/tr>\n\t\t<\/div>\n\t<\/div>\n\t<div class=\"row\">\n\t\t<div class=\"col-md-12\">\n\t\t\t<p><label>Pourcentage de travail *<br \/>\n<span class=\"wpcf7-form-control-wrap\" data-name=\"task\"><input size=\"40\" maxlength=\"400\" class=\"wpcf7-form-control wpcf7-text wpcf7-validates-as-required\" aria-required=\"true\" aria-invalid=\"false\" value=\"\" type=\"text\" name=\"task\" \/><\/span> <\/label>\n\t\t\t<\/p>\n\t\t<\/div>\n\t<\/div>\n\t<div class=\"row\">\n\t\t<div class=\"col-md-12\">\n\t\t\t<p><label>Description du poste *<br \/>\n<span class=\"wpcf7-form-control-wrap\" data-name=\"description\"><textarea cols=\"40\" rows=\"10\" maxlength=\"2000\" class=\"wpcf7-form-control wpcf7-textarea wpcf7-validates-as-required\" aria-required=\"true\" aria-invalid=\"false\" name=\"description\"><\/textarea><\/span> <\/label>\n\t\t\t<\/p>\n\t\t<\/div>\n\t<\/div>\n\t<div class=\"row\">\n\t\t<div class=\"col-md-12\">\n\t\t\t<p><label>Courrier \u00e9lectronique *<br \/>\n<span class=\"wpcf7-form-control-wrap\" data-name=\"email\"><input size=\"40\" maxlength=\"400\" class=\"wpcf7-form-control wpcf7-email wpcf7-validates-as-required wpcf7-text wpcf7-validates-as-email\" aria-required=\"true\" aria-invalid=\"false\" value=\"\" type=\"email\" name=\"email\" \/><\/span> <\/label>\n\t\t\t<\/p>\n\t\t<\/div>\n\t<\/div>\n\t<div class=\"row\">\n\t\t<div class=\"col-md-12\">\n\t\t\t<p><label>T\u00e9l\u00e9phone *<br \/>\n<span class=\"wpcf7-form-control-wrap\" data-name=\"telephone\"><input size=\"40\" maxlength=\"400\" class=\"wpcf7-form-control wpcf7-text wpcf7-validates-as-required\" aria-required=\"true\" aria-invalid=\"false\" value=\"\" type=\"text\" name=\"telephone\" \/><\/span><\/label>\n\t\t\t<\/p>\n\t\t<\/div>\n\t<\/div>\n\t<div class=\"row\">\n\t\t<div class=\"col-md-12\">\n\t\t\t<p><label>Site web *<br \/>\n<span class=\"wpcf7-form-control-wrap\" data-name=\"webmail\"><input size=\"40\" maxlength=\"400\" class=\"wpcf7-form-control wpcf7-text wpcf7-validates-as-required\" aria-required=\"true\" aria-invalid=\"false\" value=\"\" type=\"text\" name=\"webmail\" \/><\/span><\/label>\n\t\t\t<\/p>\n\t\t<\/div>\n\t<\/div>\n\t<div class=\"row\">\n\t\t<div class=\"col-md-12\">\n\t\t\t<p><label>Adresse de la facture\/Remarques*<br \/>\n<span class=\"wpcf7-form-control-wrap\" data-name=\"rechnung\"><textarea cols=\"40\" rows=\"10\" maxlength=\"2000\" class=\"wpcf7-form-control wpcf7-textarea wpcf7-validates-as-required\" aria-required=\"true\" aria-invalid=\"false\" name=\"rechnung\"><\/textarea><\/span> <\/label>\n\t\t\t<\/p>\n\t\t<\/div>\n\t<\/div>\n\t<div class=\"row\">\n\t\t<div class=\"col-md-12\">\n\t\t\t<div class=\"sqs-block button-block sqs-block-button\" data-block-type=\"53\" id=\"block-yui_3_17_2_1_1554367339421_28582\">\n\t\t\t\t<div class=\"sqs-block-content\" id=\"yui_3_17_2_1_1564570384112_68\">\n\t\t\t\t\t<div class=\"sqs-block-button-container--left\" data-alignment=\"left\" data-button-size=\"small\" id=\"yui_3_17_2_1_1564570384112_67\">\n\t\t\t\t\t\t<p><label>Charger une offre d'emploi (pdf)<\/label><br \/>\n<span class=\"wpcf7-form-control-wrap\" data-name=\"upload_file\"><input size=\"40\" class=\"wpcf7-form-control wpcf7-drag-n-drop-file d-none\" aria-invalid=\"false\" type=\"file\" multiple=\"multiple\" data-name=\"upload_file\" data-type=\"jpg|png|gif|pdf|doc|docx|zip\" data-limit=\"5242880\" data-id=\"12659\" data-version=\"free version 1.3.9.6\" accept=\".jpg, .png, .gif, .pdf, .doc, .docx, .zip\" \/><\/span>\n\t\t\t\t\t\t<\/p>\n\t\t\t\t\t<\/div>\n\t\t\t\t<\/div>\n\t\t\t<\/div>\n\t\t<\/div>\n\t<\/div>\n\t<div class=\"row\">\n\t\t<div class=\"col-md-12\">\n\t\t\t<p><input class=\"wpcf7-form-control wpcf7-submit has-spinner btnBorder\" type=\"submit\" value=\"ENVOYER\" \/>\n\t\t\t<\/p>\n\t\t<\/div>\n\t<\/div>\n<\/div><div class=\"wpcf7-response-output\" aria-hidden=\"true\"><\/div>\n<\/form>\n<\/div>\n\n<\/div>\n<\/div><\/div><\/div><\/div><\/div>","protected":false},"excerpt":{"rendered":"<p>Annonces d&#8217;emploi Si vous appartenez \u00e0 une fonction publique, un bureau, une universit\u00e9 ou toute autre institution dans la G\u00e9oSc\u00e8ne, vous pouvez y placer une annonce d&#8217;emploi. Si vous souhaitez supprimer ou modifier votre annonce d&#8217;emploi, veuillez contacter notre bureau. &hellip; <a href=\"https:\/\/chgeol.org\/fr\/stelleninserate-fr\/\">Continuer la lecture <span class=\"meta-nav\">&rarr;<\/span><\/a><\/p>\n","protected":false},"author":999,"featured_media":0,"parent":0,"menu_order":0,"comment_status":"closed","ping_status":"closed","template":"","meta":{"_acf_changed":false,"inline_featured_image":false,"footnotes":""},"class_list":["post-12662","page","type-page","status-publish","hentry"],"acf":[],"_links":{"self":[{"href":"https:\/\/chgeol.org\/fr\/wp-json\/wp\/v2\/pages\/12662","targetHints":{"allow":["GET"]}}],"collection":[{"href":"https:\/\/chgeol.org\/fr\/wp-json\/wp\/v2\/pages"}],"about":[{"href":"https:\/\/chgeol.org\/fr\/wp-json\/wp\/v2\/types\/page"}],"author":[{"embeddable":true,"href":"https:\/\/chgeol.org\/fr\/wp-json\/wp\/v2\/users\/999"}],"replies":[{"embeddable":true,"href":"https:\/\/chgeol.org\/fr\/wp-json\/wp\/v2\/comments?post=12662"}],"version-history":[{"count":1,"href":"https:\/\/chgeol.org\/fr\/wp-json\/wp\/v2\/pages\/12662\/revisions"}],"predecessor-version":[{"id":12663,"href":"https:\/\/chgeol.org\/fr\/wp-json\/wp\/v2\/pages\/12662\/revisions\/12663"}],"wp:attachment":[{"href":"https:\/\/chgeol.org\/fr\/wp-json\/wp\/v2\/media?parent=12662"}],"curies":[{"name":"wp","href":"https:\/\/api.w.org\/{rel}","templated":true}]}}