{"id":13135,"date":"2021-01-28T16:29:22","date_gmt":"2021-01-28T16:29:22","guid":{"rendered":"https:\/\/chgeol.org\/?page_id=13135"},"modified":"2026-02-10T12:11:31","modified_gmt":"2026-02-10T10:11:31","slug":"geol_bim","status":"publish","type":"page","link":"https:\/\/chgeol.org\/fr\/geol_bim\/","title":{"rendered":"Projet d\u2019innovation GEOL_BIM"},"content":{"rendered":"<div id=\"pl-13135\"  class=\"panel-layout\" ><div id=\"pg-13135-0\"  class=\"panel-grid panel-has-style\" ><div class=\"slideTop siteorigin-panels-stretch panel-row-style panel-row-style-for-13135-0\" id=\"section1\" data-stretch-type=\"full-width-stretch\" ><div id=\"pgc-13135-0-0\"  class=\"panel-grid-cell\" ><div id=\"panel-13135-0-0-0\" class=\"so-panel widget widget_sow-editor panel-first-child panel-last-child\" data-index=\"0\" ><div\n\t\t\t\n\t\t\tclass=\"so-widget-sow-editor so-widget-sow-editor-base\"\n\t\t\t\n\t\t><h3 class=\"widget-title\">Projet d'innovation GEOL_BIM<\/h3>\n<div class=\"siteorigin-widget-tinymce textwidget\">\n\t<section data-target=\"section1\" data-section-menu=\"Award Titel\"><\/section>\n<section data-target=\"section2\" data-section-menu=\"Info\"><\/section>\n<section data-target=\"section3\" data-section-menu=\"Gewinner*innen\"><\/section>\n<div class=\"siteorigin-widget-tinymce textwidget\">\n<p><a class=\"downarrow\" href=\"#section2\"><span class=\"img_arrow\">Arrow<\/span><\/a><\/p>\n<\/div>\n<\/div>\n<\/div><\/div><\/div><\/div><\/div><div id=\"pg-13135-1\"  class=\"panel-grid panel-has-style\" ><div class=\"mobile_padding panel-row-style panel-row-style-for-13135-1\" id=\"section2\" ><div id=\"pgc-13135-1-0\"  class=\"panel-grid-cell\" ><div id=\"panel-13135-1-0-0\" class=\"so-panel widget widget_sow-editor panel-first-child\" data-index=\"1\" ><div\n\t\t\t\n\t\t\tclass=\"so-widget-sow-editor so-widget-sow-editor-base\"\n\t\t\t\n\t\t><h3 class=\"widget-title\">GEOL_BIM rassemble les connaissances pour une construction s\u00fbre<\/h3>\n<div class=\"siteorigin-widget-tinymce textwidget\">\n\t<p><strong style=\"font-size: 20px\">Building Information Modeling BIM est l\u2019avenir de la construction num\u00e9rique. Le BIM transforme les processus de planification et de travail et n\u00e9cessite, pour une mise en \u0153uvre r\u00e9ussie, une multitude d'informations qualifi\u00e9es issues de domaines tr\u00e8s vari\u00e9s. Dans le BIM nous somes \u00e9galement confront\u00e9s aux d\u00e9fis du Big Data, qui n\u2019\u00e9pargnent pas non plus le secteur de la g\u00e9ologie.<\/strong><\/p>\n<\/div>\n<\/div><\/div><div id=\"panel-13135-1-0-1\" class=\"so-panel widget widget_sow-image panel-last-child\" data-index=\"2\" ><div\n\t\t\t\n\t\t\tclass=\"so-widget-sow-image so-widget-sow-image-default-c67d20f9f743-13135\"\n\t\t\t\n\t\t>\n<div class=\"sow-image-container\">\n\t\t<img \n\tsrc=\"https:\/\/chgeol.org\/wp-content\/uploads\/2020\/11\/SwisstopoUntergrund2.jpg\" width=\"936\" height=\"500\" srcset=\"https:\/\/chgeol.org\/wp-content\/uploads\/2020\/11\/SwisstopoUntergrund2.jpg 936w, https:\/\/chgeol.org\/wp-content\/uploads\/2020\/11\/SwisstopoUntergrund2-300x160.jpg 300w, https:\/\/chgeol.org\/wp-content\/uploads\/2020\/11\/SwisstopoUntergrund2-768x410.jpg 768w, https:\/\/chgeol.org\/wp-content\/uploads\/2020\/11\/SwisstopoUntergrund2-500x267.jpg 500w\" sizes=\"(max-width: 936px) 100vw, 936px\" alt=\"\" \t\tclass=\"so-widget-image\"\/>\n\t<\/div>\n\n<\/div><\/div><\/div><\/div><\/div><div id=\"pg-13135-2\"  class=\"panel-grid panel-has-style\" ><div class=\"panel-row-style panel-row-style-for-13135-2\" ><div id=\"pgc-13135-2-0\"  class=\"panel-grid-cell\" ><div id=\"panel-13135-2-0-0\" class=\"so-panel widget widget_sow-editor panel-first-child panel-last-child\" data-index=\"3\" ><div class=\"servicesSection panel-widget-style panel-widget-style-for-13135-2-0-0\" ><div\n\t\t\t\n\t\t\tclass=\"so-widget-sow-editor so-widget-sow-editor-base\"\n\t\t\t\n\t\t>\n<div class=\"siteorigin-widget-tinymce textwidget\">\n\t<p>Avec le projet d\u2019innovation GEOL_BIM, des donn\u00e9es g\u00e9ologiques spatiales (mod\u00e8les 3D, cartes SIG) sont regroup\u00e9es num\u00e9riquement avec des informations d\u00e9taill\u00e9es sur les b\u00e2timents (mod\u00e8les BIM, plans de construction). En d\u00e9cembre 2019, Innosuisse, l\u2019Agence suisse pour l\u2019encouragement de l\u2019innovation dans l\u2019int\u00e9r\u00eat de l\u2019\u00e9conomie et de la soci\u00e9t\u00e9, a approuv\u00e9 la demande de soutien financier pour le projet GEOL_BIM. Le projet a d\u00e9but\u00e9 en mars 2020 et s'est achev\u00e9 au printemps 2022. Sa mise en \u0153uvre a \u00e9t\u00e9 assur\u00e9e par le Service g\u00e9ologique national de swisstopo et la Haute \u00e9cole sp\u00e9cialis\u00e9e du Nord-Ouest de la Suisse (FHNW) sous la direction de l'Association suisse des g\u00e9ologues CHGEOL.<\/p>\n<p>&nbsp;<\/p>\n<p>Des offices f\u00e9d\u00e9raux, organisations et entreprises de renom ont particip\u00e9 au projet GEOL_BIM. Ainsi, des experts qualifi\u00e9s de l\u2019OFROU, BTG B\u00fcro f\u00fcr Technische Geologie AG, CSD Ing\u00e9nieurs SA, De C\u00e9renville G\u00e9otechnique, GeoMod, GEOTEST, G\u00e9otechnique Suisse, J\u00e4ckli Geologie, la Conf\u00e9rence du sous-sol g\u00e9ologique (CSG), Lombardi SA, la Nagra, les CFF, Schenker Richter Graf et la Fondation de pr\u00e9vention des \u00e9tablissements cantonaux d\u2019assurance ont particip\u00e9 au projet GEOL_BIM et ont contribu\u00e9\u00e0 ce que les solutions d\u00e9velopp\u00e9es dans le cadre du projet soient r\u00e9alisables en pratique.<\/p>\n<p>&nbsp;<\/p>\n<p>Les r\u00e9sultats du projet ont \u00e9t\u00e9 les suivants :<\/p>\n<ul class=\"bulletList\">\n<li>Standardisation de la collecte des donn\u00e9es g\u00e9ologiques \u00e0 l\u2019aide d\u2019un mod\u00e8le de donn\u00e9es<\/li>\n<li>Mise \u00e0 disposition d'un mod\u00e8le conceptuel pour le transfert d\u2019informations g\u00e9ologiques dans le BIM<\/li>\n<li>D\u00e9veloppement d'interfaces et de logiciels pour l\u2019\u00e9change d'informations g\u00e9ologiques avec le BIM<\/li>\n<li>Exemples d\u2019application issus de projets concrets, pr\u00e9sentant les interfaces et outils logiciels n\u00e9cessaires ainsi que les mod\u00e8les d\u2019ouvrages g\u00e9n\u00e9r\u00e9s<\/li>\n<li>Elaboration d'un concept de formation et de perfectionnement<\/li>\n<\/ul>\n<\/div>\n<\/div><\/div><\/div><\/div><div id=\"pgc-13135-2-1\"  class=\"panel-grid-cell\" ><div id=\"panel-13135-2-1-0\" class=\"so-panel widget widget_sow-editor panel-first-child panel-last-child\" data-index=\"4\" ><div class=\"servicesSection panel-widget-style panel-widget-style-for-13135-2-1-0\" ><div\n\t\t\t\n\t\t\tclass=\"so-widget-sow-editor so-widget-sow-editor-base\"\n\t\t\t\n\t\t>\n<div class=\"siteorigin-widget-tinymce textwidget\">\n\t<p>Le projet visait \u00e0 importer un mod\u00e8le g\u00e9ologique 3D dans un environnement de donn\u00e9es commun (CDE) et \u00e0 cr\u00e9er des profils g\u00e9ologiques avec l\u2019indication de l\u2019exactitude\u00a0 de la pr\u00e9cision en tout point. Les r\u00e9sultats ont \u00e9t\u00e9 test\u00e9s \u00e0 l'aide de cas d\u2019usage issus de la pratique et couvrent, entre autres, les applications suivantes :<\/p>\n<ul class=\"bulletList\">\n<li>La fonction de base mentionn\u00e9e ci-dessus permet par exemple l\u2019\u00e9laboration de diff\u00e9rents trac\u00e9s, notamment pour des tunnels, la d\u00e9termination de la quantit\u00e9 de mat\u00e9riaux d\u2019excavation et la planification d\u2019investigations suppl\u00e9mentaires visant pour am\u00e9liorer la qualit\u00e9 des pr\u00e9visions.<\/li>\n<li>Les propri\u00e9t\u00e9s du sol sont \u00e9galement transf\u00e9r\u00e9es dans le CDE du BIM. Cela permet de les r\u00e9utiliser directement pour la mod\u00e9lisation et le calcul du dimensionnement des fondations et des syst\u00e8mes de sout\u00e8nement des excavations.<\/li>\n<li>Le transfert d'informations relatives aux dangers et aux intensit\u00e9s des processus gravitationnels vers un environnement BIM facilite enfin la planification d'ouvrages de protection \u00e0 proximit\u00e9 imm\u00e9diate de l'objet. Pour la phase op\u00e9rationnelle de l'ouvrage, les r\u00e9sultats des mesures issues de la surveillance des glissements de terrain permanents peuvent \u00eatre mis \u00e0 disposition dans le BIM, ce qui permet la planification des travaux de maintenance pr\u00e9ventifs. En outre, cela permet de r\u00e9int\u00e9grer les donn\u00e9es de d\u00e9placements de masse enregistr\u00e9es lors de la phase op\u00e9rationnelle dans le mod\u00e8le g\u00e9ologique, assurant ainsi un mod\u00e8le 3D constamment actualis\u00e9.<\/li>\n<\/ul>\n<p>Une fois le projet achev\u00e9 en 2022, GEOL_BIM a pu \u00eatre diffus\u00e9 \u00e0 grande \u00e9chelle. Les fonctions de base d\u00e9velopp\u00e9es et publi\u00e9es sous forme de code Open Source sur <a href=\"https:\/\/gitlab.com\/CHGEOL\/geol_bim\">https:\/\/gitlab.com\/CHGEOL\/geol_bim<\/a> permettent l\u2019exportation d\u2019informations g\u00e9ologiques au format IFC 4.0.<\/p>\n<p>La version 4.0 de 2018 (ISO 16739-1:2018) est un format d'\u00e9change qui, en 2022, ne disposait pas encore d'entit\u00e9s pour l'\u00e9change de donn\u00e9es g\u00e9ographiques. Il a fallu attendre l\u2019ann\u00e9e 2024 pour le d\u00e9veloppement d\u2019une premi\u00e8re version d\u2019IFC qui, dans le cadre de la normalisation des informations sur les ouvrages, prenne pour la premi\u00e8re fois en compte les donn\u00e9es g\u00e9ographiques\u00a0 (IFC 4.3 ADD2, ISO 16739-1:2024). Outre les conclusions de nombreuses autres \u00e9tudes, les r\u00e9sultats obtenus dans le cadre du projet GEOL_BIM ont d\u00e9j\u00e0 servi de base pratique lors de l'\u00e9laboration des normes IFC 4.3 et 5.0. D'autres organisations utilisent les fonctionnalit\u00e9s de GEOL_BIM pour des d\u00e9veloppements sp\u00e9cifiques et des int\u00e9grations dans leur propre paysage syst\u00e8me. Des travaux de recherche, par exemple sur l\u2019impl\u00e9mentation de mod\u00e8les probabilistes de sols de fondation dans l\u2019IFC (Wiegel et al. 2024), s'appuient \u00e9galement sur les bases de GEOL_BIM. Ceux-ci sont \u00e9galement mis \u00e0 la disposition de la communaut\u00e9 int\u00e9ress\u00e9e sous forme de code Open Source (voir par exemple <a href=\"https:\/\/github.com\/andreas-wiegel\/geo_model_ifc\">https:\/\/github.com\/andreas-wiegel\/geo_model_ifc<\/a>). Le mod\u00e8le de donn\u00e9es a \u00e9t\u00e9 repris par Swisstopo, qui en assure la maintenance et le d\u00e9veloppement, afin que le standard d\u00e9fini puisse \u00eatre utilis\u00e9 en Suisse et que l'interop\u00e9rabilit\u00e9 lors de l'\u00e9change de donn\u00e9es soit garantie. Les outils de mod\u00e9lisation g\u00e9ologique 3D proposent de plus en plus souvent des fonctions d'exportation IFC, qui correspondent g\u00e9n\u00e9ralement aux normes ISO mentionn\u00e9es pr\u00e9c\u00e9demment. Avec GEOL_BIM, CHGEOL a illustr\u00e9 et document\u00e9 de mani\u00e8re exemplaire les besoins de la communaut\u00e9 g\u00e9ologique suisse en mati\u00e8re d'\u00e9change d'informations entre la g\u00e9ologie et le BIM, apportant ainsi sa contribution au d\u00e9veloppement de formats d\u2019\u00e9change. CHGEOL ne pr\u00e9voit pas actuellement de d\u00e9velopper de mani\u00e8re proactive l'interface IFC. Toute initiative \u00e9ventuelle des utilisateurs visant \u00e0 des extensions pour d\u2019autres cas d\u2019application est toutefois volontiers soutenue par CHGEOL. Gr\u00e2ce \u00e0 la vaste expertise de ses membres, CHGEOL continuera \u00e0 s'engager en faveur de la coop\u00e9ration dans le processus de construction et de l'harmonisation des informations concernant le sous-sol g\u00e9ologique. Nous serons ravis de discuter avec vous de vos id\u00e9es.<\/p>\n<p>&nbsp;<\/p>\n<p>Pour toute question suppl\u00e9mentaire, veuillez vous adresser \u00e0 <a href=\"m&#97;&#x69;&#x6c;t&#111;&#x3a;&#x69;n&#102;&#x6f;&#x40;c&#104;&#x67;&#x65;o&#108;&#x2e;&#x63;h\">i&#110;&#102;&#x6f;&#x40;ch&#103;&#101;&#x6f;&#x6c;&#46;c&#104;<\/a>.<\/p>\n<\/div>\n<\/div><\/div><\/div><\/div><\/div><\/div><div id=\"pg-13135-3\"  class=\"panel-grid panel-has-style\" ><div class=\"panel-row-style panel-row-style-for-13135-3\" ><div id=\"pgc-13135-3-0\"  class=\"panel-grid-cell\" ><div id=\"panel-13135-3-0-0\" class=\"so-panel widget widget_sow-button panel-first-child panel-last-child\" data-index=\"5\" ><div class=\"button_special panel-widget-style panel-widget-style-for-13135-3-0-0\" ><div\n\t\t\t\n\t\t\tclass=\"so-widget-sow-button so-widget-sow-button-atom-f54c0409268f-13135\"\n\t\t\t\n\t\t><div class=\"ow-button-base ow-button-align-center\"\n>\n\t\t\t<a\n\t\t\t\t\thref=\"https:\/\/chgeol.org\/wp-content\/uploads\/2021\/01\/Flyer_Projekt_geol_bim.pdf\"\n\t\t\t\t\tclass=\"sowb-button ow-icon-placement-left ow-button-hover\" \t>\n\t\t<span>\n\t\t\t\n\t\t\tFLYER\t\t<\/span>\n\t\t\t<\/a>\n\t<\/div>\n<\/div><\/div><\/div><\/div><\/div><\/div><div id=\"pg-13135-4\"  class=\"panel-grid panel-has-style\" ><div class=\"panel-row-style panel-row-style-for-13135-4\" ><div id=\"pgc-13135-4-0\"  class=\"panel-grid-cell\" ><div id=\"panel-13135-4-0-0\" class=\"so-panel widget widget_sow-editor panel-first-child panel-last-child\" data-index=\"6\" ><div\n\t\t\t\n\t\t\tclass=\"so-widget-sow-editor so-widget-sow-editor-base\"\n\t\t\t\n\t\t>\n<div class=\"siteorigin-widget-tinymce textwidget\">\n\t<h2>Publications<\/h2>\n<p>&nbsp;<\/p>\n<ul class=\"bulletList\" data-rte-list=\"default\">\n<li><a href=\"https:\/\/chgeol.org\/wp-content\/uploads\/2021\/04\/GrundlagenBimMethode.pdf\">Grundlagen BIM-Methode (en allemand)<\/a><\/li>\n<li><a href=\"https:\/\/chgeol.org\/wp-content\/uploads\/2021\/04\/GrundlagenGeologie.pdf\">Grundlagen Geologie (en allemand)<\/a><\/li>\n<\/ul>\n<p>&nbsp;<\/p>\n<\/div>\n<\/div><\/div><\/div><\/div><\/div><div id=\"pg-13135-5\"  class=\"panel-grid panel-has-style\" ><div class=\"panel-row-style panel-row-style-for-13135-5\" ><div id=\"pgc-13135-5-0\"  class=\"panel-grid-cell panel-grid-cell-empty\" ><\/div><\/div><\/div><div id=\"pg-13135-6\"  class=\"panel-grid panel-no-style\" ><div id=\"pgc-13135-6-0\"  class=\"panel-grid-cell\" ><div id=\"panel-13135-6-0-0\" class=\"so-panel widget widget_sow-image panel-first-child panel-last-child\" data-index=\"7\" ><div\n\t\t\t\n\t\t\tclass=\"so-widget-sow-image so-widget-sow-image-default-8b5b6f678277-13135\"\n\t\t\t\n\t\t>\n<div class=\"sow-image-container\">\n\t\t<img \n\tsrc=\"https:\/\/chgeol.org\/wp-content\/uploads\/2020\/11\/Innosuisse-LogoMitBeschrieb.png\" width=\"577\" height=\"250\" srcset=\"https:\/\/chgeol.org\/wp-content\/uploads\/2020\/11\/Innosuisse-LogoMitBeschrieb.png 577w, https:\/\/chgeol.org\/wp-content\/uploads\/2020\/11\/Innosuisse-LogoMitBeschrieb-300x130.png 300w, https:\/\/chgeol.org\/wp-content\/uploads\/2020\/11\/Innosuisse-LogoMitBeschrieb-500x217.png 500w\" sizes=\"(max-width: 577px) 100vw, 577px\" alt=\"\" \t\tclass=\"so-widget-image\"\/>\n\t<\/div>\n\n<\/div><\/div><\/div><div id=\"pgc-13135-6-1\"  class=\"panel-grid-cell\" ><div id=\"panel-13135-6-1-0\" class=\"so-panel widget widget_sow-image panel-first-child panel-last-child\" data-index=\"8\" ><div\n\t\t\t\n\t\t\tclass=\"so-widget-sow-image so-widget-sow-image-default-8b5b6f678277-13135\"\n\t\t\t\n\t\t>\n<div class=\"sow-image-container\">\n\t\t<img \n\tsrc=\"https:\/\/chgeol.org\/wp-content\/uploads\/2020\/11\/Swisstopo-LogoMitBeschrieb.png\" width=\"1704\" height=\"785\" srcset=\"https:\/\/chgeol.org\/wp-content\/uploads\/2020\/11\/Swisstopo-LogoMitBeschrieb.png 1704w, https:\/\/chgeol.org\/wp-content\/uploads\/2020\/11\/Swisstopo-LogoMitBeschrieb-300x138.png 300w, https:\/\/chgeol.org\/wp-content\/uploads\/2020\/11\/Swisstopo-LogoMitBeschrieb-1024x472.png 1024w, https:\/\/chgeol.org\/wp-content\/uploads\/2020\/11\/Swisstopo-LogoMitBeschrieb-768x354.png 768w, https:\/\/chgeol.org\/wp-content\/uploads\/2020\/11\/Swisstopo-LogoMitBeschrieb-1536x708.png 1536w, https:\/\/chgeol.org\/wp-content\/uploads\/2020\/11\/Swisstopo-LogoMitBeschrieb-500x230.png 500w\" sizes=\"(max-width: 1704px) 100vw, 1704px\" alt=\"\" \t\tclass=\"so-widget-image\"\/>\n\t<\/div>\n\n<\/div><\/div><\/div><div id=\"pgc-13135-6-2\"  class=\"panel-grid-cell\" ><div id=\"panel-13135-6-2-0\" class=\"so-panel widget widget_sow-image panel-first-child panel-last-child\" data-index=\"9\" ><div\n\t\t\t\n\t\t\tclass=\"so-widget-sow-image so-widget-sow-image-default-8b5b6f678277-13135\"\n\t\t\t\n\t\t>\n<div class=\"sow-image-container\">\n\t\t<img \n\tsrc=\"https:\/\/chgeol.org\/wp-content\/uploads\/2020\/11\/FHNW-LogoMitBeschrieb.png\" width=\"943\" height=\"119\" srcset=\"https:\/\/chgeol.org\/wp-content\/uploads\/2020\/11\/FHNW-LogoMitBeschrieb.png 943w, https:\/\/chgeol.org\/wp-content\/uploads\/2020\/11\/FHNW-LogoMitBeschrieb-300x38.png 300w, https:\/\/chgeol.org\/wp-content\/uploads\/2020\/11\/FHNW-LogoMitBeschrieb-768x97.png 768w, https:\/\/chgeol.org\/wp-content\/uploads\/2020\/11\/FHNW-LogoMitBeschrieb-500x63.png 500w\" sizes=\"(max-width: 943px) 100vw, 943px\" alt=\"\" \t\tclass=\"so-widget-image\"\/>\n\t<\/div>\n\n<\/div><\/div><\/div><div id=\"pgc-13135-6-3\"  class=\"panel-grid-cell\" ><div id=\"panel-13135-6-3-0\" class=\"so-panel widget widget_sow-image panel-first-child panel-last-child\" data-index=\"10\" ><div\n\t\t\t\n\t\t\tclass=\"so-widget-sow-image so-widget-sow-image-default-8b5b6f678277-13135\"\n\t\t\t\n\t\t>\n<div class=\"sow-image-container\">\n\t\t<img \n\tsrc=\"https:\/\/chgeol.org\/wp-content\/uploads\/2020\/11\/CHGEOL-LogoMitBeschrieb.png\" width=\"1071\" height=\"237\" srcset=\"https:\/\/chgeol.org\/wp-content\/uploads\/2020\/11\/CHGEOL-LogoMitBeschrieb.png 1071w, https:\/\/chgeol.org\/wp-content\/uploads\/2020\/11\/CHGEOL-LogoMitBeschrieb-300x66.png 300w, https:\/\/chgeol.org\/wp-content\/uploads\/2020\/11\/CHGEOL-LogoMitBeschrieb-1024x227.png 1024w, https:\/\/chgeol.org\/wp-content\/uploads\/2020\/11\/CHGEOL-LogoMitBeschrieb-768x170.png 768w, https:\/\/chgeol.org\/wp-content\/uploads\/2020\/11\/CHGEOL-LogoMitBeschrieb-500x111.png 500w\" sizes=\"(max-width: 1071px) 100vw, 1071px\" alt=\"\" \t\tclass=\"so-widget-image\"\/>\n\t<\/div>\n\n<\/div><\/div><\/div><\/div><\/div>","protected":false},"excerpt":{"rendered":"<p>Arrow Building Information Modeling BIM est l\u2019avenir de la construction num\u00e9rique. Le BIM transforme les processus de planification et de travail et n\u00e9cessite, pour une mise en \u0153uvre r\u00e9ussie, une multitude d&rsquo;informations qualifi\u00e9es issues de domaines tr\u00e8s vari\u00e9s. Dans le &hellip; <a href=\"https:\/\/chgeol.org\/fr\/geol_bim\/\">Continuer la lecture <span class=\"meta-nav\">&rarr;<\/span><\/a><\/p>\n","protected":false},"author":985,"featured_media":0,"parent":0,"menu_order":0,"comment_status":"closed","ping_status":"closed","template":"","meta":{"_acf_changed":false,"inline_featured_image":false,"footnotes":""},"class_list":["post-13135","page","type-page","status-publish","hentry"],"acf":[],"_links":{"self":[{"href":"https:\/\/chgeol.org\/fr\/wp-json\/wp\/v2\/pages\/13135","targetHints":{"allow":["GET"]}}],"collection":[{"href":"https:\/\/chgeol.org\/fr\/wp-json\/wp\/v2\/pages"}],"about":[{"href":"https:\/\/chgeol.org\/fr\/wp-json\/wp\/v2\/types\/page"}],"author":[{"embeddable":true,"href":"https:\/\/chgeol.org\/fr\/wp-json\/wp\/v2\/users\/985"}],"replies":[{"embeddable":true,"href":"https:\/\/chgeol.org\/fr\/wp-json\/wp\/v2\/comments?post=13135"}],"version-history":[{"count":14,"href":"https:\/\/chgeol.org\/fr\/wp-json\/wp\/v2\/pages\/13135\/revisions"}],"predecessor-version":[{"id":32006,"href":"https:\/\/chgeol.org\/fr\/wp-json\/wp\/v2\/pages\/13135\/revisions\/32006"}],"wp:attachment":[{"href":"https:\/\/chgeol.org\/fr\/wp-json\/wp\/v2\/media?parent=13135"}],"curies":[{"name":"wp","href":"https:\/\/api.w.org\/{rel}","templated":true}]}}