{"id":543,"date":"2013-12-08T13:14:49","date_gmt":"2013-12-08T13:14:49","guid":{"rendered":"https:\/\/www.chgeol.org\/?page_id=543"},"modified":"2024-12-11T17:18:38","modified_gmt":"2024-12-11T15:18:38","slug":"login","status":"publish","type":"page","link":"https:\/\/chgeol.org\/fr\/login\/","title":{"rendered":"Login"},"content":{"rendered":"<p><strong><em>Si prega di non modificare autonomamente i propri dati personali (a causa di cambiamenti nel sistema di background), ma di inviare un&rsquo;e-mail a in&#102;&#111;&#x40;&#x63;&#x68;&#x67;eo&#108;&#46;&#x6f;&#x72;&#x67;.<\/em><\/strong><\/p>\n<p><strong><em>Veuillez ne pas modifier vous-m\u00eame vos donn\u00e9es personnelles (en raison d&rsquo;un changement dans le syst\u00e8me background), mais envoyez un e-mail \u00e0 &#x69;&#110;f&#x6f;&#x40;&#99;h&#x67;&#x65;&#111;l&#x2e;&#x6f;&#114;g.<\/em><\/strong><\/p>\n<p><strong><em>Bitte \u00e4ndern Sie Ihre pers\u00f6nlichen Daten nicht selbst (aufgrund Umstellung im Backgroundsystem), sondern senden Sie eine Email an &#x69;&#x6e;&#102;&#111;&#64;c&#x68;&#x67;&#x65;&#111;l&#46;&#x6f;&#x72;&#x67;.<\/em><\/strong><\/p>\n<h2><\/h2>\n<h2>Mot de passe oubli\u00e9?<\/h2>\n<p>Si vous avez oubli\u00e9 votre mot de passe demandez-en un nouveau <a title=\"Mot de passe oubli\u00e9\" href=\"https:\/\/chgeol.org\/fr\/mot-de-passe-oublie\/\">ici<\/a>.<\/p>\n","protected":false},"excerpt":{"rendered":"<p>Si prega di non modificare autonomamente i propri dati personali (a causa di cambiamenti nel sistema di background), ma di inviare un&rsquo;e-mail a &#x69;&#x6e;&#x66;&#111;&#64;ch&#x67;&#x65;&#x6f;&#x6c;&#46;&#111;rg. Veuillez ne pas modifier vous-m\u00eame vos donn\u00e9es personnelles (en raison d&rsquo;un changement dans le syst\u00e8me background), &hellip; <a href=\"https:\/\/chgeol.org\/fr\/login\/\">Continuer la lecture <span class=\"meta-nav\">&rarr;<\/span><\/a><\/p>\n","protected":false},"author":977,"featured_media":0,"parent":0,"menu_order":0,"comment_status":"closed","ping_status":"closed","template":"tpl_login.php","meta":{"_acf_changed":false,"inline_featured_image":false,"footnotes":""},"class_list":["post-543","page","type-page","status-publish","hentry"],"acf":[],"_links":{"self":[{"href":"https:\/\/chgeol.org\/fr\/wp-json\/wp\/v2\/pages\/543","targetHints":{"allow":["GET"]}}],"collection":[{"href":"https:\/\/chgeol.org\/fr\/wp-json\/wp\/v2\/pages"}],"about":[{"href":"https:\/\/chgeol.org\/fr\/wp-json\/wp\/v2\/types\/page"}],"author":[{"embeddable":true,"href":"https:\/\/chgeol.org\/fr\/wp-json\/wp\/v2\/users\/977"}],"replies":[{"embeddable":true,"href":"https:\/\/chgeol.org\/fr\/wp-json\/wp\/v2\/comments?post=543"}],"version-history":[{"count":22,"href":"https:\/\/chgeol.org\/fr\/wp-json\/wp\/v2\/pages\/543\/revisions"}],"predecessor-version":[{"id":30700,"href":"https:\/\/chgeol.org\/fr\/wp-json\/wp\/v2\/pages\/543\/revisions\/30700"}],"wp:attachment":[{"href":"https:\/\/chgeol.org\/fr\/wp-json\/wp\/v2\/media?parent=543"}],"curies":[{"name":"wp","href":"https:\/\/api.w.org\/{rel}","templated":true}]}}