{"id":6398,"date":"2017-10-17T14:30:29","date_gmt":"2017-10-17T14:30:29","guid":{"rendered":"https:\/\/www.chgeol.org\/?page_id=6398"},"modified":"2020-06-25T14:42:47","modified_gmt":"2020-06-25T14:42:47","slug":"prises-de-position","status":"publish","type":"page","link":"https:\/\/chgeol.org\/fr\/services\/prises-de-position\/","title":{"rendered":"Prises de position"},"content":{"rendered":"<div id=\"pl-6398\"  class=\"panel-layout\" ><div id=\"pg-6398-0\"  class=\"panel-grid panel-no-style\" ><div id=\"pgc-6398-0-0\"  class=\"panel-grid-cell\" ><div id=\"panel-6398-0-0-0\" class=\"so-panel widget widget_sow-editor panel-first-child panel-last-child\" data-index=\"0\" ><div\n\t\t\t\n\t\t\tclass=\"so-widget-sow-editor so-widget-sow-editor-base\"\n\t\t\t\n\t\t>\n<div class=\"siteorigin-widget-tinymce textwidget\">\n\t<p>Le CH<strong>GEOL<\/strong> coordonne les d\u00e9clarations lors de consultations nationales de haut niveau sur des sujets relatifs aux g\u00e9osciences. Les d\u00e9clarations en attente et termin\u00e9es sont r\u00e9pertori\u00e9es ici de mani\u00e8re continue. Vous devez vous <a href=\"https:\/\/chgeol.org\/fr\/login\/\">connecter<\/a> pour voir plus d'informations sur les commentaires.<\/p>\n<\/div>\n<\/div><\/div><\/div><\/div><\/div>","protected":false},"excerpt":{"rendered":"<p>Le CHGEOL coordonne les d\u00e9clarations lors de consultations nationales de haut niveau sur des sujets relatifs aux g\u00e9osciences. Les d\u00e9clarations en attente et termin\u00e9es sont r\u00e9pertori\u00e9es ici de mani\u00e8re continue. Vous devez vous connecter pour voir plus d&rsquo;informations sur les &hellip; <a href=\"https:\/\/chgeol.org\/fr\/services\/prises-de-position\/\">Continuer la lecture <span class=\"meta-nav\">&rarr;<\/span><\/a><\/p>\n","protected":false},"author":977,"featured_media":0,"parent":9640,"menu_order":0,"comment_status":"closed","ping_status":"closed","template":"","meta":{"_acf_changed":false,"inline_featured_image":false,"footnotes":""},"class_list":["post-6398","page","type-page","status-publish","hentry"],"acf":[],"_links":{"self":[{"href":"https:\/\/chgeol.org\/fr\/wp-json\/wp\/v2\/pages\/6398","targetHints":{"allow":["GET"]}}],"collection":[{"href":"https:\/\/chgeol.org\/fr\/wp-json\/wp\/v2\/pages"}],"about":[{"href":"https:\/\/chgeol.org\/fr\/wp-json\/wp\/v2\/types\/page"}],"author":[{"embeddable":true,"href":"https:\/\/chgeol.org\/fr\/wp-json\/wp\/v2\/users\/977"}],"replies":[{"embeddable":true,"href":"https:\/\/chgeol.org\/fr\/wp-json\/wp\/v2\/comments?post=6398"}],"version-history":[{"count":4,"href":"https:\/\/chgeol.org\/fr\/wp-json\/wp\/v2\/pages\/6398\/revisions"}],"predecessor-version":[{"id":12721,"href":"https:\/\/chgeol.org\/fr\/wp-json\/wp\/v2\/pages\/6398\/revisions\/12721"}],"up":[{"embeddable":true,"href":"https:\/\/chgeol.org\/fr\/wp-json\/wp\/v2\/pages\/9640"}],"wp:attachment":[{"href":"https:\/\/chgeol.org\/fr\/wp-json\/wp\/v2\/media?parent=6398"}],"curies":[{"name":"wp","href":"https:\/\/api.w.org\/{rel}","templated":true}]}}