{"id":913,"date":"2014-01-16T15:27:38","date_gmt":"2014-01-16T15:27:38","guid":{"rendered":"https:\/\/www.chgeol.org\/?page_id=913"},"modified":"2022-11-01T17:29:23","modified_gmt":"2022-11-01T15:29:23","slug":"agenda","status":"publish","type":"page","link":"https:\/\/chgeol.org\/fr\/agenda\/","title":{"rendered":"Agenda"},"content":{"rendered":"<div id=\"pl-913\"  class=\"panel-layout\" ><div id=\"pg-913-0\"  class=\"panel-grid panel-no-style\" ><div id=\"pgc-913-0-0\"  class=\"panel-grid-cell\" ><div id=\"panel-913-0-0-0\" class=\"so-panel widget widget_sow-editor panel-first-child panel-last-child\" data-index=\"0\" ><div class=\"panel-widget-style panel-widget-style-for-913-0-0-0\" ><div\n\t\t\t\n\t\t\tclass=\"so-widget-sow-editor so-widget-sow-editor-base\"\n\t\t\t\n\t\t>\n<div class=\"siteorigin-widget-tinymce textwidget\">\n\t<p>Vous trouverez ici des informations sur les futurs \u00e9v\u00e9nements et les formations continues.<\/p>\n<p>&nbsp;<\/p>\n<p>Vous souhaitez publier un \u00e9v\u00e9nement ici? Veuillez contacter notre <a href=\"https:\/\/chgeol.org\/fr\/contact\/\">bureau par courrier \u00e9lectronique<\/a>: <a href=\"&#x6d;&#x61;&#x69;&#x6c;&#x74;&#x6f;&#x3a;&#x69;&#x6e;&#x66;&#x6f;&#x40;&#x63;&#x68;&#x67;&#x65;&#x6f;&#x6c;&#x2e;&#x6f;&#x72;&#x67;\">&#x69;&#x6e;&#x66;&#x6f;&#x40;&#x63;&#x68;&#x67;&#101;&#111;&#108;&#46;&#111;&#114;&#103;<\/a>.<\/p>\n<p>&nbsp;<\/p>\n<p>Vous trouverez ici une liste des <a href=\"https:\/\/chgeol.org\/weiterbildungsangebote-im-bereich-geologie\/\">formations continues r\u00e9guli\u00e8res<\/a>.<\/p>\n<\/div>\n<\/div><\/div><\/div><\/div><\/div><\/div>","protected":false},"excerpt":{"rendered":"<p>Vous trouverez ici des informations sur les futurs \u00e9v\u00e9nements et les formations continues. &nbsp; Vous souhaitez publier un \u00e9v\u00e9nement ici? Veuillez contacter notre bureau par courrier \u00e9lectronique: &#105;&#x6e;&#102;&#x6f;&#64;&#x63;h&#103;&#x65;&#111;&#x6c;&#46;&#x6f;r&#x67;. &nbsp; Vous trouverez ici une liste des formations continues r\u00e9guli\u00e8res.<\/p>\n","protected":false},"author":977,"featured_media":0,"parent":0,"menu_order":0,"comment_status":"closed","ping_status":"open","template":"","meta":{"_acf_changed":false,"inline_featured_image":false,"footnotes":""},"class_list":["post-913","page","type-page","status-publish","hentry"],"acf":[],"_links":{"self":[{"href":"https:\/\/chgeol.org\/fr\/wp-json\/wp\/v2\/pages\/913","targetHints":{"allow":["GET"]}}],"collection":[{"href":"https:\/\/chgeol.org\/fr\/wp-json\/wp\/v2\/pages"}],"about":[{"href":"https:\/\/chgeol.org\/fr\/wp-json\/wp\/v2\/types\/page"}],"author":[{"embeddable":true,"href":"https:\/\/chgeol.org\/fr\/wp-json\/wp\/v2\/users\/977"}],"replies":[{"embeddable":true,"href":"https:\/\/chgeol.org\/fr\/wp-json\/wp\/v2\/comments?post=913"}],"version-history":[{"count":6,"href":"https:\/\/chgeol.org\/fr\/wp-json\/wp\/v2\/pages\/913\/revisions"}],"predecessor-version":[{"id":27360,"href":"https:\/\/chgeol.org\/fr\/wp-json\/wp\/v2\/pages\/913\/revisions\/27360"}],"wp:attachment":[{"href":"https:\/\/chgeol.org\/fr\/wp-json\/wp\/v2\/media?parent=913"}],"curies":[{"name":"wp","href":"https:\/\/api.w.org\/{rel}","templated":true}]}}