{"id":941,"date":"2014-01-16T15:56:27","date_gmt":"2014-01-16T15:56:27","guid":{"rendered":"https:\/\/www.chgeol.org\/?page_id=941"},"modified":"2020-06-25T14:40:02","modified_gmt":"2020-06-25T14:40:02","slug":"documents","status":"publish","type":"page","link":"https:\/\/chgeol.org\/fr\/services\/documents\/","title":{"rendered":"Documents"},"content":{"rendered":"<div id=\"pl-941\"  class=\"panel-layout\" ><div id=\"pg-941-0\"  class=\"panel-grid panel-no-style\" ><div id=\"pgc-941-0-0\"  class=\"panel-grid-cell\" ><div id=\"panel-941-0-0-0\" class=\"so-panel widget widget_sow-editor panel-first-child panel-last-child\" data-index=\"0\" ><div\n\t\t\t\n\t\t\tclass=\"so-widget-sow-editor so-widget-sow-editor-base\"\n\t\t\t\n\t\t>\n<div class=\"siteorigin-widget-tinymce textwidget\">\n\t<p>Vous trouverez ici tous les documents CH<strong>GEOL<\/strong> pertinents et actuels. Les documents marqu\u00e9s d'un cadenas ne peuvent \u00eatre consult\u00e9s que par les membres de CH<strong>GEOL<\/strong> ou les membres du conseil d'administration. Veuillez vous <a href=\"https:\/\/chgeol.org\/fr\/login\/\">connecter<\/a> \u00e0 votre profil de membre.<\/p>\n<\/div>\n<\/div><\/div><\/div><\/div><\/div>","protected":false},"excerpt":{"rendered":"<p>Vous trouverez ici tous les documents CHGEOL pertinents et actuels. Les documents marqu\u00e9s d&rsquo;un cadenas ne peuvent \u00eatre consult\u00e9s que par les membres de CHGEOL ou les membres du conseil d&rsquo;administration. Veuillez vous connecter \u00e0 votre profil de membre.<\/p>\n","protected":false},"author":977,"featured_media":0,"parent":9640,"menu_order":0,"comment_status":"closed","ping_status":"open","template":"","meta":{"_acf_changed":false,"inline_featured_image":false,"footnotes":""},"class_list":["post-941","page","type-page","status-publish","hentry"],"acf":[],"_links":{"self":[{"href":"https:\/\/chgeol.org\/fr\/wp-json\/wp\/v2\/pages\/941","targetHints":{"allow":["GET"]}}],"collection":[{"href":"https:\/\/chgeol.org\/fr\/wp-json\/wp\/v2\/pages"}],"about":[{"href":"https:\/\/chgeol.org\/fr\/wp-json\/wp\/v2\/types\/page"}],"author":[{"embeddable":true,"href":"https:\/\/chgeol.org\/fr\/wp-json\/wp\/v2\/users\/977"}],"replies":[{"embeddable":true,"href":"https:\/\/chgeol.org\/fr\/wp-json\/wp\/v2\/comments?post=941"}],"version-history":[{"count":10,"href":"https:\/\/chgeol.org\/fr\/wp-json\/wp\/v2\/pages\/941\/revisions"}],"predecessor-version":[{"id":12720,"href":"https:\/\/chgeol.org\/fr\/wp-json\/wp\/v2\/pages\/941\/revisions\/12720"}],"up":[{"embeddable":true,"href":"https:\/\/chgeol.org\/fr\/wp-json\/wp\/v2\/pages\/9640"}],"wp:attachment":[{"href":"https:\/\/chgeol.org\/fr\/wp-json\/wp\/v2\/media?parent=941"}],"curies":[{"name":"wp","href":"https:\/\/api.w.org\/{rel}","templated":true}]}}