{"id":9550,"date":"2019-07-26T15:48:43","date_gmt":"2019-07-26T15:48:43","guid":{"rendered":"http:\/\/chegol.cadic.vn\/mitgliedschaft\/"},"modified":"2026-02-10T11:50:22","modified_gmt":"2026-02-10T09:50:22","slug":"adhesion","status":"publish","type":"page","link":"https:\/\/chgeol.org\/fr\/adhesion\/","title":{"rendered":"Adh\u00e9sion"},"content":{"rendered":"<div id=\"pl-9550\"  class=\"panel-layout\" ><div id=\"pg-9550-0\"  class=\"panel-grid panel-has-style\" ><div class=\"mitgliedschaft-title servicesSection panel-row-style panel-row-style-for-9550-0\" ><div id=\"pgc-9550-0-0\"  class=\"panel-grid-cell\" ><div id=\"panel-9550-0-0-0\" class=\"so-panel widget widget_sow-editor panel-first-child panel-last-child\" data-index=\"0\" ><div class=\"section_title  panel-widget-style panel-widget-style-for-9550-0-0-0\" ><div\n\t\t\t\n\t\t\tclass=\"so-widget-sow-editor so-widget-sow-editor-base\"\n\t\t\t\n\t\t><h3 class=\"widget-title\">Adh\u00e9sion<\/h3>\n<div class=\"siteorigin-widget-tinymce textwidget\">\n\t<\/div>\n<\/div><\/div><\/div><\/div><\/div><\/div><div id=\"pg-9550-1\"  class=\"panel-grid panel-has-style\" ><div class=\"mitgliedschaft-bulletlist panel-row-style panel-row-style-for-9550-1\" ><div id=\"pgc-9550-1-0\"  class=\"panel-grid-cell\" ><div id=\"panel-9550-1-0-0\" class=\"so-panel widget widget_sow-editor panel-first-child panel-last-child\" data-index=\"1\" ><div\n\t\t\t\n\t\t\tclass=\"so-widget-sow-editor so-widget-sow-editor-base\"\n\t\t\t\n\t\t>\n<div class=\"siteorigin-widget-tinymce textwidget\">\n\t<h4 class=\"h4\">Pourquoi cela vaut-il la peine d\u2019adh\u00e9rer \u00e0 l'Association suisse des g\u00e9ologues CH<strong>GEOL<\/strong>?<\/h4>\n<\/div>\n<\/div><\/div><\/div><div id=\"pgc-9550-1-1\"  class=\"panel-grid-cell\" ><div id=\"panel-9550-1-1-0\" class=\"so-panel widget widget_sow-editor panel-first-child panel-last-child\" data-index=\"2\" ><div class=\"servicesSection panel-widget-style panel-widget-style-for-9550-1-1-0\" ><div\n\t\t\t\n\t\t\tclass=\"so-widget-sow-editor so-widget-sow-editor-base\"\n\t\t\t\n\t\t>\n<div class=\"siteorigin-widget-tinymce textwidget\">\n\t<p>Parce que\u2026<\/p>\n<ul class=\"bulletList ptb10\">\n<li>l'Association offre une <a href=\"https:\/\/chgeol.org\/fr\/association\/\">plateforme<\/a> de mise en r\u00e9seau,<\/li>\n<li>je re\u00e7ois tous les deux mois un <a href=\"https:\/\/chgeol.org\/fr\/services\/newsletter\/\">bulletin d'information<\/a> contenant des informations de l'Association et du secteur,<\/li>\n<li>je serai automatiquement inform\u00e9 des nouveaux emplois par courrier \u00e9lectronique (<a href=\"https:\/\/chgeol.org\/fr\/jobs\/\">alerte emploi<\/a>),<\/li>\n<li>je peux assister \u00e0 des \u00e9v\u00e9nements int\u00e9ressants \u00e0 un tarif r\u00e9duit (par exemple le symposium de Gurten, la <a href=\"https:\/\/chgeol.org\/fr\/association\/journee-des-geologues\/\">Journ\u00e9e des g\u00e9ologues<\/a>),<\/li>\n<li>je peux acheter du mat\u00e9riel de terrain \u00e0 prix r\u00e9duit dans le <a href=\"https:\/\/chgeol.org\/fr\/services\/geoshop\/\">GeoShop<\/a>,<\/li>\n<li>j\u2019ai la possibilit\u00e9 de faire activement la diff\u00e9rence au sein du conseil d'administration, des services ou des groupes de travail,<\/li>\n<li>je peux participer \u00e0 l'Assembl\u00e9e g\u00e9n\u00e9rale du CH<strong>GEOL<\/strong> sur des sujets importants pour les g\u00e9ologues professionnels,<\/li>\n<li>une assurance de la qualit\u00e9 a lieu au moyen de<a href=\"https:\/\/chgeol.org\/fr\/services\/factsheets\/\"> fiches d'information<\/a>,<\/li>\n<li>je suis inform\u00e9 des modifications futures de la <a href=\"https:\/\/chgeol.org\/fr\/services\/prises-de-position\/\">l\u00e9gislation <\/a>par les contributions aux consultations,<\/li>\n<li>je suis inscrit dans <a href=\"https:\/\/chgeol.org\/fr\/association\/registre-professionel\/\">l'annuaire des membres<\/a> et je peux \u00eatre rep\u00e9r\u00e9,<\/li>\n<li>une r\u00e9duction est offerte pour les cours de formation continue.<\/li>\n<\/ul>\n<p>&nbsp;<\/p>\n<p>Les entreprises membres b\u00e9n\u00e9ficient en outre de:<\/p>\n<ul class=\"bulletList ptb10\">\n<li>Bourse d'emploi gratuite (nouvelle cotisation pour les non-membres \u00e0 partir du 01.01.2022),<\/li>\n<li>Entr\u00e9e \u00e0 prix r\u00e9duit pour tous les collaborateurs aux \u00e9v\u00e9nements payants de CHGEOL,<\/li>\n<li>Inscription au registre des soci\u00e9t\u00e9s.<\/li>\n<\/ul>\n<p>&nbsp;<\/p>\n<\/div>\n<\/div><\/div><\/div><\/div><\/div><\/div><div id=\"pg-9550-2\"  class=\"panel-grid panel-no-style\" ><div id=\"pgc-9550-2-0\"  class=\"panel-grid-cell\" ><div id=\"panel-9550-2-0-0\" class=\"so-panel widget widget_sow-button panel-first-child\" data-index=\"3\" ><div class=\"button_special panel-widget-style panel-widget-style-for-9550-2-0-0\" ><div\n\t\t\t\n\t\t\tclass=\"so-widget-sow-button so-widget-sow-button-atom-f54c0409268f-9550\"\n\t\t\t\n\t\t><div class=\"ow-button-base ow-button-align-center\"\n>\n\t\t\t<a\n\t\t\t\t\thref=\"https:\/\/chgeol.org\/fr\/anmeldung-mitgliedschaft\/\"\n\t\t\t\t\tclass=\"sowb-button ow-icon-placement-left ow-button-hover\" \t>\n\t\t<span>\n\t\t\t\n\t\t\tdemander l'adh\u00e9sion\t\t<\/span>\n\t\t\t<\/a>\n\t<\/div>\n<\/div><\/div><\/div><div id=\"panel-9550-2-0-1\" class=\"so-panel widget widget_sow-editor panel-last-child\" data-index=\"4\" ><div class=\"servicesSection  panel-widget-style panel-widget-style-for-9550-2-0-1\" ><div\n\t\t\t\n\t\t\tclass=\"so-widget-sow-editor so-widget-sow-editor-base\"\n\t\t\t\n\t\t>\n<div class=\"siteorigin-widget-tinymce textwidget\">\n\t<p style=\"text-align: center\">Nous vous attendons avec impatience.<\/p>\n<p style=\"text-align: center\">Vous trouverez <a href=\"https:\/\/chgeol.org\/wp-content\/uploads\/2026\/02\/FR_Conditions_et_prestations_CHGEOL_2026.pdf\">ici <\/a>de plus amples informations sur nos cat\u00e9gories de membres et sur les conditions et les co\u00fbts d'adh\u00e9sion.<\/p>\n<\/div>\n<\/div><\/div><\/div><\/div><\/div><\/div>","protected":false},"excerpt":{"rendered":"<p>Pourquoi cela vaut-il la peine d\u2019adh\u00e9rer \u00e0 l&rsquo;Association suisse des g\u00e9ologues CHGEOL? Parce que\u2026 l&rsquo;Association offre une plateforme de mise en r\u00e9seau, je re\u00e7ois tous les deux mois un bulletin d&rsquo;information contenant des informations de l&rsquo;Association et du secteur, je &hellip; <a href=\"https:\/\/chgeol.org\/fr\/adhesion\/\">Continuer la lecture <span class=\"meta-nav\">&rarr;<\/span><\/a><\/p>\n","protected":false},"author":977,"featured_media":0,"parent":0,"menu_order":0,"comment_status":"closed","ping_status":"closed","template":"","meta":{"_acf_changed":false,"inline_featured_image":false,"footnotes":""},"class_list":["post-9550","page","type-page","status-publish","hentry"],"acf":[],"_links":{"self":[{"href":"https:\/\/chgeol.org\/fr\/wp-json\/wp\/v2\/pages\/9550","targetHints":{"allow":["GET"]}}],"collection":[{"href":"https:\/\/chgeol.org\/fr\/wp-json\/wp\/v2\/pages"}],"about":[{"href":"https:\/\/chgeol.org\/fr\/wp-json\/wp\/v2\/types\/page"}],"author":[{"embeddable":true,"href":"https:\/\/chgeol.org\/fr\/wp-json\/wp\/v2\/users\/977"}],"replies":[{"embeddable":true,"href":"https:\/\/chgeol.org\/fr\/wp-json\/wp\/v2\/comments?post=9550"}],"version-history":[{"count":114,"href":"https:\/\/chgeol.org\/fr\/wp-json\/wp\/v2\/pages\/9550\/revisions"}],"predecessor-version":[{"id":32001,"href":"https:\/\/chgeol.org\/fr\/wp-json\/wp\/v2\/pages\/9550\/revisions\/32001"}],"wp:attachment":[{"href":"https:\/\/chgeol.org\/fr\/wp-json\/wp\/v2\/media?parent=9550"}],"curies":[{"name":"wp","href":"https:\/\/api.w.org\/{rel}","templated":true}]}}