{"id":9628,"date":"2019-07-26T10:21:00","date_gmt":"2019-07-26T10:21:00","guid":{"rendered":"http:\/\/chegol.cadic.vn\/verband\/"},"modified":"2025-11-05T14:57:30","modified_gmt":"2025-11-05T12:57:30","slug":"association","status":"publish","type":"page","link":"https:\/\/chgeol.org\/fr\/association\/","title":{"rendered":"Association"},"content":{"rendered":"<div id=\"pl-9628\"  class=\"panel-layout\" ><div id=\"pg-9628-0\"  class=\"panel-grid panel-has-style\" ><div class=\"slideTop siteorigin-panels-stretch panel-row-style panel-row-style-for-9628-0\" id=\"section1\" data-stretch-type=\"full-width-stretch\" ><div id=\"pgc-9628-0-0\"  class=\"panel-grid-cell\" ><div id=\"panel-9628-0-0-0\" class=\"so-panel widget widget_sow-editor panel-first-child panel-last-child\" data-index=\"0\" ><div\n\t\t\t\n\t\t\tclass=\"so-widget-sow-editor so-widget-sow-editor-base\"\n\t\t\t\n\t\t><h3 class=\"widget-title\">Des experts connect\u00e9s!<\/h3>\n<div class=\"siteorigin-widget-tinymce textwidget\">\n\t<div class=\"siteorigin-widget-tinymce textwidget\">\n<p><a class=\"downarrow\" href=\"#section2\"><span class=\"img_arrow\">Arrow<\/span><\/a><\/p>\n<\/div>\n<section data-target=\"section1\" data-section-menu=\"Verband\"><\/section>\n<section data-target=\"section2\" data-section-menu=\"Portrait\"><\/section>\n<section data-target=\"section3\" data-section-menu=\"Vorstand\"><\/section>\n<section data-target=\"section4\" data-section-menu=\"Ressorts\"><\/section>\n<section data-target=\"section5\" data-section-menu=\"Kommissionen\"><\/section>\n<\/div>\n<\/div><\/div><\/div><\/div><\/div><div id=\"pg-9628-1\"  class=\"panel-grid panel-has-style\" ><div id=\"section2\" class=\"panel-row-style panel-row-style-for-9628-1\" ><div id=\"pgc-9628-1-0\"  class=\"panel-grid-cell\" ><div id=\"panel-9628-1-0-0\" class=\"so-panel widget widget_sow-editor panel-first-child panel-last-child\" data-index=\"1\" ><div class=\"servicesSection  panel-widget-style panel-widget-style-for-9628-1-0-0\" id=\"section2\" ><div\n\t\t\t\n\t\t\tclass=\"so-widget-sow-editor so-widget-sow-editor-base\"\n\t\t\t\n\t\t>\n<div class=\"siteorigin-widget-tinymce textwidget\">\n\t<h3>Portrait<\/h3>\n<p>L'Association suisse des g\u00e9ologues CH<strong>GEOL<\/strong> a \u00e9t\u00e9 fond\u00e9e en 1998 et rassemble actuellement plus de 500 g\u00e9ologues provenant de bureaux priv\u00e9s, de l'industrie, des universit\u00e9s et des autorit\u00e9s.<\/p>\n<p>&nbsp;<\/p>\n<p>CH<strong>GEOL<\/strong> est essentiellement impliqu\u00e9e dans des activit\u00e9s li\u00e9es \u00e0 la g\u00e9ologie, propose des experts comp\u00e9tents par le biais de son r\u00e9pertoire de membres, promeut l'\u00e9change d'exp\u00e9riences professionnelles et participe \u00e0 la pr\u00e9paration de projets de lois et de normes. CH<strong>GEOL<\/strong> fournit des informations sur les derniers d\u00e9veloppements dans le monde professionnel et d\u00e9veloppe des outils tels que des lignes directrices ou des recommandations sur des sujets particuliers.<\/p>\n<p>&nbsp;<\/p>\n<p>CH<strong>GEOL<\/strong> travaille avec des planificateurs apparent\u00e9s dans le cadre du Groupe professionnel environnemental (BGU) de l'Association suisse des ing\u00e9nieurs et des architectes <a href=\"https:\/\/chgeol.org\/fr\/association\/sia\/\">sia<\/a>. En tant que membre de la <a href=\"https:\/\/chgeol.org\/fr\/association\/efg\/\">F\u00e9d\u00e9ration Europ\u00e9enne des G\u00e9ologues EFG<\/a>, CH<strong>GEOL<\/strong> fait partie du r\u00e9seau g\u00e9ologique international et est responsable de l'octroi du titre EurGeol en Suisse.<\/p>\n<p>&nbsp;<\/p>\n<p>Les sp\u00e9cialistes de CH<strong>GEOL<\/strong> sont dipl\u00f4m\u00e9s en sciences de la terre. L'Association suisse des g\u00e9ologues encourage la formation continue de ses membres gr\u00e2ce \u00e0 un concept de qualit\u00e9 particulier.<\/p>\n<p>&nbsp;<\/p>\n<p>&nbsp;<\/p>\n<\/div>\n<\/div><\/div><\/div><\/div><div id=\"pgc-9628-1-1\"  class=\"panel-grid-cell\" ><div id=\"panel-9628-1-1-0\" class=\"so-panel widget widget_sow-editor panel-first-child panel-last-child\" data-index=\"2\" ><div class=\"servicesSection  panel-widget-style panel-widget-style-for-9628-1-1-0\" ><div\n\t\t\t\n\t\t\tclass=\"so-widget-sow-editor so-widget-sow-editor-base\"\n\t\t\t\n\t\t>\n<div class=\"siteorigin-widget-tinymce textwidget\">\n\t<h3>Vision<\/h3>\n<p>CH<strong>GEOL<\/strong> doit s'\u00e9tablir comme une association professionnelle et industrielle pour tous les scientifiques de la terre en Suisse et ainsi repr\u00e9senter les int\u00e9r\u00eats d'un large \u00e9ventail d'organisations sp\u00e9cialis\u00e9es sur la sc\u00e8ne g\u00e9ologique. Les sp\u00e9cialistes des sciences de la terre doivent donc disposer d'une plate-forme commune permettant d'utiliser les possibilit\u00e9s et les ressources g\u00e9n\u00e9rales et de supporter ensemble les risques.<\/p>\n<p>&nbsp;<\/p>\n<p>CH<strong>GEOL<\/strong> doit contribuer \u00e0 l'am\u00e9lioration des opportunit\u00e9s professionnelles et des conditions \u00e9conomiques de ses membres.<\/p>\n<p>&nbsp;<\/p>\n<p>En tant qu'association professionnelle et industrielle, CH<strong>GEOL<\/strong> doit coordonner la perception et la promotion de la sc\u00e8ne g\u00e9ologique, de son autorit\u00e9 professionnelle et de l'ind\u00e9pendance des sp\u00e9cialistes des sciences de la terre en Suisse au niveau sup\u00e9rieur.<\/p>\n<p>&nbsp;<\/p>\n<p>Ses activit\u00e9s doivent \u00eatre fond\u00e9es sur les principes de comp\u00e9tence, de transparence, d'ouverture, d'\u00e9change et de recherche de la qualit\u00e9.<\/p>\n<p>&nbsp;<\/p>\n<p>Download: <a href=\"https:\/\/chgeol.org\/wp-content\/uploads\/2020\/03\/202001_Vision-Strategie.pdf\">Document de strat\u00e9gie CH<strong>GEOL<\/strong> 2020<\/a><\/p>\n<\/div>\n<\/div><\/div><\/div><\/div><\/div><\/div><div id=\"pg-9628-2\"  class=\"panel-grid panel-has-style\" ><div class=\"section_title mobile_padding panel-row-style panel-row-style-for-9628-2\" id=\"section3\" ><div id=\"pgc-9628-2-0\"  class=\"panel-grid-cell\" ><div id=\"panel-9628-2-0-0\" class=\"so-panel widget widget_sow-editor panel-first-child panel-last-child\" data-index=\"3\" ><div id=\"Vorstand\" class=\"panel-widget-style panel-widget-style-for-9628-2-0-0\" ><div\n\t\t\t\n\t\t\tclass=\"so-widget-sow-editor so-widget-sow-editor-base\"\n\t\t\t\n\t\t><h3 class=\"widget-title\">Comit\u00e9<\/h3>\n<div class=\"siteorigin-widget-tinymce textwidget\">\n\t<\/div>\n<\/div><\/div><\/div><\/div><\/div><\/div><div id=\"pg-9628-3\"  class=\"panel-grid panel-has-style\" ><div class=\"mobile_padding panel-row-style panel-row-style-for-9628-3\" ><div id=\"pgc-9628-3-0\"  class=\"panel-grid-cell\" ><div id=\"panel-9628-3-0-0\" class=\"so-panel widget widget_sow-editor panel-first-child panel-last-child\" data-index=\"4\" ><div class=\"servicesSection  panel-widget-style panel-widget-style-for-9628-3-0-0\" ><div\n\t\t\t\n\t\t\tclass=\"so-widget-sow-editor so-widget-sow-editor-base\"\n\t\t\t\n\t\t>\n<div class=\"siteorigin-widget-tinymce textwidget\">\n\t<p><strong>Dieter Werthm\u00fcller:<\/strong> Copr\u00e9sident<\/p>\n<p><strong>Mathias Joppen:<\/strong> Copr\u00e9sident<\/p>\n<p><strong>Raphael Kuhn: <\/strong>Caissier<\/p>\n<p><strong>Dimitri Giugni:<\/strong> Charg\u00e9 du <a href=\"https:\/\/chgeol.org\/fr\/association\/departement-cr\/\">D\u00e9partement CO<\/a><\/p>\n<p><strong>Daniel Locher:<\/strong> Actuaire<\/p>\n<p><strong>Nina Backman: <\/strong>Repr\u00e9sentante de <a href=\"https:\/\/chgeol.org\/fr\/association\/geologie-vivante\/\">l'Association G\u00e9ologie Vivante<\/a><\/p>\n<p><strong>Nicole Scheidt: <\/strong>Charg\u00e9 du <a href=\"https:\/\/chgeol.org\/fr\/association\/departement-psr\/\">D\u00e9partement PSR<\/a><\/p>\n<p><strong>Johannes Graf: <\/strong>Repr\u00e9sentant <a href=\"https:\/\/www.bauenschweiz.ch\/fr\/page-daccueil\/\">constructionsuisse<\/a><\/p>\n<p><strong>Rahel Egli: <\/strong>Charg\u00e9 du <a href=\"https:\/\/chgeol.org\/fr\/association\/departement-qma\/\">D\u00e9partement QMA<\/a><\/p>\n<p><strong>Michael K\u00f6bberich: <\/strong>Repr\u00e9sentant SIA, Responsable <a href=\"https:\/\/chgeol.org\/fr\/geol_bim\/\">GEOL_BIM<\/a><\/p>\n<p><strong>Eric Champod: <\/strong>Repr\u00e9sentant <a href=\"https:\/\/chgeol.org\/fr\/association\/efg\/\">EFG<\/a><\/p>\n<p><strong>Beno\u00eet Valley: <\/strong>Charg\u00e9 du <a href=\"https:\/\/chgeol.org\/fr\/association\/departement-er\/\">D\u00e9partement ER<\/a><\/p>\n<p>Contact: &#112;&#x72;\u00e9&#110;&#x6f;m&#x2e;n&#111;&#x6d;&#64;&#x63;&#104;&#x67;e&#x6f;l&#46;&#x63;&#104;<\/p>\n<\/div>\n<\/div><\/div><\/div><\/div><div id=\"pgc-9628-3-1\"  class=\"panel-grid-cell\" ><div id=\"panel-9628-3-1-0\" class=\"so-panel widget widget_sow-image panel-first-child panel-last-child\" data-index=\"5\" ><div\n\t\t\t\n\t\t\tclass=\"so-widget-sow-image so-widget-sow-image-default-8b5b6f678277-9628\"\n\t\t\t\n\t\t>\n<div class=\"sow-image-container\">\n\t\t<img \n\tsrc=\"https:\/\/chgeol.org\/wp-content\/uploads\/2024\/11\/CHGEOL-Vorstand_2024-1024x768.jpeg\" width=\"584\" height=\"438\" srcset=\"https:\/\/chgeol.org\/wp-content\/uploads\/2024\/11\/CHGEOL-Vorstand_2024-1024x768.jpeg 1024w, https:\/\/chgeol.org\/wp-content\/uploads\/2024\/11\/CHGEOL-Vorstand_2024-300x225.jpeg 300w, https:\/\/chgeol.org\/wp-content\/uploads\/2024\/11\/CHGEOL-Vorstand_2024-768x576.jpeg 768w, https:\/\/chgeol.org\/wp-content\/uploads\/2024\/11\/CHGEOL-Vorstand_2024-1536x1152.jpeg 1536w, https:\/\/chgeol.org\/wp-content\/uploads\/2024\/11\/CHGEOL-Vorstand_2024-400x300.jpeg 400w, https:\/\/chgeol.org\/wp-content\/uploads\/2024\/11\/CHGEOL-Vorstand_2024.jpeg 2016w\" sizes=\"(max-width: 584px) 100vw, 584px\" alt=\"\" \t\tclass=\"so-widget-image\"\/>\n\t<\/div>\n\n<\/div><\/div><\/div><\/div><\/div><div id=\"pg-9628-4\"  class=\"panel-grid panel-no-style\" ><div id=\"pgc-9628-4-0\"  class=\"panel-grid-cell\" ><div id=\"panel-9628-4-0-0\" class=\"so-panel widget widget_sow-editor panel-first-child panel-last-child\" data-index=\"6\" ><div id=\"Vorstand\" class=\"panel-widget-style panel-widget-style-for-9628-4-0-0\" ><div\n\t\t\t\n\t\t\tclass=\"so-widget-sow-editor so-widget-sow-editor-base\"\n\t\t\t\n\t\t><h3 class=\"widget-title\">Organigramme<\/h3>\n<div class=\"siteorigin-widget-tinymce textwidget\">\n\t<\/div>\n<\/div><\/div><\/div><\/div><\/div><div id=\"pg-9628-5\"  class=\"panel-grid panel-no-style\" ><div id=\"pgc-9628-5-0\"  class=\"panel-grid-cell\" ><div id=\"panel-9628-5-0-0\" class=\"so-panel widget widget_sow-image panel-first-child panel-last-child\" data-index=\"7\" ><div\n\t\t\t\n\t\t\tclass=\"so-widget-sow-image so-widget-sow-image-default-6ec9e3772f75-9628\"\n\t\t\t\n\t\t>\n<div class=\"sow-image-container\">\n\t\t<img \n\tsrc=\"https:\/\/chgeol.org\/wp-content\/uploads\/2025\/04\/Organigramm_CHGEOL_Maerz2025.png\" width=\"1280\" height=\"720\" srcset=\"https:\/\/chgeol.org\/wp-content\/uploads\/2025\/04\/Organigramm_CHGEOL_Maerz2025.png 1280w, https:\/\/chgeol.org\/wp-content\/uploads\/2025\/04\/Organigramm_CHGEOL_Maerz2025-300x169.png 300w, https:\/\/chgeol.org\/wp-content\/uploads\/2025\/04\/Organigramm_CHGEOL_Maerz2025-1024x576.png 1024w, https:\/\/chgeol.org\/wp-content\/uploads\/2025\/04\/Organigramm_CHGEOL_Maerz2025-768x432.png 768w, https:\/\/chgeol.org\/wp-content\/uploads\/2025\/04\/Organigramm_CHGEOL_Maerz2025-500x281.png 500w\" sizes=\"(max-width: 1280px) 100vw, 1280px\" title=\"Organigramm_CHGEOL_M\u00e4rz2025\" alt=\"\" \t\tclass=\"so-widget-image\"\/>\n\t<\/div>\n\n<\/div><\/div><\/div><\/div><div id=\"pg-9628-6\"  class=\"panel-grid panel-has-style\" ><div class=\"section_title mobile_padding panel-row-style panel-row-style-for-9628-6\" id=\"section4\" ><div id=\"pgc-9628-6-0\"  class=\"panel-grid-cell\" ><div id=\"panel-9628-6-0-0\" class=\"so-panel widget widget_sow-editor panel-first-child panel-last-child\" data-index=\"8\" ><div id=\"Ressorts\" class=\"panel-widget-style panel-widget-style-for-9628-6-0-0\" ><div\n\t\t\t\n\t\t\tclass=\"so-widget-sow-editor so-widget-sow-editor-base\"\n\t\t\t\n\t\t><h3 class=\"widget-title\">D\u00e9partements<\/h3>\n<div class=\"siteorigin-widget-tinymce textwidget\">\n\t<div class=\"siteorigin-widget-tinymce textwidget\">\n\t<\/div>\n<\/div>\n<\/div><\/div><\/div><\/div><\/div><\/div><div id=\"pg-9628-7\"  class=\"panel-grid panel-has-style\" ><div class=\"iconList panel-row-style panel-row-style-for-9628-7\" ><div id=\"pgc-9628-7-0\"  class=\"panel-grid-cell\" ><div id=\"panel-9628-7-0-0\" class=\"so-panel widget widget_sow-image panel-first-child panel-last-child\" data-index=\"9\" ><div\n\t\t\t\n\t\t\tclass=\"so-widget-sow-image so-widget-sow-image-default-8b5b6f678277-9628\"\n\t\t\t\n\t\t>\n<div class=\"sow-image-container\">\n\t\t\t<a href=\"https:\/\/chgeol.org\/fr\/association\/departement-psr\/\"\n\t\t\t\t\t>\n\t\t\t<img \n\tsrc=\"https:\/\/chgeol.org\/wp-content\/uploads\/2020\/07\/politik-strategie-aussenbeziehungen-fr.svg\" width=\"1\" height=\"1\" sizes=\"(max-width: 1px) 100vw, 1px\" title=\"Positionnement dans les associations, les autorit\u00e9s, la politique\" alt=\"\" \t\tclass=\"so-widget-image\"\/>\n\t\t\t<\/a><\/div>\n\n<h3 class=\"widget-title\">Positionnement dans les associations, les autorit\u00e9s, la politique<\/h3><\/div><\/div><\/div><div id=\"pgc-9628-7-1\"  class=\"panel-grid-cell\" ><div id=\"panel-9628-7-1-0\" class=\"so-panel widget widget_sow-image panel-first-child panel-last-child\" data-index=\"10\" ><div\n\t\t\t\n\t\t\tclass=\"so-widget-sow-image so-widget-sow-image-default-8b5b6f678277-9628\"\n\t\t\t\n\t\t>\n<div class=\"sow-image-container\">\n\t\t\t<a href=\"https:\/\/chgeol.org\/fr\/association\/departement-qma\/\"\n\t\t\t\t\t>\n\t\t\t<img \n\tsrc=\"https:\/\/chgeol.org\/wp-content\/uploads\/2020\/07\/qualitaet-markt-recht-fr.svg\" width=\"1\" height=\"1\" sizes=\"(max-width: 1px) 100vw, 1px\" title=\"Travailler pour de meilleures conditions \u00e9conomiques\" alt=\"\" \t\tclass=\"so-widget-image\"\/>\n\t\t\t<\/a><\/div>\n\n<h3 class=\"widget-title\">Travailler pour de meilleures conditions \u00e9conomiques<\/h3><\/div><\/div><\/div><div id=\"pgc-9628-7-2\"  class=\"panel-grid-cell\" ><div id=\"panel-9628-7-2-0\" class=\"so-panel widget widget_sow-image panel-first-child panel-last-child\" data-index=\"11\" ><div\n\t\t\t\n\t\t\tclass=\"so-widget-sow-image so-widget-sow-image-default-8b5b6f678277-9628\"\n\t\t\t\n\t\t>\n<div class=\"sow-image-container\">\n\t\t\t<a href=\"https:\/\/chgeol.org\/fr\/association\/departement-er\/\"\n\t\t\t\t\t>\n\t\t\t<img \n\tsrc=\"https:\/\/chgeol.org\/wp-content\/uploads\/2020\/07\/bilund-forschung-fr.svg\" width=\"1\" height=\"1\" sizes=\"(max-width: 1px) 100vw, 1px\" title=\" \u00c9change entre \u00e9tablissements de formation, bureaux priv\u00e9s et administrations\" alt=\"\" \t\tclass=\"so-widget-image\"\/>\n\t\t\t<\/a><\/div>\n\n<h3 class=\"widget-title\"> \u00c9change entre \u00e9tablissements de formation, bureaux priv\u00e9s et administrations<\/h3><\/div><\/div><\/div><\/div><\/div><div id=\"pg-9628-8\"  class=\"panel-grid panel-has-style\" ><div class=\"iconList panel-row-style panel-row-style-for-9628-8\" ><div id=\"pgc-9628-8-0\"  class=\"panel-grid-cell\" ><div id=\"panel-9628-8-0-0\" class=\"so-panel widget widget_sow-image panel-first-child panel-last-child\" data-index=\"12\" ><div\n\t\t\t\n\t\t\tclass=\"so-widget-sow-image so-widget-sow-image-default-8b5b6f678277-9628\"\n\t\t\t\n\t\t>\n<div class=\"sow-image-container\">\n\t\t\t<a href=\"https:\/\/chgeol.org\/fr\/association\/departement-cr\/\"\n\t\t\t\t\t>\n\t\t\t<img \n\tsrc=\"https:\/\/chgeol.org\/wp-content\/uploads\/2020\/07\/kommunikation-oeffentlichkeitsarbeit-fr.svg\" width=\"1\" height=\"1\" sizes=\"(max-width: 1px) 100vw, 1px\" title=\"M\u00e9diation d&#039;informations entre g\u00e9oscientifiques\" alt=\"\" \t\tclass=\"so-widget-image\"\/>\n\t\t\t<\/a><\/div>\n\n<h3 class=\"widget-title\">M\u00e9diation d'informations entre g\u00e9oscientifiques<\/h3><\/div><\/div><\/div><div id=\"pgc-9628-8-1\"  class=\"panel-grid-cell panel-grid-cell-empty panel-grid-cell-mobile-last\" ><\/div><div id=\"pgc-9628-8-2\"  class=\"panel-grid-cell panel-grid-cell-empty\" ><\/div><\/div><\/div><div id=\"pg-9628-9\"  class=\"panel-grid panel-has-style\" ><div class=\"section_title mobile_padding panel-row-style panel-row-style-for-9628-9\" id=\"section5\" ><div id=\"pgc-9628-9-0\"  class=\"panel-grid-cell\" ><div id=\"panel-9628-9-0-0\" class=\"so-panel widget widget_sow-editor panel-first-child panel-last-child\" data-index=\"13\" ><div id=\"Kommissionen\" class=\"panel-widget-style panel-widget-style-for-9628-9-0-0\" ><div\n\t\t\t\n\t\t\tclass=\"so-widget-sow-editor so-widget-sow-editor-base\"\n\t\t\t\n\t\t><h3 class=\"widget-title\">Commissions<\/h3>\n<div class=\"siteorigin-widget-tinymce textwidget\">\n\t<div class=\"siteorigin-widget-tinymce textwidget\">\n\t<\/div>\n<\/div>\n<\/div><\/div><\/div><\/div><\/div><\/div><div id=\"pg-9628-10\"  class=\"panel-grid panel-has-style\" ><div class=\"iconList panel-row-style panel-row-style-for-9628-10\" ><div id=\"pgc-9628-10-0\"  class=\"panel-grid-cell\" ><div id=\"panel-9628-10-0-0\" class=\"so-panel widget widget_sow-image panel-first-child panel-last-child\" data-index=\"14\" ><div\n\t\t\t\n\t\t\tclass=\"so-widget-sow-image so-widget-sow-image-default-8b5b6f678277-9628\"\n\t\t\t\n\t\t>\n<div class=\"sow-image-container\">\n\t\t\t<a href=\"https:\/\/chgeol.org\/fr\/association\/comite-dethique-professionnelle\/\"\n\t\t\t\t\t>\n\t\t\t<img \n\tsrc=\"https:\/\/chgeol.org\/wp-content\/uploads\/2020\/07\/standeskommission-fr.svg\" width=\"1\" height=\"1\" sizes=\"(max-width: 1px) 100vw, 1px\" title=\"Elaboration du code de d\u00e9ontologie et respect de l&#039;\u00e9thique professionnelle\" alt=\"\" \t\tclass=\"so-widget-image\"\/>\n\t\t\t<\/a><\/div>\n\n<h3 class=\"widget-title\">Elaboration du code de d\u00e9ontologie et respect de l'\u00e9thique professionnelle<\/h3><\/div><\/div><\/div><div id=\"pgc-9628-10-1\"  class=\"panel-grid-cell panel-grid-cell-mobile-last\" ><div id=\"panel-9628-10-1-0\" class=\"so-panel widget widget_sow-image panel-first-child panel-last-child\" data-index=\"15\" ><div\n\t\t\t\n\t\t\tclass=\"so-widget-sow-image so-widget-sow-image-default-8b5b6f678277-9628\"\n\t\t\t\n\t\t>\n<div class=\"sow-image-container\">\n\t\t\t<a href=\"https:\/\/chgeol.org\/fr\/association\/commission-qualite\/\"\n\t\t\t\t\t>\n\t\t\t<img \n\tsrc=\"https:\/\/chgeol.org\/wp-content\/uploads\/2020\/07\/qualit\u00e4tskommission.svg\" width=\"1\" height=\"1\" sizes=\"(max-width: 1px) 100vw, 1px\" title=\"Engagement en faveur d&#039;un travail de qualit\u00e9\" alt=\"\" \t\tclass=\"so-widget-image\"\/>\n\t\t\t<\/a><\/div>\n\n<h3 class=\"widget-title\">Engagement en faveur d'un travail de qualit\u00e9<\/h3><\/div><\/div><\/div><div id=\"pgc-9628-10-2\"  class=\"panel-grid-cell panel-grid-cell-empty\" ><\/div><\/div><\/div><div id=\"pg-9628-11\"  class=\"panel-grid panel-has-style\" ><div class=\"section_title mobile_padding panel-row-style panel-row-style-for-9628-11\" id=\"section5\" ><div id=\"pgc-9628-11-0\"  class=\"panel-grid-cell\" ><div id=\"panel-9628-11-0-0\" class=\"so-panel widget widget_sow-editor panel-first-child panel-last-child\" data-index=\"16\" ><div id=\"Partnerorganisationen\" class=\"panel-widget-style panel-widget-style-for-9628-11-0-0\" ><div\n\t\t\t\n\t\t\tclass=\"so-widget-sow-editor so-widget-sow-editor-base\"\n\t\t\t\n\t\t><h3 class=\"widget-title\">Organisations partenaires<\/h3>\n<div class=\"siteorigin-widget-tinymce textwidget\">\n\t<div class=\"siteorigin-widget-tinymce textwidget\">\n\t<\/div>\n<\/div>\n<\/div><\/div><\/div><\/div><\/div><\/div><div id=\"pg-9628-12\"  class=\"panel-grid panel-has-style\" ><div class=\"iconList panel-row-style panel-row-style-for-9628-12\" ><div id=\"pgc-9628-12-0\"  class=\"panel-grid-cell\" ><div id=\"panel-9628-12-0-0\" class=\"so-panel widget widget_sow-image panel-first-child panel-last-child\" data-index=\"17\" ><div\n\t\t\t\n\t\t\tclass=\"so-widget-sow-image so-widget-sow-image-default-8b5b6f678277-9628\"\n\t\t\t\n\t\t>\n<div class=\"sow-image-container\">\n\t\t\t<a href=\"https:\/\/chgeol.org\/fr\/association\/efg\/\"\n\t\t\t\t\t>\n\t\t\t<img \n\tsrc=\"https:\/\/chgeol.org\/wp-content\/uploads\/2020\/03\/kreis_efg-3.svg\" width=\"1\" height=\"1\" sizes=\"(max-width: 1px) 100vw, 1px\" title=\"European Federation of Geologists\" alt=\"\" \t\tclass=\"so-widget-image\"\/>\n\t\t\t<\/a><\/div>\n\n<h3 class=\"widget-title\">European Federation of Geologists<\/h3><\/div><\/div><\/div><div id=\"pgc-9628-12-1\"  class=\"panel-grid-cell\" ><div id=\"panel-9628-12-1-0\" class=\"so-panel widget widget_sow-image panel-first-child panel-last-child\" data-index=\"18\" ><div\n\t\t\t\n\t\t\tclass=\"so-widget-sow-image so-widget-sow-image-default-8b5b6f678277-9628\"\n\t\t\t\n\t\t>\n<div class=\"sow-image-container\">\n\t\t\t<a href=\"https:\/\/chgeol.org\/fr\/association\/sia\/\"\n\t\t\t\t\t>\n\t\t\t<img \n\tsrc=\"https:\/\/chgeol.org\/wp-content\/uploads\/2020\/03\/kreis_sia-3.svg\" width=\"1\" height=\"1\" sizes=\"(max-width: 1px) 100vw, 1px\" title=\"Soci\u00e9t\u00e9 suisse des ing\u00e9nieurs  et des architectes SIA\" alt=\"\" \t\tclass=\"so-widget-image\"\/>\n\t\t\t<\/a><\/div>\n\n<h3 class=\"widget-title\">Soci\u00e9t\u00e9 suisse des ing\u00e9nieurs  et des architectes SIA<\/h3><\/div><\/div><\/div><div id=\"pgc-9628-12-2\"  class=\"panel-grid-cell\" ><div id=\"panel-9628-12-2-0\" class=\"so-panel widget widget_sow-image panel-first-child panel-last-child\" data-index=\"19\" ><div\n\t\t\t\n\t\t\tclass=\"so-widget-sow-image so-widget-sow-image-default-8b5b6f678277-9628\"\n\t\t\t\n\t\t>\n<div class=\"sow-image-container\">\n\t\t\t<a href=\"https:\/\/chgeol.org\/fr\/association\/geologie-vivante\/\"\n\t\t\t\t\t>\n\t\t\t<img \n\tsrc=\"https:\/\/chgeol.org\/wp-content\/uploads\/2020\/07\/erlebnis-geologie-fr.svg\" width=\"1\" height=\"1\" sizes=\"(max-width: 1px) 100vw, 1px\" title=\"Association G\u00e9ologie Vivante\" alt=\"\" \t\tclass=\"so-widget-image\"\/>\n\t\t\t<\/a><\/div>\n\n<h3 class=\"widget-title\">Association G\u00e9ologie Vivante<\/h3><\/div><\/div><\/div><\/div><\/div><div id=\"pg-9628-13\"  class=\"panel-grid panel-has-style\" ><div class=\"iconList panel-row-style panel-row-style-for-9628-13\" ><div id=\"pgc-9628-13-0\"  class=\"panel-grid-cell\" ><div id=\"panel-9628-13-0-0\" class=\"so-panel widget widget_sow-image panel-first-child panel-last-child\" data-index=\"20\" ><div\n\t\t\t\n\t\t\tclass=\"so-widget-sow-image so-widget-sow-image-default-8b5b6f678277-9628\"\n\t\t\t\n\t\t>\n<div class=\"sow-image-container\">\n\t\t\t<a href=\"https:\/\/chgeol.org\/fr\/association\/journee-des-geologues\/\"\n\t\t\t\t\t>\n\t\t\t<img \n\tsrc=\"https:\/\/chgeol.org\/wp-content\/uploads\/2020\/07\/geologentag-fr.svg\" width=\"1\" height=\"1\" sizes=\"(max-width: 1px) 100vw, 1px\" title=\"Association Journ\u00e9e Suisse du G\u00e9ologue\" alt=\"\" \t\tclass=\"so-widget-image\"\/>\n\t\t\t<\/a><\/div>\n\n<h3 class=\"widget-title\">Association Journ\u00e9e Suisse du G\u00e9ologue<\/h3><\/div><\/div><\/div><div id=\"pgc-9628-13-1\"  class=\"panel-grid-cell panel-grid-cell-empty panel-grid-cell-mobile-last\" ><\/div><div id=\"pgc-9628-13-2\"  class=\"panel-grid-cell panel-grid-cell-empty\" ><\/div><\/div><\/div><\/div>","protected":false},"excerpt":{"rendered":"<p>Arrow Portrait L&rsquo;Association suisse des g\u00e9ologues CHGEOL a \u00e9t\u00e9 fond\u00e9e en 1998 et rassemble actuellement plus de 500 g\u00e9ologues provenant de bureaux priv\u00e9s, de l&rsquo;industrie, des universit\u00e9s et des autorit\u00e9s. &nbsp; CHGEOL est essentiellement impliqu\u00e9e dans des activit\u00e9s li\u00e9es \u00e0 &hellip; <a href=\"https:\/\/chgeol.org\/fr\/association\/\">Continuer la lecture <span class=\"meta-nav\">&rarr;<\/span><\/a><\/p>\n","protected":false},"author":977,"featured_media":0,"parent":0,"menu_order":0,"comment_status":"closed","ping_status":"closed","template":"","meta":{"_acf_changed":false,"inline_featured_image":false,"footnotes":""},"class_list":["post-9628","page","type-page","status-publish","hentry"],"acf":[],"_links":{"self":[{"href":"https:\/\/chgeol.org\/fr\/wp-json\/wp\/v2\/pages\/9628","targetHints":{"allow":["GET"]}}],"collection":[{"href":"https:\/\/chgeol.org\/fr\/wp-json\/wp\/v2\/pages"}],"about":[{"href":"https:\/\/chgeol.org\/fr\/wp-json\/wp\/v2\/types\/page"}],"author":[{"embeddable":true,"href":"https:\/\/chgeol.org\/fr\/wp-json\/wp\/v2\/users\/977"}],"replies":[{"embeddable":true,"href":"https:\/\/chgeol.org\/fr\/wp-json\/wp\/v2\/comments?post=9628"}],"version-history":[{"count":56,"href":"https:\/\/chgeol.org\/fr\/wp-json\/wp\/v2\/pages\/9628\/revisions"}],"predecessor-version":[{"id":31731,"href":"https:\/\/chgeol.org\/fr\/wp-json\/wp\/v2\/pages\/9628\/revisions\/31731"}],"wp:attachment":[{"href":"https:\/\/chgeol.org\/fr\/wp-json\/wp\/v2\/media?parent=9628"}],"curies":[{"name":"wp","href":"https:\/\/api.w.org\/{rel}","templated":true}]}}