{"id":9634,"date":"2019-07-26T15:13:24","date_gmt":"2019-07-26T15:13:24","guid":{"rendered":"http:\/\/chegol.cadic.vn\/leistungen\/"},"modified":"2025-11-11T11:45:27","modified_gmt":"2025-11-11T09:45:27","slug":"prestations-de-service","status":"publish","type":"page","link":"https:\/\/chgeol.org\/fr\/association\/prestations-de-service\/","title":{"rendered":"Prestations de service"},"content":{"rendered":"<div id=\"pl-9634\"  class=\"panel-layout\" ><div id=\"pg-9634-0\"  class=\"panel-grid panel-has-style\" ><div class=\"section_title panel-row-style panel-row-style-for-9634-0\" id=\"section1\" ><div id=\"pgc-9634-0-0\"  class=\"panel-grid-cell\" ><div id=\"panel-9634-0-0-0\" class=\"so-panel widget widget_sow-editor panel-first-child panel-last-child\" data-index=\"0\" ><div class=\"servicesSection  panel-widget-style panel-widget-style-for-9634-0-0-0\" ><div\n\t\t\t\n\t\t\tclass=\"so-widget-sow-editor so-widget-sow-editor-base\"\n\t\t\t\n\t\t><h3 class=\"widget-title\">Prestations de service CHGEOL<\/h3>\n<div class=\"siteorigin-widget-tinymce textwidget\">\n\t<section data-target=\"section1\" data-section-menu=\"Leistungen\"><\/section>\n<section data-target=\"section2\" data-section-menu=\"Mitglieder\"><\/section>\n<section data-target=\"section3\" data-section-menu=\"Auftraggeber\"><\/section>\n<section data-target=\"section4\" data-section-menu=\"\u00d6ffentlichkeit\"><\/section>\n<p>CH<strong>GEOL<\/strong> repr\u00e9sente les int\u00e9r\u00eats professionnels des g\u00e9ologues de diverses mani\u00e8res. Cela profite non seulement aux g\u00e9ologues, mais aussi \u00e0 leurs clients et au public.<\/p>\n<\/div>\n<\/div><\/div><\/div><\/div><\/div><\/div><div id=\"pg-9634-1\"  class=\"panel-grid panel-has-style\" ><div class=\"iconList panel-row-style panel-row-style-for-9634-1\" ><div id=\"pgc-9634-1-0\"  class=\"panel-grid-cell\" ><div id=\"panel-9634-1-0-0\" class=\"so-panel widget widget_sow-image panel-first-child panel-last-child\" data-index=\"1\" ><div\n\t\t\t\n\t\t\tclass=\"so-widget-sow-image so-widget-sow-image-default-8b5b6f678277-9634\"\n\t\t\t\n\t\t>\n<div class=\"sow-image-container\">\n\t\t\t<a href=\"#section2\"\n\t\t\t\t\t>\n\t\t\t<img \n\tsrc=\"https:\/\/chgeol.org\/wp-content\/uploads\/2021\/03\/kreis_membres.svg\" width=\"1\" height=\"1\" sizes=\"(max-width: 1px) 100vw, 1px\" title=\"Services aux particuliers et aux entreprises\" alt=\"\" \t\tclass=\"so-widget-image\"\/>\n\t\t\t<\/a><\/div>\n\n<h3 class=\"widget-title\">Services aux particuliers et aux entreprises<\/h3><\/div><\/div><\/div><div id=\"pgc-9634-1-1\"  class=\"panel-grid-cell\" ><div id=\"panel-9634-1-1-0\" class=\"so-panel widget widget_sow-image panel-first-child panel-last-child\" data-index=\"2\" ><div\n\t\t\t\n\t\t\tclass=\"so-widget-sow-image so-widget-sow-image-default-8b5b6f678277-9634\"\n\t\t\t\n\t\t>\n<div class=\"sow-image-container\">\n\t\t\t<a href=\"#section3\"\n\t\t\t\t\t>\n\t\t\t<img \n\tsrc=\"https:\/\/chgeol.org\/wp-content\/uploads\/2021\/03\/kreis_mandataires.svg\" width=\"1\" height=\"1\" sizes=\"(max-width: 1px) 100vw, 1px\" title=\"Services aux clients\" alt=\"\" \t\tclass=\"so-widget-image\"\/>\n\t\t\t<\/a><\/div>\n\n<h3 class=\"widget-title\">Services aux clients<\/h3><\/div><\/div><\/div><div id=\"pgc-9634-1-2\"  class=\"panel-grid-cell\" ><div id=\"panel-9634-1-2-0\" class=\"so-panel widget widget_sow-image panel-first-child panel-last-child\" data-index=\"3\" ><div\n\t\t\t\n\t\t\tclass=\"so-widget-sow-image so-widget-sow-image-default-8b5b6f678277-9634\"\n\t\t\t\n\t\t>\n<div class=\"sow-image-container\">\n\t\t\t<a href=\"#section4\"\n\t\t\t\t\t>\n\t\t\t<img \n\tsrc=\"https:\/\/chgeol.org\/wp-content\/uploads\/2021\/03\/kreis_public.svg\" width=\"1\" height=\"1\" sizes=\"(max-width: 1px) 100vw, 1px\" title=\"Services pour la politique, les m\u00e9dias et la soci\u00e9t\u00e9\" alt=\"\" \t\tclass=\"so-widget-image\"\/>\n\t\t\t<\/a><\/div>\n\n<h3 class=\"widget-title\">Services pour la politique, les m\u00e9dias et la soci\u00e9t\u00e9<\/h3><\/div><\/div><\/div><\/div><\/div><div id=\"pg-9634-2\"  class=\"panel-grid panel-has-style\" ><div class=\"panel-row-style panel-row-style-for-9634-2\" ><div id=\"pgc-9634-2-0\"  class=\"panel-grid-cell\" ><div id=\"panel-9634-2-0-0\" class=\"so-panel widget widget_sow-editor panel-first-child\" data-index=\"4\" ><div class=\"servicesSection  panel-widget-style panel-widget-style-for-9634-2-0-0\" id=\"section2\" ><div\n\t\t\t\n\t\t\tclass=\"so-widget-sow-editor so-widget-sow-editor-base\"\n\t\t\t\n\t\t>\n<div class=\"siteorigin-widget-tinymce textwidget\">\n\t<p>&nbsp;<\/p>\n<h3 class=\"h3\">Services aux membres:<\/h3>\n<ul class=\"bulletList\">\n<li><a href=\"https:\/\/chgeol.org\/fr\/services\/newsletter\/\">Newsletter<\/a>, fournissant des nouvelles et des d\u00e9veloppements de l'industrie<\/li>\n<li><a href=\"https:\/\/chgeol.org\/fr\/agenda\/\">Agenda<\/a>, offres de formation continue<\/li>\n<li><a href=\"https:\/\/chgeol.org\/fr\/jobs\/\">Bourse de l'emploi<\/a> avec possibilit\u00e9 de souscription \u00e0 un emploi<\/li>\n<li>R\u00e9ductions sur les \u00e9v\u00e9nements, les cours de formation et <a href=\"https:\/\/chgeol.org\/fr\/services\/geoshop\/\">l'achat de mat\u00e9riel de terrain<\/a><\/li>\n<li>Droit de cod\u00e9cision au sein de l'Assembl\u00e9e G\u00e9n\u00e9rale de CH<strong>GEOL<\/strong><\/li>\n<li>Inscription dans la <a href=\"https:\/\/chgeol.org\/verband\/berufsregister\/\">liste des membres<\/a><\/li>\n<li>Efforts pour am\u00e9liorer le cadre professionnel<\/li>\n<li>Possibilit\u00e9 de certifications :<a href=\"https:\/\/chgeol.org\/fr\/association\/efg\/\">EurGeol<\/a><\/li>\n<li>Inscription dans l'annuaire des membres, respectivement des entreprises<\/li>\n<li><a href=\"https:\/\/chgeol.org\/fr\/jobs\/\">Bourse de l'emploi<\/a> gratuite<\/li>\n<\/ul>\n<\/div>\n<\/div><\/div><\/div><div id=\"panel-9634-2-0-1\" class=\"so-panel widget widget_sow-editor\" data-index=\"5\" ><div class=\"servicesSection  panel-widget-style panel-widget-style-for-9634-2-0-1\" id=\"section3\" ><div\n\t\t\t\n\t\t\tclass=\"so-widget-sow-editor so-widget-sow-editor-base\"\n\t\t\t\n\t\t>\n<div class=\"siteorigin-widget-tinymce textwidget\">\n\t<p>&nbsp;<\/p>\n<h3 class=\"h3\">Services aux clients des services g\u00e9ologiques:<\/h3>\n<ul class=\"bulletList\">\n<li><a href=\"https:\/\/chgeol.org\/fr\/contact\/\">Bureau<\/a> toujours ouvert<\/li>\n<li>Conseil pour les questions sp\u00e9cifiques au secteur, par exemple le respect des normes et les caract\u00e9ristiques de qualit\u00e9<\/li>\n<li>Acc\u00e8s gratuit \u00e0 <a href=\"https:\/\/chgeol.org\/verband\/berufsregister\/\">l'annuaire des membres<\/a><\/li>\n<\/ul>\n<\/div>\n<\/div><\/div><\/div><div id=\"panel-9634-2-0-2\" class=\"so-panel widget widget_sow-editor panel-last-child\" data-index=\"6\" ><div class=\"servicesSection  panel-widget-style panel-widget-style-for-9634-2-0-2\" id=\"section4\" ><div\n\t\t\t\n\t\t\tclass=\"so-widget-sow-editor so-widget-sow-editor-base\"\n\t\t\t\n\t\t>\n<div class=\"siteorigin-widget-tinymce textwidget\">\n\t<p>&nbsp;<\/p>\n<h3 class=\"h3\">Services pour la politique, les m\u00e9dias et la soci\u00e9t\u00e9:<\/h3>\n<ul class=\"bulletList\">\n<li>Placement simplifi\u00e9 de personnes de contact, d'interlocuteurs, d'experts et d'intervenants appropri\u00e9s<\/li>\n<li>Transmission de connaissances g\u00e9ologiques au grand public par l'interm\u00e9diaire de l'organisation partenaire <a href=\"https:\/\/chgeol.org\/fr\/association\/geologie-vivante\/\">G\u00e9ologie Vivante<\/a><\/li>\n<li>Pr\u00e9paration des <a href=\"https:\/\/chgeol.org\/services\/stellungnahmen\/\">d\u00e9clarations <\/a>techniques et politiques<a href=\"https:\/\/chgeol.org\/services\/stellungnahmen\/\"><br \/>\n<\/a><\/li>\n<\/ul>\n<\/div>\n<\/div><\/div><\/div><\/div><\/div><\/div><\/div>","protected":false},"excerpt":{"rendered":"<p>CHGEOL repr\u00e9sente les int\u00e9r\u00eats professionnels des g\u00e9ologues de diverses mani\u00e8res. Cela profite non seulement aux g\u00e9ologues, mais aussi \u00e0 leurs clients et au public.<\/p>\n","protected":false},"author":977,"featured_media":0,"parent":9628,"menu_order":0,"comment_status":"closed","ping_status":"closed","template":"","meta":{"_acf_changed":false,"inline_featured_image":false,"footnotes":""},"class_list":["post-9634","page","type-page","status-publish","hentry"],"acf":[],"_links":{"self":[{"href":"https:\/\/chgeol.org\/fr\/wp-json\/wp\/v2\/pages\/9634","targetHints":{"allow":["GET"]}}],"collection":[{"href":"https:\/\/chgeol.org\/fr\/wp-json\/wp\/v2\/pages"}],"about":[{"href":"https:\/\/chgeol.org\/fr\/wp-json\/wp\/v2\/types\/page"}],"author":[{"embeddable":true,"href":"https:\/\/chgeol.org\/fr\/wp-json\/wp\/v2\/users\/977"}],"replies":[{"embeddable":true,"href":"https:\/\/chgeol.org\/fr\/wp-json\/wp\/v2\/comments?post=9634"}],"version-history":[{"count":95,"href":"https:\/\/chgeol.org\/fr\/wp-json\/wp\/v2\/pages\/9634\/revisions"}],"predecessor-version":[{"id":31746,"href":"https:\/\/chgeol.org\/fr\/wp-json\/wp\/v2\/pages\/9634\/revisions\/31746"}],"up":[{"embeddable":true,"href":"https:\/\/chgeol.org\/fr\/wp-json\/wp\/v2\/pages\/9628"}],"wp:attachment":[{"href":"https:\/\/chgeol.org\/fr\/wp-json\/wp\/v2\/media?parent=9634"}],"curies":[{"name":"wp","href":"https:\/\/api.w.org\/{rel}","templated":true}]}}