{"id":9674,"date":"2019-07-26T15:25:04","date_gmt":"2019-07-26T15:25:04","guid":{"rendered":"http:\/\/chegol.cadic.vn\/chgeol-award\/"},"modified":"2025-03-11T17:53:31","modified_gmt":"2025-03-11T15:53:31","slug":"chgeol-award","status":"publish","type":"page","link":"https:\/\/chgeol.org\/fr\/chgeol-award\/","title":{"rendered":"CHGEOL Award"},"content":{"rendered":"<div id=\"pl-9674\"  class=\"panel-layout\" ><div id=\"pg-9674-0\"  class=\"panel-grid panel-has-style\" ><div class=\"slideTop siteorigin-panels-stretch panel-row-style panel-row-style-for-9674-0\" id=\"section1\" data-stretch-type=\"full-stretched\" ><div id=\"pgc-9674-0-0\"  class=\"panel-grid-cell\" ><div id=\"panel-9674-0-0-0\" class=\"so-panel widget widget_sow-editor panel-first-child panel-last-child\" data-index=\"0\" ><div\n\t\t\t\n\t\t\tclass=\"so-widget-sow-editor so-widget-sow-editor-base\"\n\t\t\t\n\t\t><h3 class=\"widget-title\">CHGEOL Award<\/h3>\n<div class=\"siteorigin-widget-tinymce textwidget\">\n\t<section data-target=\"section1\" data-section-menu=\"Award Titel\"><\/section>\n<section data-target=\"section2\" data-section-menu=\"Info\"><\/section>\n<section data-target=\"section3\" data-section-menu=\"Gewinner*innen\"><\/section>\n<div class=\"siteorigin-widget-tinymce textwidget\">\n<p><a class=\"downarrow\" href=\"#section2\"><span class=\"img_arrow\">Arrow<\/span><\/a><\/p>\n<\/div>\n<\/div>\n<\/div><\/div><\/div><\/div><\/div><div id=\"pg-9674-1\"  class=\"panel-grid panel-has-style\" ><div class=\"mobile_padding panel-row-style panel-row-style-for-9674-1\" id=\"section2\" ><div id=\"pgc-9674-1-0\"  class=\"panel-grid-cell\" ><div id=\"panel-9674-1-0-0\" class=\"so-panel widget widget_sow-editor panel-first-child\" data-index=\"1\" ><div\n\t\t\t\n\t\t\tclass=\"so-widget-sow-editor so-widget-sow-editor-base\"\n\t\t\t\n\t\t>\n<div class=\"siteorigin-widget-tinymce textwidget\">\n\t<p>&nbsp;<\/p>\n<h3 class=\"chgeolSubtitle\">CH<strong>GEOL<\/strong> soutient la recherche qui offre des solutions \u00e0 des probl\u00e8mes pratiques.<\/h3>\n<\/div>\n<\/div><\/div><div id=\"panel-9674-1-0-1\" class=\"so-panel widget widget_sow-button panel-last-child\" data-index=\"2\" ><div class=\"button_special panel-widget-style panel-widget-style-for-9674-1-0-1\" ><div\n\t\t\t\n\t\t\tclass=\"so-widget-sow-button so-widget-sow-button-atom-f54c0409268f-9674\"\n\t\t\t\n\t\t><div class=\"ow-button-base ow-button-align-center\"\n>\n\t\t\t<a\n\t\t\t\t\thref=\"https:\/\/chgeol.org\/wp-content\/uploads\/2021\/08\/Flyer-CHGEOL-award_2021_comp2.pdf\"\n\t\t\t\t\tclass=\"sowb-button ow-icon-placement-left ow-button-hover\" \t>\n\t\t<span>\n\t\t\t\n\t\t\tFLYER\t\t<\/span>\n\t\t\t<\/a>\n\t<\/div>\n<\/div><\/div><\/div><\/div><\/div><\/div><div id=\"pg-9674-2\"  class=\"panel-grid panel-has-style\" ><div class=\"panel-row-style panel-row-style-for-9674-2\" ><div id=\"pgc-9674-2-0\"  class=\"panel-grid-cell\" ><div id=\"panel-9674-2-0-0\" class=\"so-panel widget widget_sow-editor panel-first-child\" data-index=\"3\" ><div class=\"servicesSection panel-widget-style panel-widget-style-for-9674-2-0-0\" ><div\n\t\t\t\n\t\t\tclass=\"so-widget-sow-editor so-widget-sow-editor-base\"\n\t\t\t\n\t\t>\n<div class=\"siteorigin-widget-tinymce textwidget\">\n\t<p>Chaque ann\u00e9e, les<strong> travaux universitaires les plus \"pertinents pour la pratique\"<\/strong> sont r\u00e9compens\u00e9s. Les deux cat\u00e9gories suivantes se voient attribuer <strong>2'000 CHF chacune<\/strong>:<\/p>\n<p>&nbsp;<\/p>\n<ul class=\"bulletList\">\n<li>Travaux de Bachelor, Master et de dipl\u00f4me<\/li>\n<li>Th\u00e8se de doctorat<\/li>\n<\/ul>\n<p>&nbsp;<\/p>\n<p>Les crit\u00e8res d'\u00e9valuation sont, outre la pertinence pour les g\u00e9ologues en exercice, l'approche de la recherche, la cr\u00e9ativit\u00e9 et l'innovation, la structure et la logique ainsi que la qualit\u00e9 des r\u00e9sultats des travaux pr\u00e9sent\u00e9s. Les travaux sont jug\u00e9s par un jury compos\u00e9 de g\u00e9ologues professionnels membres du CH<strong>GEOL<\/strong>.<\/p>\n<p>Date limite: <strong>30 septembre<\/strong> (chaque ann\u00e9e)<\/p>\n<\/div>\n<\/div><\/div><\/div><div id=\"panel-9674-2-0-1\" class=\"so-panel widget widget_sow-button\" data-index=\"4\" ><div class=\"button_special panel-widget-style panel-widget-style-for-9674-2-0-1\" ><div\n\t\t\t\n\t\t\tclass=\"so-widget-sow-button so-widget-sow-button-atom-f54c0409268f-9674\"\n\t\t\t\n\t\t><div class=\"ow-button-base ow-button-align-center\"\n>\n\t\t\t<a\n\t\t\t\t\thref=\"https:\/\/chgeol.org\/bewerben-fuer-award\/\"\n\t\t\t\t\tclass=\"sowb-button ow-icon-placement-left ow-button-hover\" \t>\n\t\t<span>\n\t\t\t\n\t\t\tAPPLIQUER MAINTENANT POUR L'AWARD\t\t<\/span>\n\t\t\t<\/a>\n\t<\/div>\n<\/div><\/div><\/div><div id=\"panel-9674-2-0-2\" class=\"so-panel widget widget_sow-editor panel-last-child\" data-index=\"5\" ><div class=\"servicesSection panel-widget-style panel-widget-style-for-9674-2-0-2\" ><div\n\t\t\t\n\t\t\tclass=\"so-widget-sow-editor so-widget-sow-editor-base\"\n\t\t\t\n\t\t>\n<div class=\"siteorigin-widget-tinymce textwidget\">\n\t<p>Downloads: <a class=\"link mb0\" href=\"https:\/\/chgeol.org\/wp-content\/uploads\/2020\/01\/chgeol_award_reglement_FandD_v04-2019_newtemplate.pdf\">R\u00e8glement<\/a><\/p>\n<\/div>\n<\/div><\/div><\/div><\/div><div id=\"pgc-9674-2-1\"  class=\"panel-grid-cell\" ><div id=\"panel-9674-2-1-0\" class=\"so-panel widget widget_sow-editor panel-first-child panel-last-child\" data-index=\"6\" ><div class=\"servicesSection panel-widget-style panel-widget-style-for-9674-2-1-0\" ><div\n\t\t\t\n\t\t\tclass=\"so-widget-sow-editor so-widget-sow-editor-base\"\n\t\t\t\n\t\t>\n<div class=\"siteorigin-widget-tinymce textwidget\">\n\t<h3>Avez-vous le d\u00e9pliant sur votre panneau d'affichage? Non?<\/h3>\n<p>Merci beaucoup de l'avoir imprim\u00e9 et affich\u00e9.<\/p>\n<\/div>\n<\/div><\/div><\/div><\/div><\/div><\/div><div id=\"pg-9674-3\"  class=\"panel-grid panel-has-style\" ><div class=\"siteorigin-panels-stretch panel-row-style panel-row-style-for-9674-3\" id=\"section3\" data-stretch-type=\"full\" ><div id=\"pgc-9674-3-0\"  class=\"panel-grid-cell\" ><div id=\"panel-9674-3-0-0\" class=\"so-panel widget widget_sow-editor panel-first-child panel-last-child\" data-index=\"7\" ><div class=\"servicesSection panel-widget-style panel-widget-style-for-9674-3-0-0\" ><div\n\t\t\t\n\t\t\tclass=\"so-widget-sow-editor so-widget-sow-editor-base\"\n\t\t\t\n\t\t>\n<div class=\"siteorigin-widget-tinymce textwidget\">\n\t<h2 class=\"sectionTitle03\">Gagnants<\/h2>\n<div style=\"margin: 20px 0px\">\n<p>Gagnants pr\u00e9c\u00e9dents d'Award CH<strong>GEOL<\/strong>:<\/p>\n<\/div>\n<ul class=\"bulletList\" data-rte-list=\"default\">\n<li>2024: <a href=\"https:\/\/chgeol.org\/chgeol-award-2024\/\">Louis Hauvette<\/a><\/li>\n<li>2023: <a href=\"https:\/\/chgeol.org\/chgeol-award-2023\/\">Anthony Salamin &amp; Alexis Neven<\/a><\/li>\n<li>2022: <a href=\"https:\/\/chgeol.org\/2022-12-chgeol-award-2022\/\">Raffaele Spielmann<\/a><\/li>\n<li>2021: <a href=\"https:\/\/chgeol.org\/2021-11-chgeol-award-2021\/\">Dominic Becker &amp; Antoine Guerin<\/a><\/li>\n<li>2020: <a href=\"https:\/\/chgeol.org\/wp-content\/uploads\/2021\/04\/2020_CHGEOL_awardreport.pdf\">El\u00e9onore Berdat &amp; Anna Rauch<\/a><\/li>\n<li>2019: <a href=\"https:\/\/chgeol.org\/wp-content\/uploads\/2020\/02\/2019_CHGEOL_awardreport.pdf\">Morgane Koumrouyan &amp; Benedetta Dini<\/a><\/li>\n<li>2018: <a href=\"https:\/\/chgeol.org\/wp-content\/uploads\/2020\/02\/2018_CHGEOL_awardreport.pdf\">Marius Gruber &amp; Arnauld Malard<\/a><\/li>\n<li>2017:\u00a0<a href=\"https:\/\/chgeol.org\/wp-content\/uploads\/2020\/02\/2017_CHGEOL_awardreport.pdf\">Gisela Weibel<\/a><\/li>\n<li>2016:\u00a0<a href=\"https:\/\/chgeol.org\/wp-content\/uploads\/2020\/02\/2016_CHGEOL_awardreport.pdf\">Marius W. Buechi<\/a><\/li>\n<li>2015:\u00a0<a href=\"https:\/\/chgeol.org\/wp-content\/uploads\/2020\/02\/2015_CHGEOL_awardreport.pdf\">Naomi Vouillamoz<\/a><\/li>\n<li>2014:\u00a0<a href=\"https:\/\/chgeol.org\/wp-content\/uploads\/2020\/02\/2014_CHGEOL_awardreport.pdf\">St\u00e9phanie Wirth<\/a><\/li>\n<li>2013:\u00a0<a href=\"https:\/\/chgeol.org\/wp-content\/uploads\/2020\/02\/2013_CHGEOL_awardreport.pdf\">Aur\u00e8le Vuillemin<\/a><\/li>\n<li>2012:\u00a0<a href=\"https:\/\/chgeol.org\/wp-content\/uploads\/2020\/02\/2012_CHGEOL_awardreport.pdf\">Cornelia Br\u00f6nnimann<\/a><\/li>\n<li>2011:\u00a0<a href=\"https:\/\/chgeol.org\/wp-content\/uploads\/2020\/02\/2011_CHGEOL_awardreport.pdf\">Irene Meier<\/a><\/li>\n<li>2010:\u00a0<a href=\"https:\/\/chgeol.org\/wp-content\/uploads\/2020\/02\/2010_CHGEOL_awardreport.pdf\">Kein Gewinner<\/a><\/li>\n<li>2009:\u00a0<a href=\"https:\/\/chgeol.org\/wp-content\/uploads\/2020\/02\/2009_CHGEOL_awardreport.pdf\">Pascal Blunier<\/a><\/li>\n<li>2008:\u00a0<a href=\"https:\/\/chgeol.org\/wp-content\/uploads\/2020\/02\/2008_CHGEOL_awardreport.pdf\">Bettina Flury<\/a><\/li>\n<li>2007:\u00a0<a href=\"https:\/\/chgeol.org\/wp-content\/uploads\/2020\/02\/2007_CHGEOL_awardreport.pdf\">Michael Strasser<\/a><\/li>\n<li>2006:\u00a0<a href=\"https:\/\/chgeol.org\/wp-content\/uploads\/2020\/02\/2006_CHGEOL_awardreport.pdf\">Stefan Bucher<\/a><\/li>\n<li>2005:\u00a0<a href=\"https:\/\/chgeol.org\/wp-content\/uploads\/2020\/02\/2005_CHGEOL_awardreport.pdf\">Markus Stoffel<\/a><\/li>\n<li>2004:\u00a0<a href=\"https:\/\/chgeol.org\/wp-content\/uploads\/2020\/02\/2004_CHGEOL_awardreport.pdf\">Matthias Pouyt<\/a><\/li>\n<\/ul>\n<\/div>\n<\/div><\/div><\/div><\/div><\/div><\/div><\/div>","protected":false},"excerpt":{"rendered":"<p>Arrow &nbsp; CHGEOL soutient la recherche qui offre des solutions \u00e0 des probl\u00e8mes pratiques.<\/p>\n","protected":false},"author":977,"featured_media":0,"parent":0,"menu_order":0,"comment_status":"closed","ping_status":"closed","template":"","meta":{"_acf_changed":false,"inline_featured_image":false,"footnotes":""},"class_list":["post-9674","page","type-page","status-publish","hentry"],"acf":[],"_links":{"self":[{"href":"https:\/\/chgeol.org\/fr\/wp-json\/wp\/v2\/pages\/9674","targetHints":{"allow":["GET"]}}],"collection":[{"href":"https:\/\/chgeol.org\/fr\/wp-json\/wp\/v2\/pages"}],"about":[{"href":"https:\/\/chgeol.org\/fr\/wp-json\/wp\/v2\/types\/page"}],"author":[{"embeddable":true,"href":"https:\/\/chgeol.org\/fr\/wp-json\/wp\/v2\/users\/977"}],"replies":[{"embeddable":true,"href":"https:\/\/chgeol.org\/fr\/wp-json\/wp\/v2\/comments?post=9674"}],"version-history":[{"count":74,"href":"https:\/\/chgeol.org\/fr\/wp-json\/wp\/v2\/pages\/9674\/revisions"}],"predecessor-version":[{"id":30991,"href":"https:\/\/chgeol.org\/fr\/wp-json\/wp\/v2\/pages\/9674\/revisions\/30991"}],"wp:attachment":[{"href":"https:\/\/chgeol.org\/fr\/wp-json\/wp\/v2\/media?parent=9674"}],"curies":[{"name":"wp","href":"https:\/\/api.w.org\/{rel}","templated":true}]}}