{"id":9681,"date":"2019-07-31T10:53:39","date_gmt":"2019-07-31T10:53:39","guid":{"rendered":"http:\/\/chegol.cadic.vn\/anmeldung-mitgliedschaft\/"},"modified":"2020-06-22T12:42:52","modified_gmt":"2020-06-22T12:42:52","slug":"anmeldung-mitgliedschaft","status":"publish","type":"page","link":"https:\/\/chgeol.org\/fr\/anmeldung-mitgliedschaft\/","title":{"rendered":"Aufnahmegesuch Mitgliedschaft CHGEOL"},"content":{"rendered":"<div id=\"pl-9681\"  class=\"panel-layout\" ><div id=\"pg-9681-0\"  class=\"panel-grid panel-has-style\" ><div class=\"mobile_padding panel-row-style panel-row-style-for-9681-0\" ><div id=\"pgc-9681-0-0\"  class=\"panel-grid-cell\" ><div id=\"panel-9681-0-0-0\" class=\"so-panel widget widget_sow-editor panel-first-child panel-last-child\" data-index=\"0\" ><div\n\t\t\t\n\t\t\tclass=\"so-widget-sow-editor so-widget-sow-editor-base\"\n\t\t\t\n\t\t>\n<div class=\"siteorigin-widget-tinymce textwidget\">\n\t\n<div class=\"wpcf7 no-js\" id=\"wpcf7-f12646-o1\" lang=\"fr-FR\" dir=\"ltr\" data-wpcf7-id=\"12646\">\n<div class=\"screen-reader-response\"><p role=\"status\" aria-live=\"polite\" aria-atomic=\"true\"><\/p> <ul><\/ul><\/div>\n<form action=\"\/fr\/wp-json\/wp\/v2\/pages\/9681#wpcf7-f12646-o1\" method=\"post\" class=\"wpcf7-form init\" aria-label=\"Formulaire de contact\" novalidate=\"novalidate\" data-status=\"init\">\n<fieldset class=\"hidden-fields-container\"><input type=\"hidden\" name=\"_wpcf7\" value=\"12646\" \/><input type=\"hidden\" name=\"_wpcf7_version\" value=\"6.1.5\" \/><input type=\"hidden\" name=\"_wpcf7_locale\" value=\"fr_FR\" \/><input type=\"hidden\" name=\"_wpcf7_unit_tag\" value=\"wpcf7-f12646-o1\" \/><input type=\"hidden\" name=\"_wpcf7_container_post\" value=\"0\" \/><input type=\"hidden\" name=\"_wpcf7_posted_data_hash\" value=\"\" \/>\n<\/fieldset>\n<div class=\"form_job col-md-8 col-sm-12 col-xs-12 col-md-offset-2 pTextBox\">\n\t<h1 class=\"sectionTitle03\">Demande d'adh\u00e9sion CHGEOL\n\t<\/h1>\n\t<p class=\"mb90 stellMB90\">Vous trouverez <a href=\"https:\/\/chgeol.org\/wp-content\/uploads\/2026\/02\/FR_Conditions_et_prestations_CHGEOL_2026.pdf\" target=\"_blank\">ici<\/a> des informations sur les cat\u00e9gories de membres ainsi que sur les conditions, les prestations et les co\u00fbts de l'adh\u00e9sion.\n\t<\/p>\n\t<p>Les membres bureaux sont des entreprises qui ont employ\u00e9 des scientifiques de la Terre pour mener des activit\u00e9s de consultation g\u00e9ologique. Au moins un(e) scientifique de la Terre doit \u00eatre membre individuel de CHGEOL. Lors de la demande d\u2019adh\u00e9sion d\u2019un bureau, veuillez indiquer les coordonn\u00e9es d\u2019un membre individuel du bureau. Aussi, les membres bureaux doivent pr\u00e9senter les documents suivants: extrait du registre du commerce, preuve des activit\u00e9s de conseil en g\u00e9ologie, liste du personnel des scientifiques de la Terre en exercice.\n\t<\/p>\n\t<ul>Cotisation annuelle membres bureaux:\n\t\t<li>\n\t\t\t<p>Fr. 1'000.- pour les entreprises de plus de 10 g\u00e9ologues\n\t\t\t<\/p>\n\t\t<\/li>\n\t\t<li>\n\t\t\t<p>Fr. 500.- pour les entreprises de 6 \u00e0 10 g\u00e9ologues\n\t\t\t<\/p>\n\t\t<\/li>\n\t\t<li>\n\t\t\t<p>Fr. 250.- pour les entreprises de 2 \u00e0 5 g\u00e9ologues\n\t\t\t<\/p>\n\t\t<\/li>\n\t<\/ul>\n\t<h3>Cat\u00e9gorie de membre\n\t<\/h3>\n<hr \/>\n\t<div class=\"row\">\n\t\t<div class=\"col-md-12\">\n\t\t\t<p><label>Cat\u00e9gorie de membre *<br \/>\n<span class=\"wpcf7-form-control-wrap usr_state\"><select name=\"usr_state\" class=\"wpcf7-form-control wpcf7-select wpcf7-validates-as-required\" aria-required=\"true\" aria-invalid=\"false\"><option value=\"\">Choisissez une cat\u00e9gorie de membre.<\/option><option value=\"membre r\u00e9gulier\">membre r\u00e9gulier (CHF 240.\u2014\/an)<\/option><option value=\"membre senior\">membre senior (CHF 90.\u2014\/an)<\/option><option value=\"membre candidat\">membre candidat (50.- CHF\/an)<\/option><option value=\"membre corporatif\">membre corporatif (CHF 250\/500\/1'000.-\/an)<\/option><option value=\"\u00e9tudiant\/e\">\u00e9tudiant\/e (gratuit)<\/option><\/select><\/span> <\/label>\n\t\t\t<\/p>\n\t\t<\/div>\n\t<\/div>\n\t<h3>Donn\u00e9es personnelles\n\t<\/h3>\n<hr \/>\n\t<div class=\"row\">\n\t\t<div class=\"col-md-6\">\n\t\t\t<p><label>Pr\u00e9nom *<br \/>\n<span class=\"wpcf7-form-control-wrap\" data-name=\"first_name\"><input size=\"40\" maxlength=\"400\" class=\"wpcf7-form-control wpcf7-text wpcf7-validates-as-required\" aria-required=\"true\" aria-invalid=\"false\" value=\"\" type=\"text\" name=\"first_name\" \/><\/span><br \/>\n<\/label>\n\t\t\t<\/p>\n\t\t<\/div>\n\t\t<div class=\"col-md-6\">\n\t\t\t<p><label>Nom de famille *<br \/>\n<span class=\"wpcf7-form-control-wrap\" data-name=\"last_name\"><input size=\"40\" maxlength=\"400\" class=\"wpcf7-form-control wpcf7-text wpcf7-validates-as-required\" aria-required=\"true\" aria-invalid=\"false\" value=\"\" type=\"text\" name=\"last_name\" \/><\/span><br \/>\n<\/label>\n\t\t\t<\/p>\n\t\t<\/div>\n\t<\/div>\n\t<div class=\"row\">\n\t\t<div class=\"col-md-6\">\n\t\t\t<p><label>Adresse \u00e9lectronique ou nom d'utilisateur *<br \/>\n<span class=\"wpcf7-form-control-wrap\" data-name=\"email\"><input size=\"40\" maxlength=\"400\" class=\"wpcf7-form-control wpcf7-email wpcf7-validates-as-required wpcf7-text wpcf7-validates-as-email\" aria-required=\"true\" aria-invalid=\"false\" value=\"\" type=\"email\" name=\"email\" \/><\/span> <\/label>\n\t\t\t<\/p>\n\t\t<\/div>\n\t\t<div class=\"col-md-6\">\n\t\t\t<p><label>Date de naissance *<br \/>\n<span class=\"wpcf7-form-control-wrap\" data-name=\"usr_birthdate\"><input class=\"wpcf7-form-control wpcf7-date wpcf7-validates-as-required wpcf7-validates-as-date\" aria-required=\"true\" aria-invalid=\"false\" placeholder=\"dd.mm.YYYY\" value=\"\" type=\"date\" name=\"usr_birthdate\" \/><\/span> <\/label>\n\t\t\t<\/p>\n\t\t<\/div>\n\t<\/div>\n\t<div class=\"row\">\n\t\t<div class=\"col-md-6\">\n\t\t\t<p><label>Nationalit\u00e9 *<br \/>\n<span class=\"wpcf7-form-control-wrap\" data-name=\"usr_citizenship\"><input size=\"40\" maxlength=\"400\" class=\"wpcf7-form-control wpcf7-text wpcf7-validates-as-required\" aria-required=\"true\" aria-invalid=\"false\" value=\"\" type=\"text\" name=\"usr_citizenship\" \/><\/span><\/label>\n\t\t\t<\/p>\n\t\t<\/div>\n\t\t<div class=\"col-md-6\">\n\t\t\t<p><label>Branche *<br \/>\n<span class=\"wpcf7-form-control-wrap usr_sector\"><select name=\"usr_sector\" class=\"wpcf7-form-control wpcf7-select wpcf7-validates-as-required\" aria-required=\"true\" aria-invalid=\"false\"><option value=\"\">veuillez s\u00e9lectionner la branche<\/option><option value=\"Geologische B\u00fcro\">Bureau g\u00e9ologique<\/option><option value=\"Geologe in fachnaher Industrie\">G\u00e9ologue dans le secteur industriel<\/option><option value=\"Geologe in nicht-geologischen Instituten\">G\u00e9ologue dans des \u00e9tablissements non g\u00e9ologiques<\/option><option value=\"Universit\u00e4t\/Hochschule\">Universit\u00e9 \/ haute \u00e9cole<\/option><option value=\"Verwaltung\">Administration<\/option><option value=\"pensioniert\">\u00e0 la retraite<\/option><option value=\"arbeitslos\">sans emploi<\/option><\/select><\/span><\/label>\n\t\t\t<\/p>\n\t\t<\/div>\n\t<\/div>\n\t<div class=\"row\">\n\t\t<div class=\"col-md-4\">\n\t\t\t<p><label>Correspondance *<br \/>\n<span class=\"wpcf7-form-control-wrap usr_correspondence\"><span class=\"wpcf7-form-control wpcf7-radio\"><span class=\"wpcf7-list-item first\"><input type=\"radio\" name=\"usr_correspondence\" value=\"Deutsch\" checked=\"checked\" \/><span class=\"wpcf7-list-item-label\">Allemand<\/span><\/span><span class=\"wpcf7-list-item last\"><input type=\"radio\" name=\"usr_correspondence\" value=\"Franz\u00f6sisch\" \/><span class=\"wpcf7-list-item-label\">Fran\u00e7ais<\/span><\/span><\/span><\/span><\/label>\n\t\t\t<\/p>\n\t\t<\/div>\n\t\t<div class=\"col-md-4\">\n\t\t\t<p><label>Envoi postal *<br \/>\n<span class=\"wpcf7-form-control-wrap usr_sendpostalmailto\"><span class=\"wpcf7-form-control wpcf7-radio\"><span class=\"wpcf7-list-item first\"><input type=\"radio\" name=\"usr_sendpostalmailto\" value=\"Privatadresse\" checked=\"checked\" \/><span class=\"wpcf7-list-item-label\">Adresse priv\u00e9e<\/span><\/span><span class=\"wpcf7-list-item last\"><input type=\"radio\" name=\"usr_sendpostalmailto\" value=\"Gesch\u00e4ftsadresse\" \/><span class=\"wpcf7-list-item-label\">Adresse professionnelle<\/span><\/span><\/span><\/span><\/label>\n\t\t\t<\/p>\n\t\t<\/div>\n\t\t<div class=\"col-md-4\">\n\t\t\t<p><label>Envoi de courrier \u00e9lectronique *<br \/>\n<span class=\"wpcf7-form-control-wrap usr_sendemailto\"><span class=\"wpcf7-form-control wpcf7-radio\"><span class=\"wpcf7-list-item first\"><input type=\"radio\" name=\"usr_sendemailto\" value=\"Privatadresse\" checked=\"checked\" \/><span class=\"wpcf7-list-item-label\">Adresse priv\u00e9e<\/span><\/span><span class=\"wpcf7-list-item last\"><input type=\"radio\" name=\"usr_sendemailto\" value=\"Gesch\u00e4ftsadresse\" \/><span class=\"wpcf7-list-item-label\">Adresse professionnelle<\/span><\/span><\/span><\/span><\/label>\n\t\t\t<\/p>\n\t\t<\/div>\n\t<\/div>\n\t<h3>Adresse priv\u00e9e\n\t<\/h3>\n<hr \/>\n\t<div class=\"row\">\n\t\t<div class=\"col-md-12\">\n\t\t\t<p><label>Rue, Num\u00e9ro<br \/>\n<span class=\"wpcf7-form-control-wrap\" data-name=\"usr_private_streetnr\"><input size=\"40\" maxlength=\"400\" class=\"wpcf7-form-control wpcf7-text\" aria-invalid=\"false\" value=\"\" type=\"text\" name=\"usr_private_streetnr\" \/><\/span><\/label>\n\t\t\t<\/p>\n\t\t<\/div>\n\t<\/div>\n\t<div class=\"row\">\n\t\t<div class=\"col-md-6\">\n\t\t\t<p><label>NPA<br \/>\n<span class=\"wpcf7-form-control-wrap\" data-name=\"usr_private_postalcode\"><input size=\"40\" maxlength=\"400\" class=\"wpcf7-form-control wpcf7-text\" aria-invalid=\"false\" value=\"\" type=\"text\" name=\"usr_private_postalcode\" \/><\/span><\/label>\n\t\t\t<\/p>\n\t\t<\/div>\n\t\t<div class=\"col-md-6\">\n\t\t\t<p><label>Lieu<br \/>\n<span class=\"wpcf7-form-control-wrap\" data-name=\"usr_private_location\"><input size=\"40\" maxlength=\"400\" class=\"wpcf7-form-control wpcf7-text\" aria-invalid=\"false\" value=\"\" type=\"text\" name=\"usr_private_location\" \/><\/span><\/label>\n\t\t\t<\/p>\n\t\t<\/div>\n\t<\/div>\n\t<div class=\"row\">\n\t\t<div class=\"col-md-6\">\n\t\t\t<p><label>Pays<br \/>\n<span class=\"wpcf7-form-control-wrap\" data-name=\"usr_private_country\"><input size=\"40\" maxlength=\"400\" class=\"wpcf7-form-control wpcf7-text\" aria-invalid=\"false\" value=\"\" type=\"text\" name=\"usr_private_country\" \/><\/span><\/label>\n\t\t\t<\/p>\n\t\t<\/div>\n\t\t<div class=\"col-md-6\">\n\t\t\t<p><label>Num\u00e9ro de t\u00e9l\u00e9phone<br \/>\n<span class=\"wpcf7-form-control-wrap\" data-name=\"usr_private_phone\"><input size=\"40\" maxlength=\"400\" class=\"wpcf7-form-control wpcf7-tel wpcf7-text wpcf7-validates-as-tel\" aria-invalid=\"false\" value=\"\" type=\"tel\" name=\"usr_private_phone\" \/><\/span><\/label>\n\t\t\t<\/p>\n\t\t<\/div>\n\t<\/div>\n\t<div class=\"row\">\n\t\t<div class=\"col-md-6\">\n\t\t\t<p><label>Courrier \u00e9lectronique<br \/>\n<span class=\"wpcf7-form-control-wrap\" data-name=\"usr_private_email\"><input size=\"40\" maxlength=\"400\" class=\"wpcf7-form-control wpcf7-email wpcf7-text wpcf7-validates-as-email\" aria-invalid=\"false\" value=\"\" type=\"email\" name=\"usr_private_email\" \/><\/span><\/label>\n\t\t\t<\/p>\n\t\t<\/div>\n\t\t<div class=\"col-md-6\">\n\t\t\t<p><label>Site web priv\u00e9<br \/>\n<span class=\"wpcf7-form-control-wrap\" data-name=\"usr_private_url\"><input size=\"40\" maxlength=\"400\" class=\"wpcf7-form-control wpcf7-text\" aria-invalid=\"false\" value=\"\" type=\"text\" name=\"usr_private_url\" \/><\/span><\/label>\n\t\t\t<\/p>\n\t\t<\/div>\n\t<\/div>\n\t<h3>Adresse professionnelle\n\t<\/h3>\n<hr \/>\n\t<div class=\"row\">\n\t\t<div class=\"col-md-6\">\n\t\t\t<p><label>Nom de l'entreprise<br \/>\n<span class=\"wpcf7-form-control-wrap\" data-name=\"usr_company\"><input size=\"40\" maxlength=\"400\" class=\"wpcf7-form-control wpcf7-text\" aria-invalid=\"false\" value=\"\" type=\"text\" name=\"usr_company\" \/><\/span><\/label>\n\t\t\t<\/p>\n\t\t<\/div>\n\t\t<div class=\"col-md-6\">\n\t\t\t<p><label>Nom de l'entreprise 2\u00e8me ligne<br \/>\n<span class=\"wpcf7-form-control-wrap\" data-name=\"usr_company_2\"><input size=\"40\" maxlength=\"400\" class=\"wpcf7-form-control wpcf7-text\" aria-invalid=\"false\" value=\"\" type=\"text\" name=\"usr_company_2\" \/><\/span><\/label>\n\t\t\t<\/p>\n\t\t<\/div>\n\t<\/div>\n\t<div class=\"row\">\n\t\t<div class=\"col-md-12\">\n\t\t\t<p><label>Rue, Num\u00e9ro<br \/>\n<span class=\"wpcf7-form-control-wrap\" data-name=\"usr_company_streetnr\"><input size=\"40\" maxlength=\"400\" class=\"wpcf7-form-control wpcf7-text\" aria-invalid=\"false\" value=\"\" type=\"text\" name=\"usr_company_streetnr\" \/><\/span><\/label>\n\t\t\t<\/p>\n\t\t<\/div>\n\t<\/div>\n\t<div class=\"row\">\n\t\t<div class=\"col-md-6\">\n\t\t\t<p><label>NPA<br \/>\n<span class=\"wpcf7-form-control-wrap\" data-name=\"usr_company_postalcode\"><input size=\"40\" maxlength=\"400\" class=\"wpcf7-form-control wpcf7-text\" aria-invalid=\"false\" value=\"\" type=\"text\" name=\"usr_company_postalcode\" \/><\/span><\/label>\n\t\t\t<\/p>\n\t\t<\/div>\n\t\t<div class=\"col-md-6\">\n\t\t\t<p><label>Lieu<br \/>\n<span class=\"wpcf7-form-control-wrap\" data-name=\"usr_company_location\"><input size=\"40\" maxlength=\"400\" class=\"wpcf7-form-control wpcf7-text\" aria-invalid=\"false\" value=\"\" type=\"text\" name=\"usr_company_location\" \/><\/span><\/label>\n\t\t\t<\/p>\n\t\t<\/div>\n\t<\/div>\n\t<div class=\"row\">\n\t\t<div class=\"col-md-6\">\n\t\t\t<p><label>Pays<br \/>\n<span class=\"wpcf7-form-control-wrap\" data-name=\"usr_company_country\"><input size=\"40\" maxlength=\"400\" class=\"wpcf7-form-control wpcf7-text\" aria-invalid=\"false\" value=\"\" type=\"text\" name=\"usr_company_country\" \/><\/span><\/label>\n\t\t\t<\/p>\n\t\t<\/div>\n\t\t<div class=\"col-md-6\">\n\t\t\t<p><label>Num\u00e9ro de t\u00e9l\u00e9phone<br \/>\n<span class=\"wpcf7-form-control-wrap\" data-name=\"usr_company_phone\"><input size=\"40\" maxlength=\"400\" class=\"wpcf7-form-control wpcf7-tel wpcf7-text wpcf7-validates-as-tel\" aria-invalid=\"false\" value=\"\" type=\"tel\" name=\"usr_company_phone\" \/><\/span><\/label>\n\t\t\t<\/p>\n\t\t<\/div>\n\t<\/div>\n\t<div class=\"row\">\n\t\t<div class=\"col-md-6\">\n\t\t\t<p><label>Courrier \u00e9lectronique<br \/>\n<span class=\"wpcf7-form-control-wrap\" data-name=\"usr_company_email\"><input size=\"40\" maxlength=\"400\" class=\"wpcf7-form-control wpcf7-email wpcf7-text wpcf7-validates-as-email\" aria-invalid=\"false\" value=\"\" type=\"email\" name=\"usr_company_email\" \/><\/span><\/label>\n\t\t\t<\/p>\n\t\t<\/div>\n\t\t<div class=\"col-md-6\">\n\t\t\t<p><label>Site web de l\u2019entreprise<br \/>\n<span class=\"wpcf7-form-control-wrap\" data-name=\"usr_company_url\"><input size=\"40\" maxlength=\"400\" class=\"wpcf7-form-control wpcf7-text\" aria-invalid=\"false\" value=\"\" type=\"text\" name=\"usr_company_url\" \/><\/span><\/label>\n\t\t\t<\/p>\n\t\t<\/div>\n\t<\/div>\n\t<h3>Formation\n\t<\/h3>\n<hr \/>\n\t<div class=\"row\">\n\t\t<div class=\"col-md-6\">\n\t\t\t<p><label>Ann\u00e9e d\u2019obtention du Master *<br \/>\n<span class=\"wpcf7-form-control-wrap\" data-name=\"usr_masteryear\"><input size=\"40\" maxlength=\"400\" class=\"wpcf7-form-control wpcf7-text wpcf7-validates-as-required\" aria-required=\"true\" aria-invalid=\"false\" value=\"\" type=\"text\" name=\"usr_masteryear\" \/><\/span> <span class=\"subtext\">\u00c9tudiants : ann\u00e9e pr\u00e9vue<\/span><\/label>\n\t\t\t<\/p>\n\t\t<\/div>\n\t\t<div class=\"col-md-6\">\n\t\t\t<p><label>Haute \u00e9cole de l\u2019obtention du Master *<br \/>\n<span class=\"wpcf7-form-control-wrap\" data-name=\"usr_masteruniversity\"><input size=\"40\" maxlength=\"400\" class=\"wpcf7-form-control wpcf7-text wpcf7-validates-as-required\" aria-required=\"true\" aria-invalid=\"false\" value=\"\" type=\"text\" name=\"usr_masteruniversity\" \/><\/span><\/label>\n\t\t\t<\/p>\n\t\t<\/div>\n\t<\/div>\n\t<div class=\"row\">\n\t\t<div class=\"col-md-6\">\n\t\t\t<p><label>Sujet principal du Master *<br \/>\n<span class=\"wpcf7-form-control-wrap\" data-name=\"usr_mastermajor\"><input size=\"40\" maxlength=\"400\" class=\"wpcf7-form-control wpcf7-text wpcf7-validates-as-required\" aria-required=\"true\" aria-invalid=\"false\" value=\"\" type=\"text\" name=\"usr_mastermajor\" \/><\/span><\/label>\n\t\t\t<\/p>\n\t\t<\/div>\n\t<\/div>\n\t<h3>Divers\n\t<\/h3>\n<hr \/>\n\t<div class=\"row\">\n\t\t<div class=\"col-md-12\">\n\t\t\t<p><label>Adh\u00e9sions<\/label><br \/>\n<span class=\"wpcf7-form-control-wrap usr_memberships\"><span class=\"wpcf7-form-control wpcf7-checkbox\"><span class=\"wpcf7-list-item first\"><input type=\"checkbox\" name=\"usr_memberships[]\" value=\"SFIG\" \/><span class=\"wpcf7-list-item-label\">Groupement Suisse de la G\u00e9ologie et de l\u2019Ing\u00e9nieur (GSGI)<\/span><\/span><span class=\"wpcf7-list-item\"><input type=\"checkbox\" name=\"usr_memberships[]\" value=\"SGH\" \/><span class=\"wpcf7-list-item-label\">Soci\u00e9t\u00e9 suisse d'hydrog\u00e9ologie (SSH)<\/span><\/span><span class=\"wpcf7-list-item\"><input type=\"checkbox\" name=\"usr_memberships[]\" value=\"SGG\" \/><span class=\"wpcf7-list-item-label\">Soci\u00e9t\u00e9 g\u00e9ologique suisse (SGS)<\/span><\/span><span class=\"wpcf7-list-item\"><input type=\"checkbox\" name=\"usr_memberships[]\" value=\"SMPG\" \/><span class=\"wpcf7-list-item-label\">Bulletin suisse de min\u00e9ralogie et p\u00e9trographie (BSMP)<\/span><\/span><span class=\"wpcf7-list-item\"><input type=\"checkbox\" name=\"usr_memberships[]\" value=\"SVG\" \/><span class=\"wpcf7-list-item-label\">Soci\u00e9t\u00e9 suisse pour la g\u00e9othermie (SSG)<\/span><\/span><span class=\"wpcf7-list-item\"><input type=\"checkbox\" name=\"usr_memberships[]\" value=\"SPG\" \/><span class=\"wpcf7-list-item-label\">Soci\u00e9t\u00e9 pal\u00e9ontologique suisse (SPS)<\/span><\/span><span class=\"wpcf7-list-item\"><input type=\"checkbox\" name=\"usr_memberships[]\" value=\"SASEG\" \/><span class=\"wpcf7-list-item-label\">Association suisse des g\u00e9oscientifiques de l\u2019\u00e9nergie (SASEG)<\/span><\/span><span class=\"wpcf7-list-item\"><input type=\"checkbox\" name=\"usr_memberships[]\" value=\"SASTE\" \/><span class=\"wpcf7-list-item-label\">Schweizerische Arbeitsgemeinschaft f\u00fcr Steine und Erden (SASTE)<\/span><\/span><span class=\"wpcf7-list-item\"><input type=\"checkbox\" name=\"usr_memberships[]\" value=\"SIA\" \/><span class=\"wpcf7-list-item-label\">Soci\u00e9t\u00e9 suisse des ing\u00e9nieurs et des architectes (SIA)<\/span><\/span><span class=\"wpcf7-list-item last\"><input type=\"checkbox\" name=\"usr_memberships[]\" value=\"Andere\" \/><span class=\"wpcf7-list-item-label\">Autres (veuillez pr\u00e9ciser dans les remarques)<\/span><\/span><\/span><\/span>\n\t\t\t<\/p>\n\t\t<\/div>\n\t<\/div>\n\t<div class=\"row\">\n\t\t<div class=\"col-md-6\">\n\t\t\t<p><label>Consentement<br \/>\n<span class=\"wpcf7-form-control-wrap usr_dataapproval\"><span class=\"wpcf7-form-control wpcf7-checkbox\"><span class=\"wpcf7-list-item first last\"><input type=\"checkbox\" name=\"usr_dataapproval[]\" value=\"Freigabe im Mitglieder-Verzeichnis auf der Homepage\" \/><span class=\"wpcf7-list-item-label\">Consentement dans le r\u00e9pertoire des membres sur la page d'accueil<\/span><\/span><\/span><\/span><\/label>\n\t\t\t<\/p>\n\t\t<\/div>\n\t\t<div class=\"col-md-6\">\n\t\t\t<p><label>Enregistrement du Job-alarm<br \/>\n<span class=\"wpcf7-form-control-wrap usr_ameldungjobalarm\"><span class=\"wpcf7-form-control wpcf7-checkbox\"><span class=\"wpcf7-list-item first last\"><input type=\"checkbox\" name=\"usr_ameldungjobalarm[]\" value=\"emailbenachrichtigung\" \/><span class=\"wpcf7-list-item-label\">Notification par courrier \u00e9lectronique des nouvelles offres d'emploi, peut \u00eatre d\u00e9sactiv\u00e9e via la gestion du profil<\/span><\/span><\/span><\/span><\/label>\n\t\t\t<\/p>\n\t\t\t<p><label><input type=\"checkbox\" name=\"usr_newsletter[]\" checked value=\"Newsletter\" class=\"wpcf7-form-control wpcf7-hidden\" \/><\/label>\n\t\t\t<\/p>\n\t\t<\/div>\n\t<\/div>\n\t<div class=\"row\">\n\t\t<div class=\"col-md-12\">\n\t\t\t<p><label>Freigabe Karte<br \/>\n<span class=\"wpcf7-form-control-wrap\" data-name=\"usr_approvalmap\"><span class=\"wpcf7-form-control wpcf7-checkbox\"><span class=\"wpcf7-list-item first last\"><input type=\"checkbox\" name=\"usr_approvalmap[]\" value=\"Anzeige auf der Karte im Mitglieder-Verzeichnis\" \/><span class=\"wpcf7-list-item-label\">Anzeige auf der Karte im Mitglieder-Verzeichnis<\/span><\/span><\/span><\/span><\/label>\n\t\t\t<\/p>\n\t\t<\/div>\n\t<\/div>\n\t<div class=\"row\">\n\t\t<div class=\"col-md-12\">\n\t\t\t<p><label>Commentaire<br \/>\n<span class=\"wpcf7-form-control-wrap\" data-name=\"usr_remark\"><textarea cols=\"40\" rows=\"10\" maxlength=\"2000\" class=\"wpcf7-form-control wpcf7-textarea\" aria-invalid=\"false\" name=\"usr_remark\"><\/textarea><\/span><\/label>\n\t\t\t<\/p>\n\t\t<\/div>\n\t<\/div>\n\t<div class=\"row\">\n\t\t<div class=\"col-md-12\">\n\t\t\t<div class=\"sqs-block button-block sqs-block-button\" data-block-type=\"53\" id=\"block-yui_3_17_2_1_1554367339421_28582\">\n\t\t\t\t<div class=\"sqs-block-content\" id=\"yui_3_17_2_1_1564570384112_68\">\n\t\t\t\t\t<div class=\"sqs-block-button-container--left\" data-alignment=\"left\" data-button-size=\"small\" id=\"yui_3_17_2_1_1564570384112_67\">\n\t\t\t\t\t\t<p><label>Upload Diplom Hochschulabschluss, Urkunde PhD, Studentenausweis, etc.<\/label><br \/>\n<span class=\"wpcf7-form-control-wrap\" data-name=\"upload_file\"><input size=\"40\" class=\"wpcf7-form-control wpcf7-drag-n-drop-file d-none\" aria-required=\"true\" aria-invalid=\"false\" type=\"file\" multiple=\"multiple\" data-name=\"upload_file\" data-type=\"jpg|png|gif|pdf|doc|docx|zip\" data-limit=\"5242880\" data-id=\"12646\" data-version=\"free version 1.3.9.6\" accept=\".jpg, .png, .gif, .pdf, .doc, .docx, .zip\" \/><\/span>\n\t\t\t\t\t\t<\/p>\n\t\t\t\t\t<\/div>\n\t\t\t\t<\/div>\n\t\t\t<\/div>\n\t\t\t<div class=\"row\">\n\t\t\t\t<div class=\"col-md-12\">\n\t\t\t\t\t<div class=\"sqs-block html-block sqs-block-html\" data-block-type=\"2\" id=\"block-5f08fc41051b0378a4ed\">\n\t\t\t\t\t\t<div class=\"sqs-block-content\">\n\t\t\t\t\t\t\t<p style=\"font-size:12px\">En envoyant le formulaire d'inscription, vous acceptez l'enregistrement et l'utilisation de vos donn\u00e9es pour l'administration des membres par l\u2019Association suisse des g\u00e9ologues CHGEOL. En vous inscrivant, vous vous inscrivez \u00e9galement au bulletin d'information de CHGEOL. Si vous le souhaitez, vous pouvez vous d\u00e9sabonner du bulletin d'information via la gestion du profil sur la page d'accueil.\n\t\t\t\t\t\t\t<\/p>\n\t\t\t\t\t\t<\/div>\n\t\t\t\t\t<\/div>\n\t\t\t\t<\/div>\n\t\t\t<\/div>\n\t\t\t<p><span id=\"wpcf7-69e1b97e8d016-wrapper\" class=\"wpcf7-form-control-wrap honeypot-471-wrap\" ><input type=\"hidden\" name=\"honeypot-471-time-start\" value=\"1776400766\"><input type=\"hidden\" name=\"honeypot-471-time-check\" value=\"10\"><label for=\"wpcf7-69e1b97e8d016-field\" class=\"hp-message\">Veuillez laisser ce champ vide.<\/label><input id=\"wpcf7-69e1b97e8d016-field\"  class=\"wpcf7-form-control wpcf7-text\" type=\"text\" name=\"honeypot-471\" value=\"\" size=\"40\" tabindex=\"-1\" autocomplete=\"new-password\" \/><\/span>\n\t\t\t<\/p>\n\t\t\t<div class=\"row\">\n\t\t\t\t<div class=\"col-md-12\">\n\t\t\t\t\t<p><input class=\"wpcf7-form-control wpcf7-submit has-spinner btnBorder\" type=\"submit\" value=\"ENVOYER\" \/>\n\t\t\t\t\t<\/p>\n\t\t\t\t<\/div>\n\t\t\t<\/div>\n\t\t<\/div>\n\t<\/div>\n<\/div><div class=\"wpcf7-response-output\" aria-hidden=\"true\"><\/div>\n<\/form>\n<\/div>\n\n<\/div>\n<\/div><\/div><\/div><\/div><\/div><\/div>","protected":false},"excerpt":{"rendered":"<p>Demande d&rsquo;adh\u00e9sion CHGEOL Vous trouverez ici des informations sur les cat\u00e9gories de membres ainsi que sur les conditions, les prestations et les co\u00fbts de l&rsquo;adh\u00e9sion. Les membres bureaux sont des entreprises qui ont employ\u00e9 des scientifiques de la Terre pour &hellip; <a href=\"https:\/\/chgeol.org\/fr\/anmeldung-mitgliedschaft\/\">Continuer la lecture <span class=\"meta-nav\">&rarr;<\/span><\/a><\/p>\n","protected":false},"author":977,"featured_media":0,"parent":0,"menu_order":0,"comment_status":"closed","ping_status":"closed","template":"","meta":{"_acf_changed":false,"inline_featured_image":false,"footnotes":""},"class_list":["post-9681","page","type-page","status-publish","hentry"],"acf":[],"_links":{"self":[{"href":"https:\/\/chgeol.org\/fr\/wp-json\/wp\/v2\/pages\/9681","targetHints":{"allow":["GET"]}}],"collection":[{"href":"https:\/\/chgeol.org\/fr\/wp-json\/wp\/v2\/pages"}],"about":[{"href":"https:\/\/chgeol.org\/fr\/wp-json\/wp\/v2\/types\/page"}],"author":[{"embeddable":true,"href":"https:\/\/chgeol.org\/fr\/wp-json\/wp\/v2\/users\/977"}],"replies":[{"embeddable":true,"href":"https:\/\/chgeol.org\/fr\/wp-json\/wp\/v2\/comments?post=9681"}],"version-history":[{"count":7,"href":"https:\/\/chgeol.org\/fr\/wp-json\/wp\/v2\/pages\/9681\/revisions"}],"predecessor-version":[{"id":12647,"href":"https:\/\/chgeol.org\/fr\/wp-json\/wp\/v2\/pages\/9681\/revisions\/12647"}],"wp:attachment":[{"href":"https:\/\/chgeol.org\/fr\/wp-json\/wp\/v2\/media?parent=9681"}],"curies":[{"name":"wp","href":"https:\/\/api.w.org\/{rel}","templated":true}]}}