{"id":9684,"date":"2019-07-26T15:27:50","date_gmt":"2019-07-26T15:27:50","guid":{"rendered":"http:\/\/chegol.cadic.vn\/anmeldung-newsletter\/"},"modified":"2022-10-14T11:11:39","modified_gmt":"2022-10-14T09:11:39","slug":"newsletter","status":"publish","type":"page","link":"https:\/\/chgeol.org\/fr\/newsletter\/","title":{"rendered":"Newsletter"},"content":{"rendered":"<div id=\"pl-9684\"  class=\"panel-layout\" ><div id=\"pg-9684-0\"  class=\"panel-grid panel-has-style\" ><div class=\"slideTop siteorigin-panels-stretch panel-row-style panel-row-style-for-9684-0\" id=\"section1\" data-stretch-type=\"full-stretched\" ><div id=\"pgc-9684-0-0\"  class=\"panel-grid-cell\" ><div id=\"panel-9684-0-0-0\" class=\"so-panel widget widget_sow-editor panel-first-child panel-last-child\" data-index=\"0\" ><div class=\"panel-widget-style panel-widget-style-for-9684-0-0-0\" ><div\n\t\t\t\n\t\t\tclass=\"so-widget-sow-editor so-widget-sow-editor-base\"\n\t\t\t\n\t\t><h3 class=\"widget-title\">Restez inform\u00e9<\/h3>\n<div class=\"siteorigin-widget-tinymce textwidget\">\n\t<div class=\"siteorigin-widget-tinymce textwidget\">\n<section data-target=\"section1\" data-section-menu=\"Willkommen\"><\/section>\n<div class=\"siteorigin-widget-tinymce textwidget\">Devenez membre<\/div>\n<div class=\"siteorigin-widget-tinymce textwidget\"><a class=\"downarrow\" href=\"#section2\"><span class=\"img_arrow\">Arrow<\/span><\/a><\/div>\n<\/div>\n<\/div>\n<\/div><\/div><\/div><\/div><\/div><\/div><div id=\"pg-9684-1\"  class=\"panel-grid panel-has-style\" ><div class=\"panel-row-style panel-row-style-for-9684-1\" ><div id=\"pgc-9684-1-0\"  class=\"panel-grid-cell\" ><div id=\"panel-9684-1-0-0\" class=\"so-panel widget widget_sow-editor panel-first-child panel-last-child\" data-index=\"1\" ><div class=\"servicesSection  panel-widget-style panel-widget-style-for-9684-1-0-0\" ><div\n\t\t\t\n\t\t\tclass=\"so-widget-sow-editor so-widget-sow-editor-base\"\n\t\t\t\n\t\t>\n<div class=\"siteorigin-widget-tinymce textwidget\">\n\t<h1 class=\"sectionTitle02 titleMB90 titleMT30\">Newsletter pour les membres<\/h1>\n<p>&nbsp;<\/p>\n<div class=\"siteorigin-widget-tinymce textwidget\">\n<p>En tant que membre de CH<strong>GEOL<\/strong>, vous recevrez notre newsletter bimestrielle avec des informations sur les activit\u00e9s de notre association, des nouvelles du conseil d'administration, des contributions sur des sujets d'actualit\u00e9 et des offres de formation continue.<\/p>\n<p>&nbsp;<\/p>\n<p>Vous pouvez faire une <a href=\"https:\/\/chgeol.org\/fr\/anmeldung-mitgliedschaft\/\">demande d'adh\u00e9sion ici<\/a>.<\/p>\n<p>&nbsp;<\/p>\n<p>Si vous \u00eates d\u00e9j\u00e0 membre de CH<strong>GEOL<\/strong>, vous pouvez vous abonner ou vous d\u00e9sabonner \u00e0 la newsletter dans votre profil de membre.<\/p>\n<\/div>\n<\/div>\n<\/div><\/div><\/div><\/div><\/div><\/div><\/div>","protected":false},"excerpt":{"rendered":"<p>Devenez membre Arrow Newsletter pour les membres&nbsp;En tant que membre de CHGEOL, vous recevrez notre newsletter bimestrielle avec des informations sur les activit\u00e9s de notre association, des nouvelles du conseil d&rsquo;administration, des contributions sur des sujets d&rsquo;actualit\u00e9 et des offres &hellip; <a href=\"https:\/\/chgeol.org\/fr\/newsletter\/\">Continuer la lecture <span class=\"meta-nav\">&rarr;<\/span><\/a><\/p>\n","protected":false},"author":977,"featured_media":0,"parent":0,"menu_order":0,"comment_status":"closed","ping_status":"closed","template":"","meta":{"_acf_changed":false,"inline_featured_image":false,"footnotes":""},"class_list":["post-9684","page","type-page","status-publish","hentry"],"acf":[],"_links":{"self":[{"href":"https:\/\/chgeol.org\/fr\/wp-json\/wp\/v2\/pages\/9684","targetHints":{"allow":["GET"]}}],"collection":[{"href":"https:\/\/chgeol.org\/fr\/wp-json\/wp\/v2\/pages"}],"about":[{"href":"https:\/\/chgeol.org\/fr\/wp-json\/wp\/v2\/types\/page"}],"author":[{"embeddable":true,"href":"https:\/\/chgeol.org\/fr\/wp-json\/wp\/v2\/users\/977"}],"replies":[{"embeddable":true,"href":"https:\/\/chgeol.org\/fr\/wp-json\/wp\/v2\/comments?post=9684"}],"version-history":[{"count":69,"href":"https:\/\/chgeol.org\/fr\/wp-json\/wp\/v2\/pages\/9684\/revisions"}],"predecessor-version":[{"id":27080,"href":"https:\/\/chgeol.org\/fr\/wp-json\/wp\/v2\/pages\/9684\/revisions\/27080"}],"wp:attachment":[{"href":"https:\/\/chgeol.org\/fr\/wp-json\/wp\/v2\/media?parent=9684"}],"curies":[{"name":"wp","href":"https:\/\/api.w.org\/{rel}","templated":true}]}}